{"id":591506,"date":"2025-03-04T23:22:51","date_gmt":"2025-03-04T22:22:51","guid":{"rendered":"https:\/\/shop.kustom.ch\/?post_type=product&#038;p=591506"},"modified":"2026-03-31T09:10:21","modified_gmt":"2026-03-31T08:10:21","slug":"damen-handwerker-arbeitshose-mit-stretch-2","status":"publish","type":"product","link":"https:\/\/shop.kustom.ch\/en\/product\/damen-handwerker-arbeitshose-mit-stretch-2\/","title":{"rendered":"Ladies craftsman work trousers with stretch"},"content":{"rendered":"<p>These craftsman work trousers in a women's cut are made of 100% cotton. They are robust, comfortable and full of practical details that will see you through your working day. Despite the robust material, the trousers are airy and supple. The 4-way stretch inserts on the back, yoke, shins and pocket openings make them particularly light and comfortable to wear. They also have knee pad pockets made of CORDURA\u00ae stretch for unbeatable comfort. Also available as men's model 1590.<\/p>\n<p>CLOSURE: Leg ends with reinforcement at the back. DETAILS: Detachable ID card pocket. Metal buttons. Knife holder with button. Inside leg seam with triple stitching. Plastic zip at the crotch. Two belt loops on the sides with a button for a hammer loop, one belt loop with D-ring at the front. Wide belt loop at the back. D-ring on the waistband. FUNCTIONALITY: Stretch insert at the crotch, knees, hips and calf. MAIN PROPERTIES: Garden worker. EN 14004. REFLEX: Reflective details on the leg. FABRIC: Ladies. black. Nail pockets. Craft. POCKETS: Leg pocket with bellows, pen pocket, flexible mobile phone pocket and two large pockets - one with zip and detachable ID card pocket. Back pockets with bellows. Knee pad pockets. Nail pockets - with tool holders and extra pockets with zip. Inset pocket with stretch insert. Reinforced folding rule pocket with knife holder and pen pocket. WASHING INSTRUCTIONS: 40\u00b0 C. REINFORCEMENT: CORDURA\u00ae1000-reinforced nail pockets, back pockets, ruler pocket and leg hem. CERTIFICATION: EN 14404:2004+A1:2010 together with knee pads 4027, 4057, 4058 and 4032<\/p>\n<p>100% Cotton, twill, 370 g\/m\u00b2<\/p>","protected":false},"excerpt":{"rendered":"<p>Diese Handwerker Arbeitshose im Damenschnitt besteht zu 100% aus Baumwolle. Sie ist robust, bequem und voller praktischer Details, die Sie durch Ihren Arbeitstag begleiten. Trotz des robusten Materials ist die Hose luftig und geschmeidig. F\u00fcr ein besonders leichtes und angenehmes Tragegef\u00fchl sorgen die 4-Wege-Stretch-Eins\u00e4tze am R\u00fccken, an der Passe, an den Schienbeinen und an den [&hellip;]<\/p>\n","protected":false},"featured_media":591532,"template":"","meta":[],"product_brand":[],"product_cat":[4185],"product_tag":[],"class_list":{"0":"post-591506","1":"product","2":"type-product","3":"status-publish","4":"has-post-thumbnail","6":"product_cat-hosen","7":"pa_brand-blaklaeder","8":"pa_brand-type-workwear","9":"pa_filter-color-schwarz","11":"first","12":"instock","13":"sale","14":"taxable","15":"shipping-taxable","16":"purchasable","17":"product-type-variable","18":"add-to-wishlist-before_image"},"exclude_global_add_ons":[],"addons":[],"acf":[],"_links":{"self":[{"href":"https:\/\/shop.kustom.ch\/en\/wp-json\/wp\/v2\/product\/591506"}],"collection":[{"href":"https:\/\/shop.kustom.ch\/en\/wp-json\/wp\/v2\/product"}],"about":[{"href":"https:\/\/shop.kustom.ch\/en\/wp-json\/wp\/v2\/types\/product"}],"wp:featuredmedia":[{"embeddable":true,"href":"https:\/\/shop.kustom.ch\/en\/wp-json\/wp\/v2\/media\/591532"}],"wp:attachment":[{"href":"https:\/\/shop.kustom.ch\/en\/wp-json\/wp\/v2\/media?parent=591506"}],"wp:term":[{"taxonomy":"product_brand","embeddable":true,"href":"https:\/\/shop.kustom.ch\/en\/wp-json\/wp\/v2\/product_brand?post=591506"},{"taxonomy":"product_cat","embeddable":true,"href":"https:\/\/shop.kustom.ch\/en\/wp-json\/wp\/v2\/product_cat?post=591506"},{"taxonomy":"product_tag","embeddable":true,"href":"https:\/\/shop.kustom.ch\/en\/wp-json\/wp\/v2\/product_tag?post=591506"}],"curies":[{"name":"wp","href":"https:\/\/api.w.org\/{rel}","templated":true}]}}