{"id":591468,"date":"2025-03-04T23:22:18","date_gmt":"2025-03-04T22:22:18","guid":{"rendered":"https:\/\/shop.kustom.ch\/?post_type=product&#038;p=591468"},"modified":"2026-03-31T09:10:15","modified_gmt":"2026-03-31T08:10:15","slug":"damen-service-piratenhose-mit-stretch","status":"publish","type":"product","link":"https:\/\/shop.kustom.ch\/en\/product\/damen-service-piratenhose-mit-stretch\/","title":{"rendered":"Ladies service pirate trousers with stretch"},"content":{"rendered":"<p>Modern pirate trousers with a women's fit made from a lightweight but durable material with a quick-drying fabric, making them perfect for indoor work or outdoor weather. The pirate trousers have a good fit and stretch in selected areas for optimum freedom of movement. They have a pen and knife pocket adapted for right and left-handers and leg pockets with inner mesh pockets for a mobile phone.<\/p>\n<p>DETAILS: Plastic zip at the crotch. Elasticated waist. FUNCTIONALITY: Stretch inserts in the crotch, knees and seat. women's size. MAIN PROPERTIES: Warehouse worker. Ladies. FABRIC: black. Lightweight. Industry \/ Service. POCKETS: Leg pockets with bellows, zip, pen and knife pocket. Mobile phone pocket inside. Side pockets. Folding rule pocket inside. WASHING INSTRUCTIONS: Ironing - low<\/p>\n<p>65% polyester, 35% cotton, finely woven, 166g\/m\u00b2<\/p>","protected":false},"excerpt":{"rendered":"<p>Eine moderne Piratenhose mit Damenpassform aus leichtem, aber strapazierf\u00e4higen Material mit einem schnelltrocknenden Stoff, was sie perfekt f\u00fcr die Arbeit Innen oder das Wetter draussen macht. Die Piratenhose hat eine gute Passform und f\u00fcr optimale Bewegungsfreiheit ist sie an ausgew\u00e4hlten Stellen mit Stretch versehen. Sie verf\u00fcgt \u00fcber eine Stift- und Messertasche angepasst f\u00fcr Rechts- und [&hellip;]<\/p>\n","protected":false},"featured_media":591530,"template":"","meta":[],"product_brand":[],"product_cat":[4198],"product_tag":[],"class_list":{"0":"post-591468","1":"product","2":"type-product","3":"status-publish","4":"has-post-thumbnail","6":"product_cat-shorts","7":"pa_brand-blaklaeder","8":"pa_brand-type-workwear","9":"pa_filter-color-schwarz","11":"first","12":"instock","13":"sale","14":"taxable","15":"shipping-taxable","16":"purchasable","17":"product-type-variable","18":"add-to-wishlist-before_image"},"exclude_global_add_ons":[],"addons":[],"acf":[],"_links":{"self":[{"href":"https:\/\/shop.kustom.ch\/en\/wp-json\/wp\/v2\/product\/591468"}],"collection":[{"href":"https:\/\/shop.kustom.ch\/en\/wp-json\/wp\/v2\/product"}],"about":[{"href":"https:\/\/shop.kustom.ch\/en\/wp-json\/wp\/v2\/types\/product"}],"wp:featuredmedia":[{"embeddable":true,"href":"https:\/\/shop.kustom.ch\/en\/wp-json\/wp\/v2\/media\/591530"}],"wp:attachment":[{"href":"https:\/\/shop.kustom.ch\/en\/wp-json\/wp\/v2\/media?parent=591468"}],"wp:term":[{"taxonomy":"product_brand","embeddable":true,"href":"https:\/\/shop.kustom.ch\/en\/wp-json\/wp\/v2\/product_brand?post=591468"},{"taxonomy":"product_cat","embeddable":true,"href":"https:\/\/shop.kustom.ch\/en\/wp-json\/wp\/v2\/product_cat?post=591468"},{"taxonomy":"product_tag","embeddable":true,"href":"https:\/\/shop.kustom.ch\/en\/wp-json\/wp\/v2\/product_tag?post=591468"}],"curies":[{"name":"wp","href":"https:\/\/api.w.org\/{rel}","templated":true}]}}