{"id":591324,"date":"2025-03-04T23:20:56","date_gmt":"2025-03-04T22:20:56","guid":{"rendered":"https:\/\/shop.kustom.ch\/?post_type=product&#038;p=591324"},"modified":"2026-03-31T09:09:55","modified_gmt":"2026-03-31T08:09:55","slug":"damen-arbeitshose-2","status":"publish","type":"product","link":"https:\/\/shop.kustom.ch\/en\/product\/damen-arbeitshose-2\/","title":{"rendered":"Ladies work trousers"},"content":{"rendered":"<p>DETAILS: Plastic zip at the crotch. Loops. Elasticated waist. FUNCTIONALITY: Women's size. MAIN FEATURES: Driver. FABRIC: Ladies. blue. Industry \/ Service. POCKETS: Leg pockets, one with flap and sewn-on three-part pen pocket. Back pocket with press stud. Mobile phone pocket. WASHING INSTRUCTIONS: Do not bleach<\/p>\n<p>65% polyester, 35% cotton, twill, 240 g\/m\u00b2<\/p>","protected":false},"excerpt":{"rendered":"<p>DETAILS: Kunststoff-Reissverschluss im Schritt. Schlaufen. Gummizug an der Taille. FUNKTIONALIT\u00c4T: Damengr\u00f6sse. HAUPTEIGENSCHAFTEN: Fahrer. STOFF: Damen. blau. Industrie \/ Service. TASCHEN: Beintaschen, eine mit Patte und aufgen\u00e4hter dreiteiliger Stifttasche. Ges\u00e4sstasche mit Druckknopf. Handytasche. WASCHANLEITUNG: Nicht bleichen 65% Polyester, 35% Baumwolle, K\u00f6per, 240 g\/m\u00b2<\/p>","protected":false},"featured_media":591348,"template":"","meta":[],"product_brand":[],"product_cat":[4185],"product_tag":[],"class_list":{"0":"post-591324","1":"product","2":"type-product","3":"status-publish","4":"has-post-thumbnail","6":"product_cat-hosen","7":"pa_brand-blaklaeder","8":"pa_brand-type-workwear","9":"pa_filter-color-blau","10":"pa_filter-color-grau","11":"pa_filter-color-schwarz","13":"first","14":"instock","15":"sale","16":"taxable","17":"shipping-taxable","18":"purchasable","19":"product-type-variable","20":"add-to-wishlist-before_image"},"exclude_global_add_ons":[],"addons":[],"acf":[],"_links":{"self":[{"href":"https:\/\/shop.kustom.ch\/en\/wp-json\/wp\/v2\/product\/591324"}],"collection":[{"href":"https:\/\/shop.kustom.ch\/en\/wp-json\/wp\/v2\/product"}],"about":[{"href":"https:\/\/shop.kustom.ch\/en\/wp-json\/wp\/v2\/types\/product"}],"wp:featuredmedia":[{"embeddable":true,"href":"https:\/\/shop.kustom.ch\/en\/wp-json\/wp\/v2\/media\/591348"}],"wp:attachment":[{"href":"https:\/\/shop.kustom.ch\/en\/wp-json\/wp\/v2\/media?parent=591324"}],"wp:term":[{"taxonomy":"product_brand","embeddable":true,"href":"https:\/\/shop.kustom.ch\/en\/wp-json\/wp\/v2\/product_brand?post=591324"},{"taxonomy":"product_cat","embeddable":true,"href":"https:\/\/shop.kustom.ch\/en\/wp-json\/wp\/v2\/product_cat?post=591324"},{"taxonomy":"product_tag","embeddable":true,"href":"https:\/\/shop.kustom.ch\/en\/wp-json\/wp\/v2\/product_tag?post=591324"}],"curies":[{"name":"wp","href":"https:\/\/api.w.org\/{rel}","templated":true}]}}