{"id":591253,"date":"2025-03-04T23:19:39","date_gmt":"2025-03-04T22:19:39","guid":{"rendered":"https:\/\/shop.kustom.ch\/?post_type=product&#038;p=591253"},"modified":"2026-03-31T09:09:29","modified_gmt":"2026-03-31T08:09:29","slug":"damen-industrie-arbeitshose-stretch","status":"publish","type":"product","link":"https:\/\/shop.kustom.ch\/en\/product\/damen-industrie-arbeitshose-stretch\/","title":{"rendered":"Ladies industrial work trousers stretch"},"content":{"rendered":"<p>Industrial trousers with a women's cut. These industrial washable, scratch-free trousers with knee pad pockets are made from a cosy cotton canvas with two-way stretch and are elasticated at the waist to increase comfort. The trousers have reflective details so that you can be seen when needed. Also available as men's model 1466.<\/p>\n<p>DETAILS: D-ring. Concealed buttons. Inside leg seam with triple stitching. Metal zip at the crotch. Elasticated waist. FUNCTIONALITY: Scratch-free. Particularly ergonomically shaped trouser legs. MAIN PROPERTIES: Warehouse worker. EN 14004. REFLEX: Reflective details on the leg. FABRIC: Ladies. blue. Stretch. Stretch. POCKETS: Leg pockets with bellows and flap, concealed metal buttons. Back pocket, one with flap. Mobile phone pocket inside. External knee pad pockets. Inside pocket with concealed zip pocket. Folding rule pocket inside. WASHING INSTRUCTIONS: Do not dry clean. WASHING: Industrial laundry EN ISO 15797. CERTIFICATION: EN 14404:2004+A1:2010 together with knee pad 4057<\/p>\n<p>98% cotton, 2% elastolefin, canvas, 285 g\/m\u00b2<\/p>","protected":false},"excerpt":{"rendered":"<p>Eine Industriehose mit Damenschnitt. Diese industriell waschbare, kratzfreie Hose mit Kniepolstertaschen besteht aus einem gem\u00fctlichen Baumwoll-Canvas mit Zwei-Wege-Stretch und ist in der Taille elastisch, um den Komfort zu erh\u00f6hen. Die Hose hat reflektierende Details, damit Sie bei Bedarf gesehen werden. Auch als Herrenmodell 1466 erh\u00e4ltlich. DETAILS: D-Ring. Verdeckte Kn\u00f6pfe. Innenbeinnaht mit 3-fach-Naht. Metall-Reissverschluss im Schritt. [&hellip;]<\/p>\n","protected":false},"featured_media":591309,"template":"","meta":[],"product_brand":[],"product_cat":[4185],"product_tag":[],"class_list":{"0":"post-591253","1":"product","2":"type-product","3":"status-publish","4":"has-post-thumbnail","6":"product_cat-hosen","7":"pa_brand-blaklaeder","8":"pa_brand-type-workwear","9":"pa_filter-color-blau","10":"pa_filter-color-grau","11":"pa_filter-color-schwarz","13":"first","14":"instock","15":"sale","16":"taxable","17":"shipping-taxable","18":"purchasable","19":"product-type-variable","20":"add-to-wishlist-before_image"},"exclude_global_add_ons":[],"addons":[],"acf":[],"_links":{"self":[{"href":"https:\/\/shop.kustom.ch\/en\/wp-json\/wp\/v2\/product\/591253"}],"collection":[{"href":"https:\/\/shop.kustom.ch\/en\/wp-json\/wp\/v2\/product"}],"about":[{"href":"https:\/\/shop.kustom.ch\/en\/wp-json\/wp\/v2\/types\/product"}],"wp:featuredmedia":[{"embeddable":true,"href":"https:\/\/shop.kustom.ch\/en\/wp-json\/wp\/v2\/media\/591309"}],"wp:attachment":[{"href":"https:\/\/shop.kustom.ch\/en\/wp-json\/wp\/v2\/media?parent=591253"}],"wp:term":[{"taxonomy":"product_brand","embeddable":true,"href":"https:\/\/shop.kustom.ch\/en\/wp-json\/wp\/v2\/product_brand?post=591253"},{"taxonomy":"product_cat","embeddable":true,"href":"https:\/\/shop.kustom.ch\/en\/wp-json\/wp\/v2\/product_cat?post=591253"},{"taxonomy":"product_tag","embeddable":true,"href":"https:\/\/shop.kustom.ch\/en\/wp-json\/wp\/v2\/product_tag?post=591253"}],"curies":[{"name":"wp","href":"https:\/\/api.w.org\/{rel}","templated":true}]}}