{"id":591246,"date":"2025-03-04T23:19:38","date_gmt":"2025-03-04T22:19:38","guid":{"rendered":"https:\/\/shop.kustom.ch\/?post_type=product&#038;p=591246"},"modified":"2026-03-31T09:09:25","modified_gmt":"2026-03-31T08:09:25","slug":"damen-industrie-arbeitshose","status":"publish","type":"product","link":"https:\/\/shop.kustom.ch\/en\/product\/damen-industrie-arbeitshose\/","title":{"rendered":"Ladies industrial work trousers"},"content":{"rendered":"<p>Industrial\/service work trousers with a special ladies' cut. These waistband trousers have an elasticated waistband, tapered legs and various cleverly positioned pockets, such as back pockets with flap, leg pockets with mobile phone pocket, ruler pocket, ID pocket and pen pocket. Lightweight and very comfortable - this makes these trousers ideal for a wide range of applications.<\/p>\n<p>CLOSURE: Extension option at the leg hem. DETAILS: Detachable ID card pocket. Metal press studs. Plastic zip at the crotch. Elasticated waist. FUNCTIONALITY: Women's size. MAIN FEATURES: Craftsman. FABRIC: Ladies. blue. Industry \/ Service. POCKETS: Leg pocket with mobile phone pocket, ID card pocket and pen pockets. Back pocket with flap. Side pockets. Folding rule pocket. WASHING INSTRUCTIONS: Ironing - medium. WASHING: Industrial laundry EN ISO 15797<\/p>\n<p>65% polyester, 35% cotton, twill, 240 g\/m\u00b2<\/p>","protected":false},"excerpt":{"rendered":"<p>Industrie\/Service Arbeitshose mit eigenem Damenschnitt. Diese Bundhose hat einen elastischen Bund, enger geschnittene Beine und verschiedene, geschickt platzierte Taschen, wie zum Beispiel Ges\u00e4sstaschen mit Patte, Beintaschen mit Handytasche, Zollstocktasche, ID-Tasche und Stiftfach. Federleicht und sehr komfortabel &#8211; das macht diese Bundhose ideal f\u00fcr ein breites Einsatzgebiet. ABSCHLUSS: Verl\u00e4ngerungsm\u00f6glichkeit am Beinsaum. DETAILS: Abnehmbare Ausweistasche. Metall-Druckkn\u00f6pfe. Kunststoff-Reissverschluss [&hellip;]<\/p>\n","protected":false},"featured_media":530736,"template":"","meta":[],"product_brand":[],"product_cat":[4185],"product_tag":[],"class_list":{"0":"post-591246","1":"product","2":"type-product","3":"status-publish","4":"has-post-thumbnail","6":"product_cat-hosen","7":"pa_brand-blaklaeder","8":"pa_brand-type-workwear","9":"pa_filter-color-blau","10":"pa_filter-color-grau","11":"pa_filter-color-rot","12":"pa_filter-color-schwarz","14":"first","15":"instock","16":"sale","17":"taxable","18":"shipping-taxable","19":"purchasable","20":"product-type-variable","21":"add-to-wishlist-before_image"},"exclude_global_add_ons":[],"addons":[],"acf":[],"_links":{"self":[{"href":"https:\/\/shop.kustom.ch\/en\/wp-json\/wp\/v2\/product\/591246"}],"collection":[{"href":"https:\/\/shop.kustom.ch\/en\/wp-json\/wp\/v2\/product"}],"about":[{"href":"https:\/\/shop.kustom.ch\/en\/wp-json\/wp\/v2\/types\/product"}],"wp:featuredmedia":[{"embeddable":true,"href":"https:\/\/shop.kustom.ch\/en\/wp-json\/wp\/v2\/media\/530736"}],"wp:attachment":[{"href":"https:\/\/shop.kustom.ch\/en\/wp-json\/wp\/v2\/media?parent=591246"}],"wp:term":[{"taxonomy":"product_brand","embeddable":true,"href":"https:\/\/shop.kustom.ch\/en\/wp-json\/wp\/v2\/product_brand?post=591246"},{"taxonomy":"product_cat","embeddable":true,"href":"https:\/\/shop.kustom.ch\/en\/wp-json\/wp\/v2\/product_cat?post=591246"},{"taxonomy":"product_tag","embeddable":true,"href":"https:\/\/shop.kustom.ch\/en\/wp-json\/wp\/v2\/product_tag?post=591246"}],"curies":[{"name":"wp","href":"https:\/\/api.w.org\/{rel}","templated":true}]}}