{"id":591245,"date":"2025-03-04T23:19:38","date_gmt":"2025-03-04T22:19:38","guid":{"rendered":"https:\/\/shop.kustom.ch\/?post_type=product&#038;p=591245"},"modified":"2026-03-31T09:09:19","modified_gmt":"2026-03-31T08:09:19","slug":"service-umstandshose-mit-stretch","status":"publish","type":"product","link":"https:\/\/shop.kustom.ch\/en\/product\/service-umstandshose-mit-stretch\/","title":{"rendered":"Service maternity trousers with stretch"},"content":{"rendered":"<p>Scratch-resistant service trousers from Bl\u00e5kl\u00e4der's revolutionary maternity collection. The trousers are made from 2-way stretch material and have 4-way stretch panels at the back, crotch and knees. Magnetic buttons and concealed features make these very reliable trousers perfect for wearing in environments with sensitive surfaces. There are loops at the waist for a belt so that an optional nail pocket can be added.<\/p>\n<p>CLOSURE: Extension option at the leg hem. DETAILS: D-ring. Loops. High waistband at the back. FUNCTIONALITY: Scratch-free. Particularly ergonomically shaped trouser legs. MAIN FEATURES: Driver. EN 14004. FABRIC: Ladies. black. Stretch. Industry \/ Service. POCKETS: Leg pockets with bellows, pen and knife pocket. Flap with concealed magnetic buttons. Mobile phone pocket inside. Inside knee pad pockets. Folding rule pocket inside. WASHING INSTRUCTIONS: Do not spin-dry. CERTIFICATION: EN 14404:2004+A1:2010 together with knee pad 4057<\/p>\n<p>63% polyester, 33% cotton, 4% elastofin, twill, stretch, 245 g\/m\u00b2<\/p>","protected":false},"excerpt":{"rendered":"<p>Kratzerresistente Service Hose aus Bl\u00e5kl\u00e4ders revolution\u00e4rer Umstandsmoden-Kollektion. Die Hose besteht aus 2-Wege-Stretch Material und hat 4-Wege-Stretch Eins\u00e4tze an R\u00fccken, im Schritt und den Knien. Magnetkn\u00f6pfe und verdeckte Eigenschaften machen diese sehr zuverl\u00e4ssige Hose perfekt zum tragen in Umgebungen mit empfindlichen Oberfl\u00e4chen. Es gib Schlaufen an der Taille f\u00fcr einen G\u00fcrtel, so dass optional eine Nageltasche [&hellip;]<\/p>\n","protected":false},"featured_media":591271,"template":"","meta":[],"product_brand":[],"product_cat":[4185],"product_tag":[],"class_list":{"0":"post-591245","1":"product","2":"type-product","3":"status-publish","4":"has-post-thumbnail","6":"product_cat-hosen","7":"pa_brand-blaklaeder","8":"pa_brand-type-workwear","9":"pa_filter-color-schwarz","11":"first","12":"instock","13":"sale","14":"taxable","15":"shipping-taxable","16":"purchasable","17":"product-type-variable","18":"add-to-wishlist-before_image"},"exclude_global_add_ons":[],"addons":[],"acf":[],"_links":{"self":[{"href":"https:\/\/shop.kustom.ch\/en\/wp-json\/wp\/v2\/product\/591245"}],"collection":[{"href":"https:\/\/shop.kustom.ch\/en\/wp-json\/wp\/v2\/product"}],"about":[{"href":"https:\/\/shop.kustom.ch\/en\/wp-json\/wp\/v2\/types\/product"}],"wp:featuredmedia":[{"embeddable":true,"href":"https:\/\/shop.kustom.ch\/en\/wp-json\/wp\/v2\/media\/591271"}],"wp:attachment":[{"href":"https:\/\/shop.kustom.ch\/en\/wp-json\/wp\/v2\/media?parent=591245"}],"wp:term":[{"taxonomy":"product_brand","embeddable":true,"href":"https:\/\/shop.kustom.ch\/en\/wp-json\/wp\/v2\/product_brand?post=591245"},{"taxonomy":"product_cat","embeddable":true,"href":"https:\/\/shop.kustom.ch\/en\/wp-json\/wp\/v2\/product_cat?post=591245"},{"taxonomy":"product_tag","embeddable":true,"href":"https:\/\/shop.kustom.ch\/en\/wp-json\/wp\/v2\/product_tag?post=591245"}],"curies":[{"name":"wp","href":"https:\/\/api.w.org\/{rel}","templated":true}]}}