{"id":591216,"date":"2025-03-04T23:19:02","date_gmt":"2025-03-04T22:19:02","guid":{"rendered":"https:\/\/shop.kustom.ch\/?post_type=product&#038;p=591216"},"modified":"2026-03-31T09:09:18","modified_gmt":"2026-03-31T08:09:18","slug":"high-vis-umstandshose-4-wege-stretch","status":"publish","type":"product","link":"https:\/\/shop.kustom.ch\/en\/product\/high-vis-umstandshose-4-wege-stretch\/","title":{"rendered":"High Vis maternity trousers 4-way stretch"},"content":{"rendered":"<p>The revolutionary maternity trousers from Bl\u00e5kl\u00e4der are finally here. Soft, comfortable and durable work trousers designed to make physical labour easier for as long as possible during pregnancy. Clothing or pregnancy should not be an obstacle to working. And that's where the 7100 comes in. These high vis trousers are made from comfortable 4-way stretch material and are scratch resistant with magnetic fastening instead of zips on the pockets. Loops at the waist for a belt so that an optional nail pocket can be added. Certified according to the EN ISO 20471 standard, class 2, high vis protective clothing.<\/p>\n<p>CLOSURE: Extension option at the leg hem. DETAILS: D-ring. Loops. High waistband at the back. FUNCTIONALITY: Scratch-free. Particularly ergonomically shaped trouser legs. MAIN FEATURES: Driver. EN 14004. REFLEX: 50 mm wide transfer reflective stripes. FABRIC: Ladies. black. Stretch. High visibility. POCKETS: Leg pockets with bellows, pen and knife pocket. Flap with concealed magnetic buttons. Mobile phone pocket inside. Inside knee pad pockets. Folding rule pocket inside. WASHING INSTRUCTIONS: Number of washes: 20, do not spin. CERTIFICATION: EN 14404:2004+A1:2010 together with knee pad 4057. EN ISO 20471, class 2<\/p>\n<p>94% polyester, 6% elastane, 4-way stretch, 320 g\/m\u00b2<\/p>","protected":false},"excerpt":{"rendered":"<p>Die revolution\u00e4re Umstandshose von Bl\u00e5kl\u00e4der ist endlich da. Weiche, bequeme und strapazierf\u00e4hige Arbeitshose, die die k\u00f6rperliche Arbeit in der Schwangerschaft so lange wie m\u00f6glich erleichtern soll. Kleidung oder Schwangerschaft sollten kein Hindernis f\u00fcr das Arbeiten sein. Und da kommt die 7100 ins Spiel. Diese High Vis Hose ist aus bequemem 4-Wege-Stretch Material entwickelt und kratzerresistent [&hellip;]<\/p>\n","protected":false},"featured_media":591269,"template":"","meta":[],"product_brand":[],"product_cat":[4185],"product_tag":[],"class_list":{"0":"post-591216","1":"product","2":"type-product","3":"status-publish","4":"has-post-thumbnail","6":"product_cat-hosen","7":"pa_brand-blaklaeder","8":"pa_brand-type-workwear","9":"pa_filter-color-gelb","10":"pa_filter-color-orange","11":"pa_filter-color-schwarz","13":"first","14":"instock","15":"sale","16":"taxable","17":"shipping-taxable","18":"purchasable","19":"product-type-variable","20":"add-to-wishlist-before_image"},"exclude_global_add_ons":[],"addons":[],"acf":[],"_links":{"self":[{"href":"https:\/\/shop.kustom.ch\/en\/wp-json\/wp\/v2\/product\/591216"}],"collection":[{"href":"https:\/\/shop.kustom.ch\/en\/wp-json\/wp\/v2\/product"}],"about":[{"href":"https:\/\/shop.kustom.ch\/en\/wp-json\/wp\/v2\/types\/product"}],"wp:featuredmedia":[{"embeddable":true,"href":"https:\/\/shop.kustom.ch\/en\/wp-json\/wp\/v2\/media\/591269"}],"wp:attachment":[{"href":"https:\/\/shop.kustom.ch\/en\/wp-json\/wp\/v2\/media?parent=591216"}],"wp:term":[{"taxonomy":"product_brand","embeddable":true,"href":"https:\/\/shop.kustom.ch\/en\/wp-json\/wp\/v2\/product_brand?post=591216"},{"taxonomy":"product_cat","embeddable":true,"href":"https:\/\/shop.kustom.ch\/en\/wp-json\/wp\/v2\/product_cat?post=591216"},{"taxonomy":"product_tag","embeddable":true,"href":"https:\/\/shop.kustom.ch\/en\/wp-json\/wp\/v2\/product_tag?post=591216"}],"curies":[{"name":"wp","href":"https:\/\/api.w.org\/{rel}","templated":true}]}}