{"id":591178,"date":"2025-03-04T23:18:54","date_gmt":"2025-03-04T22:18:54","guid":{"rendered":"https:\/\/shop.kustom.ch\/?post_type=product&#038;p=591178"},"modified":"2026-03-31T09:08:48","modified_gmt":"2026-03-31T08:08:48","slug":"winteroverall-2","status":"publish","type":"product","link":"https:\/\/shop.kustom.ch\/en\/product\/winteroverall-2\/","title":{"rendered":"Winter overall"},"content":{"rendered":"<p>CLOSURE: Adjustable leg cuffs with Velcro fastening. Adjustable elasticated cuffs. DETAILS: Detachable hood with warm lining. Taped seams. Wide belt loops at the back and sides. Snow skirt with Velcro fastening and button. Elasticated waist. FRONT CLOSURE: Concealed plastic zip. FUNCTIONALITY: Windproof &amp; waterproof material with breathability, taped seams. MAIN PROPERTIES: Craftsman. Men's. EN 343. REFLEX: Reflective material on shoulders, sleeves and legs. FABRIC: High-vis yellow. Breathability. Wind \/ wet \/ cold. POCKETS: Leg pocket with flap. Chest pocket with water-repellent zip and fleece lining. Back pocket with bellows and flap. Inner pocket with zip. Inside knee pad pockets. Front pockets with water-repellent zips. Folding rule pocket with additional pocket. WASHING INSTRUCTIONS: Do not bleach. CERTIFICATION: EN 14404:2004+A1:2010 together with knee pads 4027, 4057, 4058 and 4032. EN 342. EN 343, class 3.1. Not High Vis certified<\/p>\n<p>100% polyester, Oxford, coated, waterproof 15,000 mm, windproof, breathable Ret 8.5, 200g\/m\u00b2<\/p>","protected":false},"excerpt":{"rendered":"<p>ABSCHLUSS: Verstellbare Beinabschl\u00fcsse mit Klettverschluss. Verstellbare \u00c4rmelb\u00fcndchen mit Gummizug. DETAILS: Abnehmbare Kapuze mit Warmfutter. Verschweisste N\u00e4hte. Breite G\u00fcrtelschlaufen hinten und an den Seiten. Schneefang mit Klettverschluss und Knopf. Gummizug an der Taille. FRONTVERSCHLUSS: Verdeckter Reissverschluss aus Kunststoff. FUNKTIONALIT\u00c4T: Wind- &amp;amp; wasserdichtes Material mit Atmungsaktivit\u00e4t, verschweisste N\u00e4hte. HAUPTEIGENSCHAFTEN: Handwerker. Herren. EN 343. REFLEX: Reflexmaterial an Schultern, [&hellip;]<\/p>\n","protected":false},"featured_media":591220,"template":"","meta":[],"product_brand":[],"product_cat":[10454],"product_tag":[],"class_list":{"0":"post-591178","1":"product","2":"type-product","3":"status-publish","4":"has-post-thumbnail","6":"product_cat-overalls","7":"pa_brand-blaklaeder","8":"pa_brand-type-workwear","9":"pa_filter-color-gelb","10":"pa_filter-color-schwarz","12":"first","13":"instock","14":"sale","15":"taxable","16":"shipping-taxable","17":"purchasable","18":"product-type-variable","19":"add-to-wishlist-before_image"},"exclude_global_add_ons":[],"addons":[],"acf":[],"_links":{"self":[{"href":"https:\/\/shop.kustom.ch\/en\/wp-json\/wp\/v2\/product\/591178"}],"collection":[{"href":"https:\/\/shop.kustom.ch\/en\/wp-json\/wp\/v2\/product"}],"about":[{"href":"https:\/\/shop.kustom.ch\/en\/wp-json\/wp\/v2\/types\/product"}],"wp:featuredmedia":[{"embeddable":true,"href":"https:\/\/shop.kustom.ch\/en\/wp-json\/wp\/v2\/media\/591220"}],"wp:attachment":[{"href":"https:\/\/shop.kustom.ch\/en\/wp-json\/wp\/v2\/media?parent=591178"}],"wp:term":[{"taxonomy":"product_brand","embeddable":true,"href":"https:\/\/shop.kustom.ch\/en\/wp-json\/wp\/v2\/product_brand?post=591178"},{"taxonomy":"product_cat","embeddable":true,"href":"https:\/\/shop.kustom.ch\/en\/wp-json\/wp\/v2\/product_cat?post=591178"},{"taxonomy":"product_tag","embeddable":true,"href":"https:\/\/shop.kustom.ch\/en\/wp-json\/wp\/v2\/product_tag?post=591178"}],"curies":[{"name":"wp","href":"https:\/\/api.w.org\/{rel}","templated":true}]}}