{"id":591152,"date":"2025-03-04T23:18:18","date_gmt":"2025-03-04T22:18:18","guid":{"rendered":"https:\/\/shop.kustom.ch\/?post_type=product&#038;p=591152"},"modified":"2026-03-31T09:08:47","modified_gmt":"2026-03-31T08:08:47","slug":"winteroverall-ungefuettert","status":"publish","type":"product","link":"https:\/\/shop.kustom.ch\/en\/product\/winteroverall-ungefuettert\/","title":{"rendered":"Winter overall unlined"},"content":{"rendered":"<p>CLOSURE: Adjustable leg cuffs with Velcro fastening. Adjustable elasticated cuffs. DETAILS: Detachable hood with mesh lining. Taped seams. Wide belt loops at the back and sides. Elasticated waist. FRONT CLOSURE: Concealed two-way plastic zip. FUNCTIONALITY: Ventilation under the sleeves. MAIN PROPERTIES: Warehouse worker. Men's. EN 343. REFLEX: reflective material on shoulders, sleeves and legs. FABRIC: black. water-repellent. Wind \/ wet \/ cold. POCKETS: Leg pocket with flap. Chest pocket with water-repellent zip and fleece lining. Back pocket with bellows and flap. Inner pocket with zip. Inside knee pad pockets. Front pockets with water-repellent zips. Folding rule pocket with additional pocket. WASHING INSTRUCTIONS: 40\u00b0 C. CERTIFICATION: EN 14404:2004+A1:2010 together with knee pads 4027, 4057, 4058 and 4032. EN 343, class 4.4. not High Vis certified<\/p>\n<p>100% polyester, Oxford, coated, waterproof 15,000 mm, windproof, breathable Ret 8.5, 200g\/m\u00b2<\/p>","protected":false},"excerpt":{"rendered":"<p>ABSCHLUSS: Verstellbare Beinabschl\u00fcsse mit Klettverschluss. Verstellbare \u00c4rmelb\u00fcndchen mit Gummizug. DETAILS: Abnehmbare Kapuze mit Meshfutter. Verschweisste N\u00e4hte. Breite G\u00fcrtelschlaufen hinten und an den Seiten. Gummizug an der Taille. FRONTVERSCHLUSS: Verdeckter Zwei-Wege-Reissverschluss aus Kunststoff. FUNKTIONALIT\u00c4T: Bel\u00fcftung unter den \u00c4rmeln. HAUPTEIGENSCHAFTEN: Lagerarbeiter. Herren. EN 343. REFLEX: Reflexmaterial an Schultern, \u00c4rmeln und Beinen. STOFF: schwarz. wasserabweisend. Wind \/ N\u00e4sse [&hellip;]<\/p>\n","protected":false},"featured_media":591167,"template":"","meta":[],"product_brand":[],"product_cat":[10454],"product_tag":[],"class_list":{"0":"post-591152","1":"product","2":"type-product","3":"status-publish","4":"has-post-thumbnail","6":"product_cat-overalls","7":"pa_brand-blaklaeder","8":"pa_brand-type-workwear","9":"pa_filter-color-gelb","10":"pa_filter-color-schwarz","12":"first","13":"instock","14":"sale","15":"taxable","16":"shipping-taxable","17":"purchasable","18":"product-type-variable","19":"add-to-wishlist-before_image"},"exclude_global_add_ons":[],"addons":[],"acf":[],"_links":{"self":[{"href":"https:\/\/shop.kustom.ch\/en\/wp-json\/wp\/v2\/product\/591152"}],"collection":[{"href":"https:\/\/shop.kustom.ch\/en\/wp-json\/wp\/v2\/product"}],"about":[{"href":"https:\/\/shop.kustom.ch\/en\/wp-json\/wp\/v2\/types\/product"}],"wp:featuredmedia":[{"embeddable":true,"href":"https:\/\/shop.kustom.ch\/en\/wp-json\/wp\/v2\/media\/591167"}],"wp:attachment":[{"href":"https:\/\/shop.kustom.ch\/en\/wp-json\/wp\/v2\/media?parent=591152"}],"wp:term":[{"taxonomy":"product_brand","embeddable":true,"href":"https:\/\/shop.kustom.ch\/en\/wp-json\/wp\/v2\/product_brand?post=591152"},{"taxonomy":"product_cat","embeddable":true,"href":"https:\/\/shop.kustom.ch\/en\/wp-json\/wp\/v2\/product_cat?post=591152"},{"taxonomy":"product_tag","embeddable":true,"href":"https:\/\/shop.kustom.ch\/en\/wp-json\/wp\/v2\/product_tag?post=591152"}],"curies":[{"name":"wp","href":"https:\/\/api.w.org\/{rel}","templated":true}]}}