{"id":590777,"date":"2025-03-04T23:13:39","date_gmt":"2025-03-04T22:13:39","guid":{"rendered":"https:\/\/shop.kustom.ch\/?post_type=product&#038;p=590777"},"modified":"2026-03-31T09:08:07","modified_gmt":"2026-03-31T08:08:07","slug":"industrie-overall-stretch-2","status":"publish","type":"product","link":"https:\/\/shop.kustom.ch\/en\/product\/industrie-overall-stretch-2\/","title":{"rendered":"Industry Overall Stretch"},"content":{"rendered":"<p>A very comfortable, flexible overall made from cosy cotton canvas with two-way stretch that is scratch-free and industrially washable. With reflective details so that you can be seen when needed.<\/p>\n<p>CLOSURE: Extension option at the leg hem. DETAILS: D-ring. Concealed buttons. Stand-up collar. Inside leg seam with triple stitching. Adjustable elasticated waist. FRONT CLOSURE: Concealed, reinforced two-way metal zip. FUNCTIONALITY: 2-way stretch. Particularly ergonomically shaped trouser legs. MAIN FEATURES: Cleaning power. Unisex. EN 14004. REFLEX: Reflective material on the sleeves. FABRIC: blue. Non-scratch. Industry \/ Service. POCKETS: Leg pockets with bellows and flap, concealed metal buttons. Chest pockets with bellows and flap. Back pocket, one with flap. Inside mobile phone pocket. External knee pad pockets. Pen pocket on the sleeve. Side pockets. Folding rule pocket inside. WASHING INSTRUCTIONS: Do not bleach. WASHING: Industrial laundry EN ISO 15797. CERTIFICATION: EN 14404:2004+A1:2010 together with knee pad 4057<\/p>\n<p>98% cotton, 2% elastolefin, canvas, 285 g\/m\u00b2<\/p>","protected":false},"excerpt":{"rendered":"<p>Ein sehr bequemer, flexibler Overall aus gem\u00fctlichem Baumwoll-Canvas mit Zwei-Wege-Stretch, der kratzfrei und industriell waschbar ist. Mit reflektierenden Details, damit Sie bei Bedarf gesehen werden. ABSCHLUSS: Verl\u00e4ngerungsm\u00f6glichkeit am Beinsaum. DETAILS: D-Ring. Verdeckte Kn\u00f6pfe. Stehkragen. Innenbeinnaht mit 3-fach-Naht. Verstellbare elastische Taille. FRONTVERSCHLUSS: Verdeckter, verst\u00e4rkter Zwei-Wege-Reissverschluss aus Metall. FUNKTIONALIT\u00c4T: 2-Wege-Stretch. Besonders ergonomisch geformte Hosenbeine. HAUPTEIGENSCHAFTEN: Reinigungskraft. Unisex. [&hellip;]<\/p>\n","protected":false},"featured_media":590816,"template":"","meta":[],"product_brand":[],"product_cat":[10448],"product_tag":[],"class_list":{"0":"post-590777","1":"product","2":"type-product","3":"status-publish","4":"has-post-thumbnail","6":"product_cat-latzhose","7":"pa_brand-blaklaeder","8":"pa_brand-type-workwear","9":"pa_filter-color-blau","10":"pa_filter-color-grau","11":"pa_filter-color-schwarz","13":"first","14":"instock","15":"sale","16":"taxable","17":"shipping-taxable","18":"purchasable","19":"product-type-variable","20":"add-to-wishlist-before_image"},"exclude_global_add_ons":[],"addons":[],"acf":[],"_links":{"self":[{"href":"https:\/\/shop.kustom.ch\/en\/wp-json\/wp\/v2\/product\/590777"}],"collection":[{"href":"https:\/\/shop.kustom.ch\/en\/wp-json\/wp\/v2\/product"}],"about":[{"href":"https:\/\/shop.kustom.ch\/en\/wp-json\/wp\/v2\/types\/product"}],"wp:featuredmedia":[{"embeddable":true,"href":"https:\/\/shop.kustom.ch\/en\/wp-json\/wp\/v2\/media\/590816"}],"wp:attachment":[{"href":"https:\/\/shop.kustom.ch\/en\/wp-json\/wp\/v2\/media?parent=590777"}],"wp:term":[{"taxonomy":"product_brand","embeddable":true,"href":"https:\/\/shop.kustom.ch\/en\/wp-json\/wp\/v2\/product_brand?post=590777"},{"taxonomy":"product_cat","embeddable":true,"href":"https:\/\/shop.kustom.ch\/en\/wp-json\/wp\/v2\/product_cat?post=590777"},{"taxonomy":"product_tag","embeddable":true,"href":"https:\/\/shop.kustom.ch\/en\/wp-json\/wp\/v2\/product_tag?post=590777"}],"curies":[{"name":"wp","href":"https:\/\/api.w.org\/{rel}","templated":true}]}}