{"id":590762,"date":"2025-03-04T23:13:06","date_gmt":"2025-03-04T22:13:06","guid":{"rendered":"https:\/\/shop.kustom.ch\/?post_type=product&#038;p=590762"},"modified":"2026-03-31T09:08:06","modified_gmt":"2026-03-31T08:08:06","slug":"overall","status":"publish","type":"product","link":"https:\/\/shop.kustom.ch\/en\/product\/overall\/","title":{"rendered":"Overall"},"content":{"rendered":"<p>This overall offers comfort and freedom of movement while providing effective protection against splashes and dirt. It also has knee pad pockets.<\/p>\n<p>CLOSURE: Adjustable cuffs. DETAILS: Metal buttons. Reinforced seams at the crotch. Adjustable elasticated waist. FRONT CLOSURE: Front closure with patented buttons. MAIN FEATURES: Craftsman. Men's. EN 14004. FABRIC: blue. Knee pad pockets. Industry \/ Service. POCKETS: Chest pockets with flaps. Reinforced back pockets. External knee pad pockets. Folding rule pocket. WASHING INSTRUCTIONS: Ironing - medium. CERTIFICATION: EN 14404:2004+A1:2010 together with knee pad 4027 and 4057<\/p>\n<p>100% Cotton, twill, 240 g\/m\u00b2<\/p>","protected":false},"excerpt":{"rendered":"<p>Dieser Overall bietet Komfort und Bewegungsfreiheit w\u00e4hrend er effektiv vor Spritzern und Schmutz sch\u00fctzt. Er besitzt zus\u00e4tzlich Kniepolstertaschen. ABSCHLUSS: Verstellbare \u00c4rmelb\u00fcndchen. DETAILS: Metallkn\u00f6pfe. Verst\u00e4rkte N\u00e4hte am Schritt. Verstellbare elastische Taille. FRONTVERSCHLUSS: Frontverschluss mit patentierten Kn\u00f6pfen. HAUPTEIGENSCHAFTEN: Handwerker. Herren. EN 14004. STOFF: blau. Kniepolstertaschen. Industrie \/ Service. TASCHEN: Brusttaschen mit Patten. Ges\u00e4sstaschen verst\u00e4rkt. Aussenliegende Kniepolstertaschen. Zollstocktasche. [&hellip;]<\/p>\n","protected":false},"featured_media":530671,"template":"","meta":[],"product_brand":[],"product_cat":[10454],"product_tag":[],"class_list":{"0":"post-590762","1":"product","2":"type-product","3":"status-publish","4":"has-post-thumbnail","6":"product_cat-overalls","7":"pa_brand-blaklaeder","8":"pa_brand-type-workwear","9":"pa_filter-color-blau","10":"pa_filter-color-schwarz","12":"first","13":"instock","14":"sale","15":"taxable","16":"shipping-taxable","17":"purchasable","18":"product-type-variable","19":"add-to-wishlist-before_image"},"exclude_global_add_ons":[],"addons":[],"acf":[],"_links":{"self":[{"href":"https:\/\/shop.kustom.ch\/en\/wp-json\/wp\/v2\/product\/590762"}],"collection":[{"href":"https:\/\/shop.kustom.ch\/en\/wp-json\/wp\/v2\/product"}],"about":[{"href":"https:\/\/shop.kustom.ch\/en\/wp-json\/wp\/v2\/types\/product"}],"wp:featuredmedia":[{"embeddable":true,"href":"https:\/\/shop.kustom.ch\/en\/wp-json\/wp\/v2\/media\/530671"}],"wp:attachment":[{"href":"https:\/\/shop.kustom.ch\/en\/wp-json\/wp\/v2\/media?parent=590762"}],"wp:term":[{"taxonomy":"product_brand","embeddable":true,"href":"https:\/\/shop.kustom.ch\/en\/wp-json\/wp\/v2\/product_brand?post=590762"},{"taxonomy":"product_cat","embeddable":true,"href":"https:\/\/shop.kustom.ch\/en\/wp-json\/wp\/v2\/product_cat?post=590762"},{"taxonomy":"product_tag","embeddable":true,"href":"https:\/\/shop.kustom.ch\/en\/wp-json\/wp\/v2\/product_tag?post=590762"}],"curies":[{"name":"wp","href":"https:\/\/api.w.org\/{rel}","templated":true}]}}