{"id":590722,"date":"2025-03-04T23:12:59","date_gmt":"2025-03-04T22:12:59","guid":{"rendered":"https:\/\/shop.kustom.ch\/?post_type=product&#038;p=590722"},"modified":"2026-03-31T09:08:00","modified_gmt":"2026-03-31T08:08:00","slug":"industrie-overall-stretch","status":"publish","type":"product","link":"https:\/\/shop.kustom.ch\/en\/product\/industrie-overall-stretch\/","title":{"rendered":"Industry Overall Stretch"},"content":{"rendered":"<p>This incredibly comfortable and flexible, scratch-resistant coverall is made entirely from 2-way stretch material and is suitable for industrial laundering. Reflective strips provide additional visibility if required.<\/p>\n<p>CLOSURE: Extension option at the leg hem. Adjustable cuffs with concealed metal buttons. DETAILS: D-ring. Metal press studs. Stand-up collar. Inside leg seam with triple stitching. Adjustable elasticated waist. FRONT CLOSURE: Front closure with concealed metal press studs. FUNCTIONALITY: Non-scratch. Pre-shaped sleeves. MAIN FEATURES: Mechanic. Men's. REFLEX: Reflective material on the sleeves. FABRIC: High-vis yellow. Non-scratch. Stretch. POCKETS: Leg pockets with bellows and flap, concealed metal buttons. Chest pockets with bellows and flap. Back pocket, one with flap. Mobile phone pocket inside. Pen pocket on sleeve. Side pockets. Folding rule pocket inside. WASHING INSTRUCTIONS: Ironing - medium. WASHING: Industrial laundry EN ISO 15797<\/p>\n<p>63% polyester, 33% cotton, 4% Elastofin, twill, stretch, 260 g\/m\u00b2<\/p>","protected":false},"excerpt":{"rendered":"<p>Dieser unglaublich bequeme und flexible, kratzerresistente Overall ist komplett aus 2-Wege-Stretch Material gefertigt und eignet sich f\u00fcr die Industriew\u00e4sche. Reflexstreifen sorgen bei Bedarf f\u00fcr zus\u00e4tzliche Sichtbarkeit. ABSCHLUSS: Verl\u00e4ngerungsm\u00f6glichkeit am Beinsaum. Verstellbarer Armabschluss mit versteckten Metallkn\u00f6pfen. DETAILS: D-Ring. Metall-Druckkn\u00f6pfe. Stehkragen. Innenbeinnaht mit 3-fach-Naht. Verstellbare elastische Taille. FRONTVERSCHLUSS: Frontverschluss mit verdeckten Metall-Druckkn\u00f6pfen. FUNKTIONALIT\u00c4T: Kratzfrei. Vorgeformte \u00c4rmel. HAUPTEIGENSCHAFTEN: [&hellip;]<\/p>\n","protected":false},"featured_media":590765,"template":"","meta":[],"product_brand":[],"product_cat":[10454],"product_tag":[],"class_list":{"0":"post-590722","1":"product","2":"type-product","3":"status-publish","4":"has-post-thumbnail","6":"product_cat-overalls","7":"pa_brand-blaklaeder","8":"pa_brand-type-workwear","9":"pa_filter-color-gelb","10":"pa_filter-color-schwarz","12":"first","13":"instock","14":"sale","15":"taxable","16":"shipping-taxable","17":"purchasable","18":"product-type-variable","19":"add-to-wishlist-before_image"},"exclude_global_add_ons":[],"addons":[],"acf":[],"_links":{"self":[{"href":"https:\/\/shop.kustom.ch\/en\/wp-json\/wp\/v2\/product\/590722"}],"collection":[{"href":"https:\/\/shop.kustom.ch\/en\/wp-json\/wp\/v2\/product"}],"about":[{"href":"https:\/\/shop.kustom.ch\/en\/wp-json\/wp\/v2\/types\/product"}],"wp:featuredmedia":[{"embeddable":true,"href":"https:\/\/shop.kustom.ch\/en\/wp-json\/wp\/v2\/media\/590765"}],"wp:attachment":[{"href":"https:\/\/shop.kustom.ch\/en\/wp-json\/wp\/v2\/media?parent=590722"}],"wp:term":[{"taxonomy":"product_brand","embeddable":true,"href":"https:\/\/shop.kustom.ch\/en\/wp-json\/wp\/v2\/product_brand?post=590722"},{"taxonomy":"product_cat","embeddable":true,"href":"https:\/\/shop.kustom.ch\/en\/wp-json\/wp\/v2\/product_cat?post=590722"},{"taxonomy":"product_tag","embeddable":true,"href":"https:\/\/shop.kustom.ch\/en\/wp-json\/wp\/v2\/product_tag?post=590722"}],"curies":[{"name":"wp","href":"https:\/\/api.w.org\/{rel}","templated":true}]}}