{"id":590661,"date":"2025-03-04T23:12:18","date_gmt":"2025-03-04T22:12:18","guid":{"rendered":"https:\/\/shop.kustom.ch\/?post_type=product&#038;p=590661"},"modified":"2026-03-31T09:07:56","modified_gmt":"2026-03-31T08:07:56","slug":"overall-lebensmittelindustrie","status":"publish","type":"product","link":"https:\/\/shop.kustom.ch\/en\/product\/overall-lebensmittelindustrie\/","title":{"rendered":"Overall food industry"},"content":{"rendered":"<p>A coverall specially developed for the food industry that fulfils all the high standards of clinical hygiene. The garment has no outside pockets, but has two inside breast pockets, one of which has a plastic zip. The coverall has a concealed two-way plastic zip, and for increased comfort there is an adjustable elasticated waist and elastic in both sleeves and at the leg ends. It can be industrially laundered in accordance with EN ISO 15797. <\/p>\n<p>CLOSURE: Elasticated leg cuffs. Elasticated cuffs. DETAILS: Adjustable elasticated waist. FRONT CLOSURE: Concealed two-way metal zip. MAIN FEATURES: Craftsman. Men's. FABRIC: white. Industry \/ Service. POCKETS: Inside breast pockets, one with plastic zip. WASHING INSTRUCTIONS: Ironing - medium. WASHING: Industrial laundry EN ISO 15797<\/p>\n<p>65% polyester, 35% cotton, twill, 240 g\/m\u00b2<\/p>","protected":false},"excerpt":{"rendered":"<p>Ein Overall speziell f\u00fcr die Lebensmittelindustrie entwickelt, der alle hohen Standards der klinischen Hygiene erf\u00fcllt. Das Arbeitskleidungsst\u00fcck hat keine Aussentaschen, daf\u00fcr aber zwei Brusttaschen innen, eine davon mit einem Kunststoffreissverschluss. Der Overall hat einen verdeckten Zwei-Wege-Reissverschluss aus Kunststoff, und f\u00fcr erh\u00f6hten Komfort gibt es einen verstellbaren Gummizug in der Taille und einen Gummizug in beiden [&hellip;]<\/p>\n","protected":false},"featured_media":590705,"template":"","meta":[],"product_brand":[],"product_cat":[10454],"product_tag":[],"class_list":{"0":"post-590661","1":"product","2":"type-product","3":"status-publish","4":"has-post-thumbnail","6":"product_cat-overalls","7":"pa_brand-blaklaeder","8":"pa_brand-type-workwear","9":"pa_filter-color-blau","10":"pa_filter-color-grau","11":"pa_filter-color-rot","12":"pa_filter-color-weiss","14":"first","15":"instock","16":"sale","17":"taxable","18":"shipping-taxable","19":"purchasable","20":"product-type-variable","21":"add-to-wishlist-before_image"},"exclude_global_add_ons":[],"addons":[],"acf":[],"_links":{"self":[{"href":"https:\/\/shop.kustom.ch\/en\/wp-json\/wp\/v2\/product\/590661"}],"collection":[{"href":"https:\/\/shop.kustom.ch\/en\/wp-json\/wp\/v2\/product"}],"about":[{"href":"https:\/\/shop.kustom.ch\/en\/wp-json\/wp\/v2\/types\/product"}],"wp:featuredmedia":[{"embeddable":true,"href":"https:\/\/shop.kustom.ch\/en\/wp-json\/wp\/v2\/media\/590705"}],"wp:attachment":[{"href":"https:\/\/shop.kustom.ch\/en\/wp-json\/wp\/v2\/media?parent=590661"}],"wp:term":[{"taxonomy":"product_brand","embeddable":true,"href":"https:\/\/shop.kustom.ch\/en\/wp-json\/wp\/v2\/product_brand?post=590661"},{"taxonomy":"product_cat","embeddable":true,"href":"https:\/\/shop.kustom.ch\/en\/wp-json\/wp\/v2\/product_cat?post=590661"},{"taxonomy":"product_tag","embeddable":true,"href":"https:\/\/shop.kustom.ch\/en\/wp-json\/wp\/v2\/product_tag?post=590661"}],"curies":[{"name":"wp","href":"https:\/\/api.w.org\/{rel}","templated":true}]}}