{"id":590493,"date":"2025-03-04T23:09:56","date_gmt":"2025-03-04T22:09:56","guid":{"rendered":"https:\/\/shop.kustom.ch\/?post_type=product&#038;p=590493"},"modified":"2026-03-31T09:07:46","modified_gmt":"2026-03-31T08:07:46","slug":"overall-industrie","status":"publish","type":"product","link":"https:\/\/shop.kustom.ch\/en\/product\/overall-industrie\/","title":{"rendered":"Overall industry"},"content":{"rendered":"<p>Jumpsuit with contrasting colour details and seam bindings. Adjustable cuffs and elasticated waist. Movement pleat and elasticated insert at the back for better freedom of movement.<\/p>\n<p>CLOSURE: Adjustable cuffs. DETAILS: Detachable ID card pocket. Bellows at the back. Shoulder sections in contrasting colour. Adjustable waist. FRONT CLOSURE: Concealed two-way plastic zip. FUNCTIONALITY: Stretch at the back. MAIN FEATURES: Mechanic. Men's. FABRIC: blue. Industry \/ Service. POCKETS: Leg pocket with additional pocket and pen pocket. Chest pockets with bellows and flap, one with double pen pocket. Back pocket with flap. Folding rule pocket. WASHING INSTRUCTIONS: Do not bleach<\/p>\n<p>100% Cotton, twill, 320 g\/m\u00b2<\/p>","protected":false},"excerpt":{"rendered":"<p>Overall mit Details und Nahtverriegelungen in Kontrastfarbe. Verstellbare \u00c4rmelb\u00fcndchen und elastische Taille. Bewegungsfalte und elastischer Einsatz am R\u00fccken f\u00fcr bessere Bewegungsfreiheit. ABSCHLUSS: Verstellbare \u00c4rmelb\u00fcndchen. DETAILS: Abnehmbare Ausweistasche. Balg am R\u00fccken. Schulterpartien in Kontrastfarbe. Verstellbare Taille. FRONTVERSCHLUSS: Verdeckter Zwei-Wege-Reissverschluss aus Kunststoff. FUNKTIONALIT\u00c4T: Stretch am R\u00fccken. HAUPTEIGENSCHAFTEN: Mechaniker. Herren. STOFF: blau. Industrie \/ Service. TASCHEN: Beintasche mit [&hellip;]<\/p>\n","protected":false},"featured_media":590525,"template":"","meta":[],"product_brand":[],"product_cat":[10454],"product_tag":[],"class_list":{"0":"post-590493","1":"product","2":"type-product","3":"status-publish","4":"has-post-thumbnail","6":"product_cat-overalls","7":"pa_brand-blaklaeder","8":"pa_brand-type-workwear","9":"pa_filter-color-blau","10":"pa_filter-color-grau","11":"pa_filter-color-rot","12":"pa_filter-color-schwarz","14":"first","15":"instock","16":"sale","17":"taxable","18":"shipping-taxable","19":"purchasable","20":"product-type-variable","21":"add-to-wishlist-before_image"},"exclude_global_add_ons":[],"addons":[],"acf":[],"_links":{"self":[{"href":"https:\/\/shop.kustom.ch\/en\/wp-json\/wp\/v2\/product\/590493"}],"collection":[{"href":"https:\/\/shop.kustom.ch\/en\/wp-json\/wp\/v2\/product"}],"about":[{"href":"https:\/\/shop.kustom.ch\/en\/wp-json\/wp\/v2\/types\/product"}],"wp:featuredmedia":[{"embeddable":true,"href":"https:\/\/shop.kustom.ch\/en\/wp-json\/wp\/v2\/media\/590525"}],"wp:attachment":[{"href":"https:\/\/shop.kustom.ch\/en\/wp-json\/wp\/v2\/media?parent=590493"}],"wp:term":[{"taxonomy":"product_brand","embeddable":true,"href":"https:\/\/shop.kustom.ch\/en\/wp-json\/wp\/v2\/product_brand?post=590493"},{"taxonomy":"product_cat","embeddable":true,"href":"https:\/\/shop.kustom.ch\/en\/wp-json\/wp\/v2\/product_cat?post=590493"},{"taxonomy":"product_tag","embeddable":true,"href":"https:\/\/shop.kustom.ch\/en\/wp-json\/wp\/v2\/product_tag?post=590493"}],"curies":[{"name":"wp","href":"https:\/\/api.w.org\/{rel}","templated":true}]}}