{"id":590430,"date":"2025-03-04T23:08:48","date_gmt":"2025-03-04T22:08:48","guid":{"rendered":"https:\/\/shop.kustom.ch\/?post_type=product&#038;p=590430"},"modified":"2026-03-31T09:07:38","modified_gmt":"2026-03-31T08:07:38","slug":"strickjacke-mit-softshell-2","status":"publish","type":"product","link":"https:\/\/shop.kustom.ch\/en\/product\/strickjacke-mit-softshell-2\/","title":{"rendered":"Cardigan with softshell"},"content":{"rendered":"<p>A cardigan with a beautiful collar and unbeatably comfortable fleece quality. This jacket is made from a unique material that can best be described as a three-dimensional fleece. The brushed material gives the jacket its 3D patterned look, stretchy and supple comfort and warmth when you need it most. The exposed areas of the jacket are reinforced with softshell inserts for increased durability and as there is no softshell under the arms, ventilation is improved. The jacket has excellent profiling surfaces, but is just as suitable for work as it is for leisure. Also available as ladies' model 5943.<\/p>\n<p>CLOSURE: Extended back. Elasticated cuffs. DETAILS: Reinforced shoulders. FRONT CLOSURE: Wind flap inside. MAIN FEATURES: Fisherman. FABRIC: Available for men and women. green. Stretch insert. Stretch. POCKETS: Chest pocket with zip. Front pockets with zips. WASHING INSTRUCTIONS: 40\u00b0 C<\/p>\n<p>97% polyester, 3% elastane, jacquard knit, brushed on one side, stretch, 290 g\/m\u00b2<\/p>","protected":false},"excerpt":{"rendered":"<p>Eine Strickjacke mit einem sch\u00f6nen Kragen und unschlagbar bequemer Fleecequalit\u00e4t. Diese Jacke besteht aus einem einzigartigen Material, das am besten als dreidimensionales Fleece beschrieben werden kann. Das geb\u00fcrstete Material verleiht der Jacke ihren 3D-gemusterten Look, dehnbaren und geschmeidigen Komfort und W\u00e4rme, wenn man sie am meisten braucht. F\u00fcr eine h\u00f6here Strapazierf\u00e4higkeit sind die exponierten Bereiche [&hellip;]<\/p>\n","protected":false},"featured_media":590485,"template":"","meta":[],"product_brand":[],"product_cat":[4186],"product_tag":[],"class_list":{"0":"post-590430","1":"product","2":"type-product","3":"status-publish","4":"has-post-thumbnail","6":"product_cat-jacken","7":"pa_brand-blaklaeder","8":"pa_brand-type-workwear","9":"pa_filter-color-blau","10":"pa_filter-color-grau","11":"pa_filter-color-gruen","12":"pa_filter-color-rot","13":"pa_filter-color-schwarz","15":"first","16":"instock","17":"sale","18":"taxable","19":"shipping-taxable","20":"purchasable","21":"product-type-variable","22":"add-to-wishlist-before_image"},"exclude_global_add_ons":[],"addons":[],"acf":[],"_links":{"self":[{"href":"https:\/\/shop.kustom.ch\/en\/wp-json\/wp\/v2\/product\/590430"}],"collection":[{"href":"https:\/\/shop.kustom.ch\/en\/wp-json\/wp\/v2\/product"}],"about":[{"href":"https:\/\/shop.kustom.ch\/en\/wp-json\/wp\/v2\/types\/product"}],"wp:featuredmedia":[{"embeddable":true,"href":"https:\/\/shop.kustom.ch\/en\/wp-json\/wp\/v2\/media\/590485"}],"wp:attachment":[{"href":"https:\/\/shop.kustom.ch\/en\/wp-json\/wp\/v2\/media?parent=590430"}],"wp:term":[{"taxonomy":"product_brand","embeddable":true,"href":"https:\/\/shop.kustom.ch\/en\/wp-json\/wp\/v2\/product_brand?post=590430"},{"taxonomy":"product_cat","embeddable":true,"href":"https:\/\/shop.kustom.ch\/en\/wp-json\/wp\/v2\/product_cat?post=590430"},{"taxonomy":"product_tag","embeddable":true,"href":"https:\/\/shop.kustom.ch\/en\/wp-json\/wp\/v2\/product_tag?post=590430"}],"curies":[{"name":"wp","href":"https:\/\/api.w.org\/{rel}","templated":true}]}}