{"id":590324,"date":"2025-03-04T23:07:30","date_gmt":"2025-03-04T22:07:30","guid":{"rendered":"https:\/\/shop.kustom.ch\/?post_type=product&#038;p=590324"},"modified":"2026-03-31T09:07:33","modified_gmt":"2026-03-31T08:07:33","slug":"strickjacke-mit-softshell","status":"publish","type":"product","link":"https:\/\/shop.kustom.ch\/en\/product\/strickjacke-mit-softshell\/","title":{"rendered":"Cardigan with softshell"},"content":{"rendered":"<p>A hooded cardigan with a fashionable design and unbeatably comfortable fleece quality. This jacket has a new, unique material that can best be described as a three-dimensional fleece. The brushed material gives the jacket its look with stretchy and supple comfort and warmth when needed. Reinforcing softshell inserts are placed in exposed areas of the jacket for increased durability, and as there are no softshell inserts under the arms, ventilation is improved. The 5940 has excellent profiling areas, but fits just as well for everyday work as it does for leisure. You are guaranteed to enjoy it.<\/p>\n<p>CLOSURE: Extended back. Elasticated cuffs. DETAILS: Fixed hood. Reinforced shoulders. FRONT CLOSURE: Plastic zip. MAIN FEATURES: Driver. FABRIC: Men's. black. Wind \/ wet \/ cold. POCKETS: Chest pocket with zip. Front pockets with zips. WASHING INSTRUCTIONS: Do not bleach<\/p>\n<p>97% polyester, 3% elastane, jacquard knit, brushed on one side, stretch, 290 g\/m\u00b2<\/p>","protected":false},"excerpt":{"rendered":"<p>Eine Strickjacke mit Kapuze in modischem Design und unschlagbar komfortabler Fleece-Qualit\u00e4t. Diese Jacke hat ein neues, einzigartiges Material, das sich am besten als dreidimensionales Fleece beschreiben l\u00e4sst. Das geb\u00fcrstete Material verleiht der Jacke ihr Aussehen mit elastischem und geschmeidigem Komfort und W\u00e4rme bei Bedarf. F\u00fcr eine erh\u00f6hte Haltbarkeit sind in den exponierten Bereichen der Jacke [&hellip;]<\/p>\n","protected":false},"featured_media":590353,"template":"","meta":[],"product_brand":[],"product_cat":[4186],"product_tag":[],"class_list":{"0":"post-590324","1":"product","2":"type-product","3":"status-publish","4":"has-post-thumbnail","6":"product_cat-jacken","7":"pa_brand-blaklaeder","8":"pa_brand-type-workwear","9":"pa_filter-color-blau","10":"pa_filter-color-grau","11":"pa_filter-color-gruen","12":"pa_filter-color-orange","13":"pa_filter-color-rot","14":"pa_filter-color-schwarz","16":"first","17":"instock","18":"sale","19":"taxable","20":"shipping-taxable","21":"purchasable","22":"product-type-variable","23":"add-to-wishlist-before_image"},"exclude_global_add_ons":[],"addons":[],"acf":[],"_links":{"self":[{"href":"https:\/\/shop.kustom.ch\/en\/wp-json\/wp\/v2\/product\/590324"}],"collection":[{"href":"https:\/\/shop.kustom.ch\/en\/wp-json\/wp\/v2\/product"}],"about":[{"href":"https:\/\/shop.kustom.ch\/en\/wp-json\/wp\/v2\/types\/product"}],"wp:featuredmedia":[{"embeddable":true,"href":"https:\/\/shop.kustom.ch\/en\/wp-json\/wp\/v2\/media\/590353"}],"wp:attachment":[{"href":"https:\/\/shop.kustom.ch\/en\/wp-json\/wp\/v2\/media?parent=590324"}],"wp:term":[{"taxonomy":"product_brand","embeddable":true,"href":"https:\/\/shop.kustom.ch\/en\/wp-json\/wp\/v2\/product_brand?post=590324"},{"taxonomy":"product_cat","embeddable":true,"href":"https:\/\/shop.kustom.ch\/en\/wp-json\/wp\/v2\/product_cat?post=590324"},{"taxonomy":"product_tag","embeddable":true,"href":"https:\/\/shop.kustom.ch\/en\/wp-json\/wp\/v2\/product_tag?post=590324"}],"curies":[{"name":"wp","href":"https:\/\/api.w.org\/{rel}","templated":true}]}}