{"id":590281,"date":"2025-03-04T23:06:27","date_gmt":"2025-03-04T22:06:27","guid":{"rendered":"https:\/\/shop.kustom.ch\/?post_type=product&#038;p=590281"},"modified":"2026-03-31T09:07:28","modified_gmt":"2026-03-31T08:07:28","slug":"damen-hybrid-jacke","status":"publish","type":"product","link":"https:\/\/shop.kustom.ch\/en\/product\/damen-hybrid-jacke\/","title":{"rendered":"Ladies hybrid jacket"},"content":{"rendered":"<p>A hybrid jacket designed for the female figure. Featuring a thin but warm padding on the front, back and hood and a softshell fabric on the shoulders, arms and sides. A comfortable, warm garment that allows excellent freedom of movement when working in colder environments. Works just as well as a jacket or jumper.<\/p>\n<p>CLOSURE: Extended back. Elasticated cuffs and waistband. DETAILS: Good surfaces for finishing. Fixed hood. FRONT CLOSURE: Wind flap with fleece lining inside. FUNCTIONALITY: Warmly lined upper body at the front and back and partially at the hood and shoulders. Tailored cut. MAIN FEATURES: Floor layer. FABRIC: Available for men and women. High-vis yellow colour. 2-way zip. Wind \/ wet \/ cold. POCKETS: Front pockets with zips. WASHING INSTRUCTIONS: Do not dry clean<\/p>\n<p>100% Polyester, brushed on one side, 380 g\/m\u00b2<\/p>","protected":false},"excerpt":{"rendered":"<p>Eine Hybrid Jacke, die f\u00fcr die weibliche Figur entwickelt wurde. Ausgestattet mit einer d\u00fcnnen aber warmen Polsterung auf der Vorder- und R\u00fcckseite und an der Kapuze und einem Softshell Stoff an den Schultern, den Armen und den Seiten. Ein bequemes, warmes Kleidungsst\u00fcck, das bei Arbeiten in k\u00e4lteren Umgebungen eine ausgezeichnete Bewegungsfreiheit erm\u00f6glicht. Funktioniert genauso gut [&hellip;]<\/p>\n","protected":false},"featured_media":590316,"template":"","meta":[],"product_brand":[],"product_cat":[4186],"product_tag":[],"class_list":{"0":"post-590281","1":"product","2":"type-product","3":"status-publish","4":"has-post-thumbnail","6":"product_cat-jacken","7":"pa_brand-blaklaeder","8":"pa_brand-type-workwear","9":"pa_filter-color-blau","10":"pa_filter-color-gelb","11":"pa_filter-color-grau","12":"pa_filter-color-rot","13":"pa_filter-color-schwarz","15":"first","16":"instock","17":"sale","18":"taxable","19":"shipping-taxable","20":"purchasable","21":"product-type-variable","22":"add-to-wishlist-before_image"},"exclude_global_add_ons":[],"addons":[],"acf":[],"_links":{"self":[{"href":"https:\/\/shop.kustom.ch\/en\/wp-json\/wp\/v2\/product\/590281"}],"collection":[{"href":"https:\/\/shop.kustom.ch\/en\/wp-json\/wp\/v2\/product"}],"about":[{"href":"https:\/\/shop.kustom.ch\/en\/wp-json\/wp\/v2\/types\/product"}],"wp:featuredmedia":[{"embeddable":true,"href":"https:\/\/shop.kustom.ch\/en\/wp-json\/wp\/v2\/media\/590316"}],"wp:attachment":[{"href":"https:\/\/shop.kustom.ch\/en\/wp-json\/wp\/v2\/media?parent=590281"}],"wp:term":[{"taxonomy":"product_brand","embeddable":true,"href":"https:\/\/shop.kustom.ch\/en\/wp-json\/wp\/v2\/product_brand?post=590281"},{"taxonomy":"product_cat","embeddable":true,"href":"https:\/\/shop.kustom.ch\/en\/wp-json\/wp\/v2\/product_cat?post=590281"},{"taxonomy":"product_tag","embeddable":true,"href":"https:\/\/shop.kustom.ch\/en\/wp-json\/wp\/v2\/product_tag?post=590281"}],"curies":[{"name":"wp","href":"https:\/\/api.w.org\/{rel}","templated":true}]}}