{"id":590218,"date":"2025-03-04T23:05:10","date_gmt":"2025-03-04T22:05:10","guid":{"rendered":"https:\/\/shop.kustom.ch\/?post_type=product&#038;p=590218"},"modified":"2026-03-31T09:07:00","modified_gmt":"2026-03-31T08:07:00","slug":"fleecejacke-evolution","status":"publish","type":"product","link":"https:\/\/shop.kustom.ch\/en\/product\/fleecejacke-evolution\/","title":{"rendered":"Evolution fleece jacket"},"content":{"rendered":"<p>Technical fleece jacket fits close to the body and is made of a flexible stretch material with good moisture transport. The fleece insulates against the cold, dries quickly and keeps you dry and comfortable, even during hard work. For optimum fit and comfort, the jacket has an extended back and thumb holes. Fits perfectly under the shell jacket in colder temperatures.<\/p>\n<p>CLOSURE: Elasticated band at the bottom hem. Extended cuffs with thumb opening and elasticated hem. DETAILS: Fleece-lined collar. FRONT CLOSURE: Front zip with fleece chin guard. MAIN FEATURES: Floor layer. FABRIC: Men's. black. Wind \/ wet \/ cold. POCKETS: Front pockets with zip, fleece lined. WASHING INSTRUCTIONS: Do not spin-dry<\/p>\n<p>92% polyester, 8% elastane, fleece brushed on one side, quick-drying, 240g\/m\u00b2<\/p>","protected":false},"excerpt":{"rendered":"<p>Technische Fleecejacke liegt eng am K\u00f6rper und besteht aus einem nachgiebigen Stretch Material mit gutem Feuchtigkeitstransport. Das Fleece isoliert gegen K\u00e4lte, trocknet schnell und h\u00e4lt Sie trocken und komfortabel, sogar bei harter Arbeit. F\u00fcr optimale Passform und Komfort, hat die Jacke einen verl\u00e4ngerten R\u00fccken und Daumenl\u00f6cher. Passt perfekt unter die Shelljacke bei k\u00e4lteren Temperaturen. ABSCHLUSS: [&hellip;]<\/p>\n","protected":false},"featured_media":590283,"template":"","meta":[],"product_brand":[],"product_cat":[4186],"product_tag":[],"class_list":{"0":"post-590218","1":"product","2":"type-product","3":"status-publish","4":"has-post-thumbnail","6":"product_cat-jacken","7":"pa_brand-blaklaeder","8":"pa_brand-type-workwear","9":"pa_filter-color-schwarz","11":"first","12":"instock","13":"sale","14":"taxable","15":"shipping-taxable","16":"purchasable","17":"product-type-variable","18":"add-to-wishlist-before_image"},"exclude_global_add_ons":[],"addons":[],"acf":[],"_links":{"self":[{"href":"https:\/\/shop.kustom.ch\/en\/wp-json\/wp\/v2\/product\/590218"}],"collection":[{"href":"https:\/\/shop.kustom.ch\/en\/wp-json\/wp\/v2\/product"}],"about":[{"href":"https:\/\/shop.kustom.ch\/en\/wp-json\/wp\/v2\/types\/product"}],"wp:featuredmedia":[{"embeddable":true,"href":"https:\/\/shop.kustom.ch\/en\/wp-json\/wp\/v2\/media\/590283"}],"wp:attachment":[{"href":"https:\/\/shop.kustom.ch\/en\/wp-json\/wp\/v2\/media?parent=590218"}],"wp:term":[{"taxonomy":"product_brand","embeddable":true,"href":"https:\/\/shop.kustom.ch\/en\/wp-json\/wp\/v2\/product_brand?post=590218"},{"taxonomy":"product_cat","embeddable":true,"href":"https:\/\/shop.kustom.ch\/en\/wp-json\/wp\/v2\/product_cat?post=590218"},{"taxonomy":"product_tag","embeddable":true,"href":"https:\/\/shop.kustom.ch\/en\/wp-json\/wp\/v2\/product_tag?post=590218"}],"curies":[{"name":"wp","href":"https:\/\/api.w.org\/{rel}","templated":true}]}}