{"id":590161,"date":"2025-03-04T23:04:31","date_gmt":"2025-03-04T22:04:31","guid":{"rendered":"https:\/\/shop.kustom.ch\/?post_type=product&#038;p=590161"},"modified":"2026-03-31T09:06:58","modified_gmt":"2026-03-31T08:06:58","slug":"microfleece-jacke","status":"publish","type":"product","link":"https:\/\/shop.kustom.ch\/en\/product\/microfleece-jacke\/","title":{"rendered":"Microfleece jacket"},"content":{"rendered":"<p>Anti-pilling treated microfleece jacket with high-visibility details for increased visibility. This fleece jacket has reflective details on the sleeves, pockets and shoulders, as well as front pockets with zip and 2 inside pockets. The back is longer for an optimum fit and the sleeve and jacket ends have elasticated cuffs. The collar is lined with fleece on the inside.<\/p>\n<p>CLOSURE: Extended back. Elasticated cuffs. DETAILS: Fleece-lined collar. High-vis inserts for increased visibility. FRONT CLOSURE: Wind flap with fleece lining inside. MAIN FEATURES: Driver. REFLEX: Reflectors on shoulders and sleeves. FABRIC: Men's. blue. Visible. POCKETS: Front pockets with zip and two inside pockets. WASHING INSTRUCTIONS: Do not spin. CERTIFICATION: Not High Vis certified<\/p>\n<p>100 % polyester, microfleece, anti-pilling, 170 g\/m\u00b2<\/p>","protected":false},"excerpt":{"rendered":"<p>Antipilling behandelte Microfleece Jacke mit Warnschutz-Details f\u00fcr erh\u00f6hte Sichtbarkeit. Diese Fleecejacke hat sowohl reflektierende Details an den \u00c4rmeln, Taschen und Schultern, als auch Vordertaschen mit Reissverschluss und 2 Innentaschen. F\u00fcr eine optimale Passform ist der R\u00fccken verl\u00e4ngert und \u00c4rmel-und Jackenabschl\u00fcsse haben elastische B\u00fcndchen. Der Kragen ist innen mit Fleece gef\u00fcttert. ABSCHLUSS: Verl\u00e4ngerter R\u00fccken. \u00c4rmelb\u00fcndchen mit [&hellip;]<\/p>\n","protected":false},"featured_media":590225,"template":"","meta":[],"product_brand":[],"product_cat":[4186],"product_tag":[],"class_list":{"0":"post-590161","1":"product","2":"type-product","3":"status-publish","4":"has-post-thumbnail","6":"product_cat-jacken","7":"pa_brand-blaklaeder","8":"pa_brand-type-workwear","9":"pa_filter-color-blau","10":"pa_filter-color-gelb","11":"pa_filter-color-schwarz","13":"first","14":"instock","15":"sale","16":"taxable","17":"shipping-taxable","18":"purchasable","19":"product-type-variable","20":"add-to-wishlist-before_image"},"exclude_global_add_ons":[],"addons":[],"acf":[],"_links":{"self":[{"href":"https:\/\/shop.kustom.ch\/en\/wp-json\/wp\/v2\/product\/590161"}],"collection":[{"href":"https:\/\/shop.kustom.ch\/en\/wp-json\/wp\/v2\/product"}],"about":[{"href":"https:\/\/shop.kustom.ch\/en\/wp-json\/wp\/v2\/types\/product"}],"wp:featuredmedia":[{"embeddable":true,"href":"https:\/\/shop.kustom.ch\/en\/wp-json\/wp\/v2\/media\/590225"}],"wp:attachment":[{"href":"https:\/\/shop.kustom.ch\/en\/wp-json\/wp\/v2\/media?parent=590161"}],"wp:term":[{"taxonomy":"product_brand","embeddable":true,"href":"https:\/\/shop.kustom.ch\/en\/wp-json\/wp\/v2\/product_brand?post=590161"},{"taxonomy":"product_cat","embeddable":true,"href":"https:\/\/shop.kustom.ch\/en\/wp-json\/wp\/v2\/product_cat?post=590161"},{"taxonomy":"product_tag","embeddable":true,"href":"https:\/\/shop.kustom.ch\/en\/wp-json\/wp\/v2\/product_tag?post=590161"}],"curies":[{"name":"wp","href":"https:\/\/api.w.org\/{rel}","templated":true}]}}