{"id":590138,"date":"2025-03-04T23:03:55","date_gmt":"2025-03-04T22:03:55","guid":{"rendered":"https:\/\/shop.kustom.ch\/?post_type=product&#038;p=590138"},"modified":"2026-03-31T09:06:50","modified_gmt":"2026-03-31T08:06:50","slug":"shell-jacke","status":"publish","type":"product","link":"https:\/\/shop.kustom.ch\/en\/product\/shell-jacke\/","title":{"rendered":"Shell jacket"},"content":{"rendered":"<p>Practical and movement-friendly weather protection jacket made from a smooth, soft and quiet stretch material that ensures a high level of comfort and freedom of movement. The jacket is wind and waterproof with taped seams and cleverly placed reflective details on the front, back, hood and sleeves for increased visibility. The brushed mesh lining increases breathability and the membrane of the outer material prevents moisture from penetrating - so you stay dry all day long. Certified according to EN 343.<\/p>\n<p>CLOSURE: Adjustable waistband with drawstring. Cuffs with inner cuffs. DETAILS: zip in the lining for easy textile finishing. Foldaway ID card pocket. Detachable and adjustable hood with mesh lining. Fleece-lined collar. FRONT CLOSURE: Concealed, reinforced plastic zip. FUNCTIONALITY: Ventilation at the back. MAIN FEATURES: Lumberjack. EN 343. REFLEX: Reflective details on front, back, hood and sleeves. FABRIC: Available for men and women. red. windproof. Wind \/ wet \/ cold. POCKETS: Chest pockets with zip. Inside pocket for documents. Inside mobile phone pocket. Inner mesh pocket. Slit pockets with zip and fleece lining. WASHING INSTRUCTIONS: Do not iron. CERTIFICATION: EN 343, class 4.4<\/p>\n<p>100% polyester, twill, stretch, coated, waterproof 11,000mm, windproof, breathable Ret 6.3, 150 g\/m\u00b2<\/p>","protected":false},"excerpt":{"rendered":"<p>Praktische und bewegungsfreundliche Wetterschutz-Jacke aus einem glatten, weichen und leisen Stretch-Material, das Ihnen hohen Tragekomfort und Bewegungsfreiheit gew\u00e4hrleistet. Die Jacke ist wind- und wasserdicht mit verklebten N\u00e4hten und mit geschickt platzierten, reflektierenden Details an Vorderseite, R\u00fccken, Kapuze und \u00c4rmel f\u00fcr erh\u00f6hte Sichtbarkeit ausgestattet. Das aufgeraute Mesh Futter erh\u00f6ht die Atmungsaktivit\u00e4t und die Membrane des Aussenmaterials [&hellip;]<\/p>\n","protected":false},"featured_media":590189,"template":"","meta":[],"product_brand":[],"product_cat":[4186],"product_tag":[],"class_list":{"0":"post-590138","1":"product","2":"type-product","3":"status-publish","4":"has-post-thumbnail","6":"product_cat-jacken","7":"pa_brand-blaklaeder","8":"pa_brand-type-workwear","9":"pa_filter-color-rot","10":"pa_filter-color-schwarz","12":"first","13":"instock","14":"sale","15":"taxable","16":"shipping-taxable","17":"purchasable","18":"product-type-variable","19":"add-to-wishlist-before_image"},"exclude_global_add_ons":[],"addons":[],"acf":[],"_links":{"self":[{"href":"https:\/\/shop.kustom.ch\/en\/wp-json\/wp\/v2\/product\/590138"}],"collection":[{"href":"https:\/\/shop.kustom.ch\/en\/wp-json\/wp\/v2\/product"}],"about":[{"href":"https:\/\/shop.kustom.ch\/en\/wp-json\/wp\/v2\/types\/product"}],"wp:featuredmedia":[{"embeddable":true,"href":"https:\/\/shop.kustom.ch\/en\/wp-json\/wp\/v2\/media\/590189"}],"wp:attachment":[{"href":"https:\/\/shop.kustom.ch\/en\/wp-json\/wp\/v2\/media?parent=590138"}],"wp:term":[{"taxonomy":"product_brand","embeddable":true,"href":"https:\/\/shop.kustom.ch\/en\/wp-json\/wp\/v2\/product_brand?post=590138"},{"taxonomy":"product_cat","embeddable":true,"href":"https:\/\/shop.kustom.ch\/en\/wp-json\/wp\/v2\/product_cat?post=590138"},{"taxonomy":"product_tag","embeddable":true,"href":"https:\/\/shop.kustom.ch\/en\/wp-json\/wp\/v2\/product_tag?post=590138"}],"curies":[{"name":"wp","href":"https:\/\/api.w.org\/{rel}","templated":true}]}}