{"id":590032,"date":"2025-03-04T23:02:07","date_gmt":"2025-03-04T22:02:07","guid":{"rendered":"https:\/\/shop.kustom.ch\/?post_type=product&#038;p=590032"},"modified":"2026-03-31T09:06:40","modified_gmt":"2026-03-31T08:06:40","slug":"damen-microfleece-jacke","status":"publish","type":"product","link":"https:\/\/shop.kustom.ch\/en\/product\/damen-microfleece-jacke\/","title":{"rendered":"Ladies microfleece jacket"},"content":{"rendered":"<p>A microfleece jacket that can also be used as a second layer with intermittent reflective details and high-vis inserts for increased visibility. The women's jacket keeps the cold out and feels great thanks to the material. For an optimal fit, the back is extended and elastic cuffs are found on the sleeves and hem. The collar is fleece-lined and the jacket has a two-way zip. <\/p>\n<p>FINISH: Elastic band at the bottom hem. Elasticated cuffs. DETAILS: Fleece-lined collar. High-vis inserts for increased visibility. FRONT CLOSURE: Two-way plastic zip. MAIN FEATURES: Craftsman. REFLEX: Reflectors on shoulders and sleeves. FABRIC: Available for women and men. Yellow. 2-way zip. Wind \/ wet \/ cold. POCKETS: Front pockets with zip and two inside pockets. WASHING INSTRUCTIONS: Do not dry clean. CERTIFICATION: Not High Vis certified.<\/p>\n<p>100 % polyester, microfleece, anti-pilling, 170 g\/m\u00b2<\/p>","protected":false},"excerpt":{"rendered":"<p>Eine Microfleece Jacke, die auch als zweite Lage mit unterbrochenen Reflexdetails und Eins\u00e4tzen in High Vis f\u00fcr h\u00f6here Sichtbarkeit genutzt werden kann. Die Damen Jacke h\u00e4lt die K\u00e4lte fern und gibt dank des Materials ein gutes Gef\u00fchl. F\u00fcr eine optimale Passform ist der R\u00fccken verl\u00e4ngert und elastische B\u00fcndchen sind an den \u00c4rmeln und am Saum [&hellip;]<\/p>\n","protected":false},"featured_media":590080,"template":"","meta":[],"product_brand":[],"product_cat":[4186],"product_tag":[],"class_list":{"0":"post-590032","1":"product","2":"type-product","3":"status-publish","4":"has-post-thumbnail","6":"product_cat-jacken","7":"pa_brand-blaklaeder","8":"pa_brand-type-workwear","9":"pa_filter-color-blau","10":"pa_filter-color-gelb","11":"pa_filter-color-schwarz","13":"first","14":"instock","15":"sale","16":"taxable","17":"shipping-taxable","18":"purchasable","19":"product-type-variable","20":"add-to-wishlist-before_image"},"exclude_global_add_ons":[],"addons":[],"acf":[],"_links":{"self":[{"href":"https:\/\/shop.kustom.ch\/en\/wp-json\/wp\/v2\/product\/590032"}],"collection":[{"href":"https:\/\/shop.kustom.ch\/en\/wp-json\/wp\/v2\/product"}],"about":[{"href":"https:\/\/shop.kustom.ch\/en\/wp-json\/wp\/v2\/types\/product"}],"wp:featuredmedia":[{"embeddable":true,"href":"https:\/\/shop.kustom.ch\/en\/wp-json\/wp\/v2\/media\/590080"}],"wp:attachment":[{"href":"https:\/\/shop.kustom.ch\/en\/wp-json\/wp\/v2\/media?parent=590032"}],"wp:term":[{"taxonomy":"product_brand","embeddable":true,"href":"https:\/\/shop.kustom.ch\/en\/wp-json\/wp\/v2\/product_brand?post=590032"},{"taxonomy":"product_cat","embeddable":true,"href":"https:\/\/shop.kustom.ch\/en\/wp-json\/wp\/v2\/product_cat?post=590032"},{"taxonomy":"product_tag","embeddable":true,"href":"https:\/\/shop.kustom.ch\/en\/wp-json\/wp\/v2\/product_tag?post=590032"}],"curies":[{"name":"wp","href":"https:\/\/api.w.org\/{rel}","templated":true}]}}