{"id":589989,"date":"2025-03-04T23:01:04","date_gmt":"2025-03-04T22:01:04","guid":{"rendered":"https:\/\/shop.kustom.ch\/?post_type=product&#038;p=589989"},"modified":"2026-03-31T09:06:34","modified_gmt":"2026-03-31T08:06:34","slug":"damen-winterjacke","status":"publish","type":"product","link":"https:\/\/shop.kustom.ch\/en\/product\/damen-winterjacke\/","title":{"rendered":"Ladies winter jacket"},"content":{"rendered":"<p>Highly functional wind and water-resistant winter jacket with welded seams and removable, adjustable hood. The jacket has mesh inserts in carefully selected areas to wick moisture away from the body. For an optimal fit, the jacket has pre-shaped elbows and a two-way zip. The cuffs are adjustable and have an inner cuff with thumb hole. Discreet reflective details can be found on the front, back, hood and arms. Certified according to EN 343, rain protection.<\/p>\n<p>FINISH: Adjustable waistband with drawstring. Adjustable cuffs with Velcro fasteners. DETAILS: Zipper in the lining for easy textile finishing. Detachable ID pocket. Detachable, adjustable hood. Fleece-lined collar. FRONT CLOSURE: Concealed two-way plastic zip. FUNCTIONALITY: Mesh inserts in key sweat zones. Women's size. MAIN FEATURES: Craftsman. EN 343. REFLEX: Reflective details on front, back, hood and sleeves. FABRIC: Available for women and men. Black. Waterproof. Wind \/ wet \/ cold. POCKETS: Chest pocket with flap. Mesh inner pocket. Front pockets with zip, fleece-lined. WASHING INSTRUCTIONS: Do not iron. CERTIFICATION: EN 343, Class 3.1<\/p>\n<p>100% polyester, twill, stretch, coated, waterproof 11,000mm, windproof, breathable Ret 6.3, 150 g\/m\u00b2<\/p>","protected":false},"excerpt":{"rendered":"<p>Hochfunktionelle wind- und wasserabweisende Winterjacke mit verschweissten N\u00e4hten und abnehmbarer, einstellbarer Kapuze. Die Jacke hat Mesh Eins\u00e4tze an sorgf\u00e4ltig gew\u00e4hlten Stellen, um Feuchtigkeit vom K\u00f6rper weg zu transportieren. F\u00fcr einen optimalen Schnitt hat die Jacke vorgeformte Ellb\u00f6gen und einen Zwei-Wege Reissverschluss. Die Armabschl\u00fcsse sind einstellbar und haben einen Innenbund mit Daumenloch. Diskrete Reflexdetails sind an [&hellip;]<\/p>\n","protected":false},"featured_media":590056,"template":"","meta":[],"product_brand":[],"product_cat":[4186],"product_tag":[],"class_list":{"0":"post-589989","1":"product","2":"type-product","3":"status-publish","4":"has-post-thumbnail","6":"product_cat-jacken","7":"pa_brand-blaklaeder","8":"pa_brand-type-workwear","9":"pa_filter-color-schwarz","11":"first","12":"instock","13":"sale","14":"taxable","15":"shipping-taxable","16":"purchasable","17":"product-type-variable","18":"add-to-wishlist-before_image"},"exclude_global_add_ons":[],"addons":[],"acf":[],"_links":{"self":[{"href":"https:\/\/shop.kustom.ch\/en\/wp-json\/wp\/v2\/product\/589989"}],"collection":[{"href":"https:\/\/shop.kustom.ch\/en\/wp-json\/wp\/v2\/product"}],"about":[{"href":"https:\/\/shop.kustom.ch\/en\/wp-json\/wp\/v2\/types\/product"}],"wp:featuredmedia":[{"embeddable":true,"href":"https:\/\/shop.kustom.ch\/en\/wp-json\/wp\/v2\/media\/590056"}],"wp:attachment":[{"href":"https:\/\/shop.kustom.ch\/en\/wp-json\/wp\/v2\/media?parent=589989"}],"wp:term":[{"taxonomy":"product_brand","embeddable":true,"href":"https:\/\/shop.kustom.ch\/en\/wp-json\/wp\/v2\/product_brand?post=589989"},{"taxonomy":"product_cat","embeddable":true,"href":"https:\/\/shop.kustom.ch\/en\/wp-json\/wp\/v2\/product_cat?post=589989"},{"taxonomy":"product_tag","embeddable":true,"href":"https:\/\/shop.kustom.ch\/en\/wp-json\/wp\/v2\/product_tag?post=589989"}],"curies":[{"name":"wp","href":"https:\/\/api.w.org\/{rel}","templated":true}]}}