{"id":589923,"date":"2025-03-04T22:59:57","date_gmt":"2025-03-04T21:59:57","guid":{"rendered":"https:\/\/shop.kustom.ch\/?post_type=product&#038;p=589923"},"modified":"2026-03-31T09:06:26","modified_gmt":"2026-03-31T08:06:26","slug":"flammschutz-winterjacke","status":"publish","type":"product","link":"https:\/\/shop.kustom.ch\/en\/product\/flammschutz-winterjacke\/","title":{"rendered":"Flame protection winter jacket"},"content":{"rendered":"<p>Robust, oil, dirt and water-repellent flame protection winter jacket with concealed metal zip and functional pockets. Movement pleats on the back and pre-shaped elbows ensure optimum freedom of movement. Reflective details increase visibility. The fabric has an arc resistance of EN 61482-1-1 atpv 16.0 cal\/cm\u00b2. Certified according to EN 342, EN 1149-5, EN ISO 11611, EN 13034, EN ISO 11612, IEC 61482-2.<\/p>\n<p>CLOSURE: Adjustable waistband with press studs. Adjustable cuffs with press studs. DETAILS: Bellows at the back. External certification labels. High collar with concealed zip. FRONT CLOSURE: Concealed, reinforced metal zip. FUNCTIONALITY: Warmly lined. MAIN FEATURES: Welder. EN ISO 11612. REFLEX: Reflective details. FABRIC: Men's. grey. Flame retardant. POCKETS: Chest pockets with zip. Mobile phone pocket inside. Inside pocket. Set-in pockets with flaps. WASHING INSTRUCTIONS: Do not iron. CERTIFICATION: EN 1149-5. 20 washes max. EN 342 together with 1869-1514. EN ISO 11611, class 1 A1+A2. EN ISO 11612 A1, A2, B1, C1, E3, F1. IEC 61482-2, APC 2<\/p>\n<p>85% cotton, 14% polyester, 1% antistatic, twill, flame-retardant, antistatic, 350 g\/m\u00b2<\/p>","protected":false},"excerpt":{"rendered":"<p>Robuste, \u00f6l-, schmutz- und wasserabweisende Flammschutz Winterjacke mit verdecktem Metall-Reissverschluss und funktionellen Taschen. Bewegungsfalten am R\u00fccken und vorgeformte Ellb\u00f6gen sorgen f\u00fcr optimale Bewegungsfreiheit. Reflektierende Details erh\u00f6hen die Sichtbarkeit. Der Stoff hat eine Lichtbogenfestigkeit von EN 61482-1-1 atpv 16,0 cal\/cm\u00b2. Zertifiziert nach EN 342, EN 1149-5, EN ISO 11611, EN 13034, EN ISO 11612, IEC 61482-2. [&hellip;]<\/p>\n","protected":false},"featured_media":589961,"template":"","meta":[],"product_brand":[],"product_cat":[4186],"product_tag":[],"class_list":{"0":"post-589923","1":"product","2":"type-product","3":"status-publish","4":"has-post-thumbnail","6":"product_cat-jacken","7":"pa_brand-blaklaeder","8":"pa_brand-type-workwear","9":"pa_filter-color-grau","10":"pa_filter-color-schwarz","12":"first","13":"instock","14":"sale","15":"taxable","16":"shipping-taxable","17":"purchasable","18":"product-type-variable","19":"add-to-wishlist-before_image"},"exclude_global_add_ons":[],"addons":[],"acf":[],"_links":{"self":[{"href":"https:\/\/shop.kustom.ch\/en\/wp-json\/wp\/v2\/product\/589923"}],"collection":[{"href":"https:\/\/shop.kustom.ch\/en\/wp-json\/wp\/v2\/product"}],"about":[{"href":"https:\/\/shop.kustom.ch\/en\/wp-json\/wp\/v2\/types\/product"}],"wp:featuredmedia":[{"embeddable":true,"href":"https:\/\/shop.kustom.ch\/en\/wp-json\/wp\/v2\/media\/589961"}],"wp:attachment":[{"href":"https:\/\/shop.kustom.ch\/en\/wp-json\/wp\/v2\/media?parent=589923"}],"wp:term":[{"taxonomy":"product_brand","embeddable":true,"href":"https:\/\/shop.kustom.ch\/en\/wp-json\/wp\/v2\/product_brand?post=589923"},{"taxonomy":"product_cat","embeddable":true,"href":"https:\/\/shop.kustom.ch\/en\/wp-json\/wp\/v2\/product_cat?post=589923"},{"taxonomy":"product_tag","embeddable":true,"href":"https:\/\/shop.kustom.ch\/en\/wp-json\/wp\/v2\/product_tag?post=589923"}],"curies":[{"name":"wp","href":"https:\/\/api.w.org\/{rel}","templated":true}]}}