{"id":589903,"date":"2025-03-04T22:59:53","date_gmt":"2025-03-04T21:59:53","guid":{"rendered":"https:\/\/shop.kustom.ch\/?post_type=product&#038;p=589903"},"modified":"2026-03-31T09:06:25","modified_gmt":"2026-03-31T08:06:25","slug":"winddichte-fleecejacke","status":"publish","type":"product","link":"https:\/\/shop.kustom.ch\/en\/product\/winddichte-fleecejacke\/","title":{"rendered":"Windproof fleece jacket"},"content":{"rendered":"<p>Windproof, breathable and robust fleece jacket. For extremely high abrasion resistance, this fleece jacket has CORDURA\u00ae reinforcements in exposed areas such as the shoulders, elbows and sleeves. Functional pocket solutions, such as a breast pocket, front pockets with zip and 2 inside pockets, offer plenty of storage options. For greater comfort, the hem of the jacket can be adjusted with a drawstring and the cuffs have thumb loops. Many reflective details ensure increased visibility!<\/p>\n<p>CLOSURE: Adjustable waistband with drawstring. Cuffs with thumb opening. DETAILS: D-ring. Fleece-lined collar. FRONT CLOSURE: Concealed, reinforced plastic zip. FUNCTIONALITY: Windproof and breathable. MAIN FEATURES: Concrete builder. REFLEX: Reflective details. FABRIC: Men's. white. windproof. Wind \/ wet \/ cold. POCKETS: Chest pocket with zip. Front pockets with zip and two inside pockets. WASHING INSTRUCTIONS: 40\u00b0 C. REINFORCEMENT: Reinforced on shoulders and sleeves<\/p>\n<p>100% polyester, fleece, laminated, wind and waterproof, breathable, 280 g\/m\u00b2<\/p>","protected":false},"excerpt":{"rendered":"<p>Winddichte, atmungsaktive und robuste Fleece-Jacke. F\u00fcr eine extrem hohe Abriebfestigkeit, hat diese Fleece-Jacke CORDURA\u00ae-Verst\u00e4rkungen an exponierten Stellen, wie Schultern, Ellb\u00f6gen und an den \u00c4rmeln. Funktionelle Taschenl\u00f6sungen, wie z.Bsp. eine Brusttasche, Vordertaschen mit Reissverschluss und 2 Innentaschen bieten sehr viele Verstaum\u00f6glichkeiten. F\u00fcr h\u00f6heren Tragekomfort kann der Saum der Jacke mit einem Kordelzug eingestellt werden und die [&hellip;]<\/p>\n","protected":false},"featured_media":589960,"template":"","meta":[],"product_brand":[],"product_cat":[4186],"product_tag":[],"class_list":{"0":"post-589903","1":"product","2":"type-product","3":"status-publish","4":"has-post-thumbnail","6":"product_cat-jacken","7":"pa_brand-blaklaeder","8":"pa_brand-type-workwear","9":"pa_filter-color-blau","10":"pa_filter-color-grau","11":"pa_filter-color-schwarz","12":"pa_filter-color-weiss","14":"first","15":"instock","16":"sale","17":"taxable","18":"shipping-taxable","19":"purchasable","20":"product-type-variable","21":"add-to-wishlist-before_image"},"exclude_global_add_ons":[],"addons":[],"acf":[],"_links":{"self":[{"href":"https:\/\/shop.kustom.ch\/en\/wp-json\/wp\/v2\/product\/589903"}],"collection":[{"href":"https:\/\/shop.kustom.ch\/en\/wp-json\/wp\/v2\/product"}],"about":[{"href":"https:\/\/shop.kustom.ch\/en\/wp-json\/wp\/v2\/types\/product"}],"wp:featuredmedia":[{"embeddable":true,"href":"https:\/\/shop.kustom.ch\/en\/wp-json\/wp\/v2\/media\/589960"}],"wp:attachment":[{"href":"https:\/\/shop.kustom.ch\/en\/wp-json\/wp\/v2\/media?parent=589903"}],"wp:term":[{"taxonomy":"product_brand","embeddable":true,"href":"https:\/\/shop.kustom.ch\/en\/wp-json\/wp\/v2\/product_brand?post=589903"},{"taxonomy":"product_cat","embeddable":true,"href":"https:\/\/shop.kustom.ch\/en\/wp-json\/wp\/v2\/product_cat?post=589903"},{"taxonomy":"product_tag","embeddable":true,"href":"https:\/\/shop.kustom.ch\/en\/wp-json\/wp\/v2\/product_tag?post=589903"}],"curies":[{"name":"wp","href":"https:\/\/api.w.org\/{rel}","templated":true}]}}