{"id":589599,"date":"2025-03-04T22:55:10","date_gmt":"2025-03-04T21:55:10","guid":{"rendered":"https:\/\/shop.kustom.ch\/?post_type=product&#038;p=589599"},"modified":"2026-03-31T08:53:03","modified_gmt":"2026-03-31T07:53:03","slug":"uv-schutz-high-vis-polo-shirt","status":"publish","type":"product","link":"https:\/\/shop.kustom.ch\/en\/product\/uv-schutz-high-vis-polo-shirt\/","title":{"rendered":"UV protection high vis polo shirt"},"content":{"rendered":"<p>High Vis certified polo shirt with UV protection, made of lightweight knitted fabric with structure for ventilation. The material has moisture-regulating properties for a pleasant and dry feeling on the body. The polo has interrupted reflective stripes with stretch properties for optimum freedom of movement. Certified according to EN ISO 20471 class 2 and EN 13758-2 UPF 40+.<\/p>\n<p>DETAILS: Neckline with buttons. Ribbed collar. FUNCTIONALITY: Materials with anti-odour functionality. MAIN PROPERTIES: Road and construction workers. EN ISO 20471. REFLEX: Reflective material on body, sleeves and shoulders. FABRIC: Men's. High-vis yellow. High-visibility protection. WASHING INSTRUCTIONS: Colour 5500 - max. 40\u00b0, max. 25 washes. Do not bleach. CERTIFICATION: EN 13758-2 UPF 40 +. EN ISO 20471, XS-M class 2, L-&gt; class 3<\/p>\n<p>100% polyester, birdseye knit, moisture transport, UV protection, 130g\/m\u00b2<\/p>","protected":false},"excerpt":{"rendered":"<p>High Vis zertifiziertes Polo Shirt mit UV-Schutz, aus leichtem Strickgewebe mit Struktur f\u00fcr die Bel\u00fcftung. Das Material hat feuchtigkeitsregulierende Eigenschaften f\u00fcr ein angenehmes und trockenes Gef\u00fchl am K\u00f6rper. Das Polo hat unterbrochene Reflexstreifen mit Stretch-Eigenschaften, f\u00fcr optimale Bewegungsfreiheit. Zertifiziert nach EN ISO 20471 Klasse 2 und EN 13758-2 UPF 40+. DETAILS: Halsausschnitt mit Kn\u00f6pfen. Gerippter [&hellip;]<\/p>\n","protected":false},"featured_media":589664,"template":"","meta":[],"product_brand":[],"product_cat":[4201],"product_tag":[],"class_list":{"0":"post-589599","1":"product","2":"type-product","3":"status-publish","4":"has-post-thumbnail","6":"product_cat-t-shirts","7":"pa_brand-blaklaeder","8":"pa_brand-type-workwear","9":"pa_filter-color-gelb","10":"pa_filter-color-orange","11":"pa_filter-color-rot","13":"first","14":"instock","15":"sale","16":"taxable","17":"shipping-taxable","18":"purchasable","19":"product-type-variable","20":"add-to-wishlist-before_image"},"exclude_global_add_ons":[],"addons":[],"acf":[],"_links":{"self":[{"href":"https:\/\/shop.kustom.ch\/en\/wp-json\/wp\/v2\/product\/589599"}],"collection":[{"href":"https:\/\/shop.kustom.ch\/en\/wp-json\/wp\/v2\/product"}],"about":[{"href":"https:\/\/shop.kustom.ch\/en\/wp-json\/wp\/v2\/types\/product"}],"wp:featuredmedia":[{"embeddable":true,"href":"https:\/\/shop.kustom.ch\/en\/wp-json\/wp\/v2\/media\/589664"}],"wp:attachment":[{"href":"https:\/\/shop.kustom.ch\/en\/wp-json\/wp\/v2\/media?parent=589599"}],"wp:term":[{"taxonomy":"product_brand","embeddable":true,"href":"https:\/\/shop.kustom.ch\/en\/wp-json\/wp\/v2\/product_brand?post=589599"},{"taxonomy":"product_cat","embeddable":true,"href":"https:\/\/shop.kustom.ch\/en\/wp-json\/wp\/v2\/product_cat?post=589599"},{"taxonomy":"product_tag","embeddable":true,"href":"https:\/\/shop.kustom.ch\/en\/wp-json\/wp\/v2\/product_tag?post=589599"}],"curies":[{"name":"wp","href":"https:\/\/api.w.org\/{rel}","templated":true}]}}