{"id":589468,"date":"2025-03-04T22:52:50","date_gmt":"2025-03-04T21:52:50","guid":{"rendered":"https:\/\/shop.kustom.ch\/?post_type=product&#038;p=589468"},"modified":"2026-03-31T08:52:32","modified_gmt":"2026-03-31T07:52:32","slug":"damen-high-vis-t-shirt-2","status":"publish","type":"product","link":"https:\/\/shop.kustom.ch\/en\/product\/damen-high-vis-t-shirt-2\/","title":{"rendered":"Ladies High Vis T-Shirt"},"content":{"rendered":"<p>A modern, soft and comfortable cotton T-shirt in a women's cut. The high-vis fabric has a moisture-wicking and odour-inhibiting function. The T-shirt has a round neckline with reinforced neck seam, interrupted reflective areas for good ventilation and stretch properties for optimum freedom of movement. The dark-coloured part of the T-shirt is made from 100% cotton and the high-vis part from 100% polyester. Also available as men's model 3421.<\/p>\n<p>DETAILS: Print - Bl\u00e5kl\u00e4der. Round neck. Reinforced neck seams. MAIN FEATURES: Road and construction workers. EN ISO 20471. REFLEX: 50 mm wide transfer reflective stripes. FABRIC: Available for men and women. High-vis yellow. High-visibility protection. Fluorescent material in high vis 100% polyester. WASHING INSTRUCTIONS: Number of washes: 50, do not spin. CERTIFICATION: Certification group D<\/p>\n<p>100% Cotton, jersey, 180 g\/m\u00b2<\/p>","protected":false},"excerpt":{"rendered":"<p>Ein modernes, weiches und bequemes T-Shirt aus Baumwolle im Damenschnitt. Der High Vis Stoff besitzt eine feuchtigkeitsableitende und geruchshemmende Funktion. Das T-Shirt hat einen Rundhalsausschnitt mit verst\u00e4rkter Halsnaht, unterbrochene reflektierende Bereiche f\u00fcr gute Bel\u00fcftung und Stretch-Eigenschaften f\u00fcr optimale Bewegungsfreiheit. Der dunkle Teil des T-Shirts besteht aus 100% Baumwolle und der High Vis Teil aus 100% [&hellip;]<\/p>\n","protected":false},"featured_media":589511,"template":"","meta":[],"product_brand":[],"product_cat":[4201],"product_tag":[],"class_list":{"0":"post-589468","1":"product","2":"type-product","3":"status-publish","4":"has-post-thumbnail","6":"product_cat-t-shirts","7":"pa_brand-blaklaeder","8":"pa_brand-type-workwear","9":"pa_filter-color-blau","10":"pa_filter-color-gelb","11":"pa_filter-color-orange","13":"first","14":"instock","15":"sale","16":"taxable","17":"shipping-taxable","18":"purchasable","19":"product-type-variable","20":"add-to-wishlist-before_image"},"exclude_global_add_ons":[],"addons":[],"acf":[],"_links":{"self":[{"href":"https:\/\/shop.kustom.ch\/en\/wp-json\/wp\/v2\/product\/589468"}],"collection":[{"href":"https:\/\/shop.kustom.ch\/en\/wp-json\/wp\/v2\/product"}],"about":[{"href":"https:\/\/shop.kustom.ch\/en\/wp-json\/wp\/v2\/types\/product"}],"wp:featuredmedia":[{"embeddable":true,"href":"https:\/\/shop.kustom.ch\/en\/wp-json\/wp\/v2\/media\/589511"}],"wp:attachment":[{"href":"https:\/\/shop.kustom.ch\/en\/wp-json\/wp\/v2\/media?parent=589468"}],"wp:term":[{"taxonomy":"product_brand","embeddable":true,"href":"https:\/\/shop.kustom.ch\/en\/wp-json\/wp\/v2\/product_brand?post=589468"},{"taxonomy":"product_cat","embeddable":true,"href":"https:\/\/shop.kustom.ch\/en\/wp-json\/wp\/v2\/product_cat?post=589468"},{"taxonomy":"product_tag","embeddable":true,"href":"https:\/\/shop.kustom.ch\/en\/wp-json\/wp\/v2\/product_tag?post=589468"}],"curies":[{"name":"wp","href":"https:\/\/api.w.org\/{rel}","templated":true}]}}