{"id":589433,"date":"2025-03-04T22:52:16","date_gmt":"2025-03-04T21:52:16","guid":{"rendered":"https:\/\/shop.kustom.ch\/?post_type=product&#038;p=589433"},"modified":"2026-03-31T08:52:27","modified_gmt":"2026-03-31T07:52:27","slug":"damen-sweatshirt","status":"publish","type":"product","link":"https:\/\/shop.kustom.ch\/en\/product\/damen-sweatshirt\/","title":{"rendered":"Ladies sweatshirt"},"content":{"rendered":"<p>A comfortable and flexible sweatshirt in a women's cut with a round neck collar and contrasting colours on the shoulders. It has rib-knitted cuffs and is reinforced at the neck and shoulder seams for extra durability. The sweatshirt is perfect for raising the profile of your company. Also available as men's model 3580.<\/p>\n<p>CLOSURE: Ribbed waistband. Cuffs with cuffs. DETAILS: Shoulder sections in contrasting colour. MAIN FEATURES: Driver. Ladies. FABRIC: Ladies. WASHING INSTRUCTIONS: 60\u00b0 C<\/p>\n<p>100% Cotton, French Terry, 320 g\/m\u00b2<\/p>","protected":false},"excerpt":{"rendered":"<p>Ein bequemes und flexibles Sweatshirt im Damenschnitt mit Rundhalskragen und Kontrastfarben an den Schultern. Es hat rippgestrickte B\u00fcndchen und ist an den Hals- und Schultern\u00e4hten f\u00fcr zus\u00e4tzliche Haltbarkeit verst\u00e4rkt. Das Sweatshirt ist perfekt f\u00fcr die Profilierung Ihres Unternehmens. Auch erh\u00e4ltlich als Herrenmodell 3580. ABSCHLUSS: Gerippter Bund. Armabschluss mit B\u00fcndchen. DETAILS: Schulterpartien in Kontrastfarbe. HAUPTEIGENSCHAFTEN: Fahrer. [&hellip;]<\/p>\n","protected":false},"featured_media":530664,"template":"","meta":[],"product_brand":[],"product_cat":[4184],"product_tag":[],"class_list":{"0":"post-589433","1":"product","2":"type-product","3":"status-publish","4":"has-post-thumbnail","6":"product_cat-hoodies-pullover","7":"pa_brand-blaklaeder","8":"pa_brand-type-workwear","9":"pa_filter-color-blau","10":"pa_filter-color-gelb","12":"first","13":"instock","14":"sale","15":"taxable","16":"shipping-taxable","17":"purchasable","18":"product-type-variable","19":"add-to-wishlist-before_image"},"exclude_global_add_ons":[],"addons":[],"acf":[],"_links":{"self":[{"href":"https:\/\/shop.kustom.ch\/en\/wp-json\/wp\/v2\/product\/589433"}],"collection":[{"href":"https:\/\/shop.kustom.ch\/en\/wp-json\/wp\/v2\/product"}],"about":[{"href":"https:\/\/shop.kustom.ch\/en\/wp-json\/wp\/v2\/types\/product"}],"wp:featuredmedia":[{"embeddable":true,"href":"https:\/\/shop.kustom.ch\/en\/wp-json\/wp\/v2\/media\/530664"}],"wp:attachment":[{"href":"https:\/\/shop.kustom.ch\/en\/wp-json\/wp\/v2\/media?parent=589433"}],"wp:term":[{"taxonomy":"product_brand","embeddable":true,"href":"https:\/\/shop.kustom.ch\/en\/wp-json\/wp\/v2\/product_brand?post=589433"},{"taxonomy":"product_cat","embeddable":true,"href":"https:\/\/shop.kustom.ch\/en\/wp-json\/wp\/v2\/product_cat?post=589433"},{"taxonomy":"product_tag","embeddable":true,"href":"https:\/\/shop.kustom.ch\/en\/wp-json\/wp\/v2\/product_tag?post=589433"}],"curies":[{"name":"wp","href":"https:\/\/api.w.org\/{rel}","templated":true}]}}