{"id":589394,"date":"2025-03-04T22:51:37","date_gmt":"2025-03-04T21:51:37","guid":{"rendered":"https:\/\/shop.kustom.ch\/?post_type=product&#038;p=589394"},"modified":"2026-03-31T08:52:13","modified_gmt":"2026-03-31T07:52:13","slug":"high-vis-sweatshirt-2","status":"publish","type":"product","link":"https:\/\/shop.kustom.ch\/en\/product\/high-vis-sweatshirt-2\/","title":{"rendered":"High Vis Sweatshirt"},"content":{"rendered":"<p>A sweatshirt with ribbed knit and brushed fleece inside. The shirt is made of polyester and cotton (composition 65\/35) and is available in the high vis colours yellow and orange. You are guaranteed to be seen in this sweatshirt.<\/p>\n<p>CLOSURE: Ribbed waistband. Cuffs with cuffs. DETAILS: Ribbed neckband. Reinforced neck seams. MAIN FEATURES: Driver. Men. FABRIC: Men's. High-vis yellow. Profile. WASHING INSTRUCTIONS: 40\u00b0 C. CERTIFICATION: Not High Vis certified<\/p>\n<p>65% polyester, 35% cotton, fleece brushed inside, 260g\/m\u00b2<\/p>","protected":false},"excerpt":{"rendered":"<p>Ein Sweatshirt mit Rippstrick und Innenseite aus aufgeb\u00fcrstetem Fleece. Das Shirt besteht aus Polyester und Baumwolle (Zusammensetzung 65\/35) und ist in den High Vis Farben Gelb und Orange erh\u00e4ltlich. In diesem Sweatshirt werden Sie garantiert gesehen. ABSCHLUSS: Gerippter Bund. Armabschluss mit B\u00fcndchen. DETAILS: Gerippter Halsbund. Verst\u00e4rkte Halsn\u00e4hte. HAUPTEIGENSCHAFTEN: Fahrer. Herren. STOFF: Herren. High-Vis Gelb. Profil. [&hellip;]<\/p>\n","protected":false},"featured_media":530594,"template":"","meta":[],"product_brand":[],"product_cat":[4184],"product_tag":[],"class_list":{"0":"post-589394","1":"product","2":"type-product","3":"status-publish","4":"has-post-thumbnail","6":"product_cat-hoodies-pullover","7":"pa_brand-blaklaeder","8":"pa_brand-type-workwear","9":"pa_filter-color-gelb","10":"pa_filter-color-orange","12":"first","13":"instock","14":"sale","15":"taxable","16":"shipping-taxable","17":"purchasable","18":"product-type-variable","19":"add-to-wishlist-before_image"},"exclude_global_add_ons":[],"addons":[],"acf":[],"_links":{"self":[{"href":"https:\/\/shop.kustom.ch\/en\/wp-json\/wp\/v2\/product\/589394"}],"collection":[{"href":"https:\/\/shop.kustom.ch\/en\/wp-json\/wp\/v2\/product"}],"about":[{"href":"https:\/\/shop.kustom.ch\/en\/wp-json\/wp\/v2\/types\/product"}],"wp:featuredmedia":[{"embeddable":true,"href":"https:\/\/shop.kustom.ch\/en\/wp-json\/wp\/v2\/media\/530594"}],"wp:attachment":[{"href":"https:\/\/shop.kustom.ch\/en\/wp-json\/wp\/v2\/media?parent=589394"}],"wp:term":[{"taxonomy":"product_brand","embeddable":true,"href":"https:\/\/shop.kustom.ch\/en\/wp-json\/wp\/v2\/product_brand?post=589394"},{"taxonomy":"product_cat","embeddable":true,"href":"https:\/\/shop.kustom.ch\/en\/wp-json\/wp\/v2\/product_cat?post=589394"},{"taxonomy":"product_tag","embeddable":true,"href":"https:\/\/shop.kustom.ch\/en\/wp-json\/wp\/v2\/product_tag?post=589394"}],"curies":[{"name":"wp","href":"https:\/\/api.w.org\/{rel}","templated":true}]}}