{"id":589350,"date":"2025-03-04T22:51:03","date_gmt":"2025-03-04T21:51:03","guid":{"rendered":"https:\/\/shop.kustom.ch\/?post_type=product&#038;p=589350"},"modified":"2026-03-31T08:52:11","modified_gmt":"2026-03-31T07:52:11","slug":"uv-t-shirt-high-vis-5","status":"publish","type":"product","link":"https:\/\/shop.kustom.ch\/en\/product\/uv-t-shirt-high-vis-5\/","title":{"rendered":"UV T-Shirt High Vis"},"content":{"rendered":"<p>If you work outdoors, you know the value of clothing that works well in high temperatures. This functional T-shirt has strategically positioned mesh inserts in the main sweat zones and inserts for optimum moisture transport. The seams under the arms are positioned to minimise wear and tear. The fabric is UV treated to protect against the sun's rays. The T-shirt has moulded transfer reflective strips that follow the movement of the body. Certified to EN ISO 20471 Class 2 high visibility protective clothing and EN 13758-2 UPF 40+.<\/p>\n<p>DETAILS: Print - Bl\u00e5kl\u00e4der. Round neck. Strategically placed seams for better comfort under the arm. Inserts for optimised moisture transport. FUNCTIONALITY: Material with UV protection. MAIN FEATURES: Garden worker. RIS-3279-TOM . REFLEX: 50 mm wide transfer reflective stripes. FABRIC: Men's. High-vis yellow. UV protection. High visibility. WASHING INSTRUCTIONS: Number of washes: 50, do not bleach. CERTIFICATION: EN 13758-2 UPF 40 +. EN ISO 20471, class 2<\/p>\n<p>100% polyester, birdseye knit, moisture transport, UV protection, 130g\/m\u00b2<\/p>","protected":false},"excerpt":{"rendered":"<p>Wenn Sie draussen arbeiten, wissen Sie welchen Wert Kleidung hat, die bei hohen Temperaturen gut funktioniert. Dieses funktionelle T-Shirt hat strategisch positionierte Mesh Eins\u00e4tze in den Haupt Schweisszonen und Eins\u00e4tze f\u00fcr optimalen Feuchtigkeitstransport. Die N\u00e4hte unter den Armen sind f\u00fcr geringere Abnutzung platziert. Der Stoff ist UV behandelt, um vor Sonnenstrahlen zu sch\u00fctzen. Das T-Shirt [&hellip;]<\/p>\n","protected":false},"featured_media":589400,"template":"","meta":[],"product_brand":[],"product_cat":[4201],"product_tag":[],"class_list":{"0":"post-589350","1":"product","2":"type-product","3":"status-publish","4":"has-post-thumbnail","6":"product_cat-t-shirts","7":"pa_brand-blaklaeder","8":"pa_brand-type-workwear","9":"pa_filter-color-blau","10":"pa_filter-color-gelb","11":"pa_filter-color-orange","12":"pa_filter-color-rot","13":"pa_filter-color-schwarz","15":"first","16":"instock","17":"sale","18":"taxable","19":"shipping-taxable","20":"purchasable","21":"product-type-variable","22":"add-to-wishlist-before_image"},"exclude_global_add_ons":[],"addons":[],"acf":[],"_links":{"self":[{"href":"https:\/\/shop.kustom.ch\/en\/wp-json\/wp\/v2\/product\/589350"}],"collection":[{"href":"https:\/\/shop.kustom.ch\/en\/wp-json\/wp\/v2\/product"}],"about":[{"href":"https:\/\/shop.kustom.ch\/en\/wp-json\/wp\/v2\/types\/product"}],"wp:featuredmedia":[{"embeddable":true,"href":"https:\/\/shop.kustom.ch\/en\/wp-json\/wp\/v2\/media\/589400"}],"wp:attachment":[{"href":"https:\/\/shop.kustom.ch\/en\/wp-json\/wp\/v2\/media?parent=589350"}],"wp:term":[{"taxonomy":"product_brand","embeddable":true,"href":"https:\/\/shop.kustom.ch\/en\/wp-json\/wp\/v2\/product_brand?post=589350"},{"taxonomy":"product_cat","embeddable":true,"href":"https:\/\/shop.kustom.ch\/en\/wp-json\/wp\/v2\/product_cat?post=589350"},{"taxonomy":"product_tag","embeddable":true,"href":"https:\/\/shop.kustom.ch\/en\/wp-json\/wp\/v2\/product_tag?post=589350"}],"curies":[{"name":"wp","href":"https:\/\/api.w.org\/{rel}","templated":true}]}}