{"id":589333,"date":"2025-03-04T22:50:59","date_gmt":"2025-03-04T21:50:59","guid":{"rendered":"https:\/\/shop.kustom.ch\/?post_type=product&#038;p=589333"},"modified":"2026-03-31T08:52:10","modified_gmt":"2026-03-31T07:52:10","slug":"kapuzensweater","status":"publish","type":"product","link":"https:\/\/shop.kustom.ch\/en\/product\/kapuzensweater\/","title":{"rendered":"Hooded jumper"},"content":{"rendered":"<p>Soft, cosy hoodie made of jersey knit, with brushed inside and one-way zip. Comfortable kangaroo pocket with a mobile phone pocket inside.<\/p>\n<p>CLOSURE: Cuffs with cuffs. DETAILS: Fixed, adjustable hood. MAIN FEATURES: Cleaner. Men's. FABRIC: Men's. blue. Profile. POCKETS: Kangaroo pocket, inside mobile phone pocket with zip. WASHING INSTRUCTIONS: 60\u00b0 C<\/p>\n<p>80% cotton, 20% polyester, knitted terry cloth brushed on the inside, 360g\/m\u00b2<\/p>","protected":false},"excerpt":{"rendered":"<p>Weicher, kuscheliger Kapuzenpullover aus Jersey-Strick, mit geb\u00fcrsteter Innenseite und Einweg-Reissverschluss. Bequeme K\u00e4ngurutasche mit einer Handytasche innen. ABSCHLUSS: Armabschluss mit B\u00fcndchen. DETAILS: Feste, verstellbare Kapuze. HAUPTEIGENSCHAFTEN: Reinigungskraft. Herren. STOFF: Herren. blau. Profil. TASCHEN: K\u00e4ngurutasche, Handytasche innen mit Reissverschluss. WASCHANLEITUNG: 60\u00b0 C 80% Baumwolle, 20% Polyester, Strickfrottee innen aufgeb\u00fcrstet, 360g\/m\u00b2<\/p>","protected":false},"featured_media":589370,"template":"","meta":[],"product_brand":[],"product_cat":[4184],"product_tag":[],"class_list":{"0":"post-589333","1":"product","2":"type-product","3":"status-publish","4":"has-post-thumbnail","6":"product_cat-hoodies-pullover","7":"pa_brand-blaklaeder","8":"pa_brand-type-workwear","9":"pa_filter-color-blau","10":"pa_filter-color-grau","11":"pa_filter-color-schwarz","13":"first","14":"instock","15":"sale","16":"taxable","17":"shipping-taxable","18":"purchasable","19":"product-type-variable","20":"add-to-wishlist-before_image"},"exclude_global_add_ons":[],"addons":[],"acf":[],"_links":{"self":[{"href":"https:\/\/shop.kustom.ch\/en\/wp-json\/wp\/v2\/product\/589333"}],"collection":[{"href":"https:\/\/shop.kustom.ch\/en\/wp-json\/wp\/v2\/product"}],"about":[{"href":"https:\/\/shop.kustom.ch\/en\/wp-json\/wp\/v2\/types\/product"}],"wp:featuredmedia":[{"embeddable":true,"href":"https:\/\/shop.kustom.ch\/en\/wp-json\/wp\/v2\/media\/589370"}],"wp:attachment":[{"href":"https:\/\/shop.kustom.ch\/en\/wp-json\/wp\/v2\/media?parent=589333"}],"wp:term":[{"taxonomy":"product_brand","embeddable":true,"href":"https:\/\/shop.kustom.ch\/en\/wp-json\/wp\/v2\/product_brand?post=589333"},{"taxonomy":"product_cat","embeddable":true,"href":"https:\/\/shop.kustom.ch\/en\/wp-json\/wp\/v2\/product_cat?post=589333"},{"taxonomy":"product_tag","embeddable":true,"href":"https:\/\/shop.kustom.ch\/en\/wp-json\/wp\/v2\/product_tag?post=589333"}],"curies":[{"name":"wp","href":"https:\/\/api.w.org\/{rel}","templated":true}]}}