{"id":589281,"date":"2025-03-04T22:49:54","date_gmt":"2025-03-04T21:49:54","guid":{"rendered":"https:\/\/shop.kustom.ch\/?post_type=product&#038;p=589281"},"modified":"2026-03-31T08:52:00","modified_gmt":"2026-03-31T07:52:00","slug":"damen-sweatshirt-mit-reissverschluss","status":"publish","type":"product","link":"https:\/\/shop.kustom.ch\/en\/product\/damen-sweatshirt-mit-reissverschluss\/","title":{"rendered":"Ladies sweatshirt with zip"},"content":{"rendered":"<p>Comfortable women's sweatshirt. A perfect all-round garment made from soft, comfortable fleece with a brushed inside. A top that is suitable for both indoors and outdoors. The sweatshirt has a high collar and two hand warmer pockets. It also has an inside mobile phone pocket with zip.<\/p>\n<p>CLOSURE: Elasticated cuffs. DETAILS: High collar with zip. FRONT CLOSURE: Plastic zip. FUNCTIONALITY: Women's size. MAIN FEATURES: Floor layer. Ladies. FABRIC: Available for men and women. Unite. POCKET: Kangaroo pocket with inside mobile phone pocket. WASHING INSTRUCTIONS: Iron - low<\/p>\n<p>100% polyester, piqu\u00e9 fleece, brushed on one side, 260 g\/m\u00b2<\/p>","protected":false},"excerpt":{"rendered":"<p>Bequemes Damen Sweatshirt. Ein perfektes Allround-Kleidungsst\u00fcck aus weichem, bequemen Fleece mit aufgeb\u00fcrsteter Innenseite. Ein Oberteil, das sowohl f\u00fcr drinnen als auch f\u00fcr draussen geeignet ist. Das Sweatshirt hat einen hohen Kragen und zwei Handw\u00e4rmer-Taschen. Zus\u00e4tzlich hat es eine innenliegende Handytasche mit Reissverschluss. ABSCHLUSS: \u00c4rmelb\u00fcndchen mit Gummizug. DETAILS: Hoher Kragen mit Reissverschluss. FRONTVERSCHLUSS: Reissverschluss aus Kunststoff. [&hellip;]<\/p>\n","protected":false},"featured_media":589324,"template":"","meta":[],"product_brand":[],"product_cat":[4184],"product_tag":[],"class_list":{"0":"post-589281","1":"product","2":"type-product","3":"status-publish","4":"has-post-thumbnail","6":"product_cat-hoodies-pullover","7":"pa_brand-blaklaeder","8":"pa_brand-type-workwear","9":"pa_filter-color-blau","10":"pa_filter-color-gelb","12":"first","13":"instock","14":"sale","15":"taxable","16":"shipping-taxable","17":"purchasable","18":"product-type-variable","19":"add-to-wishlist-before_image"},"exclude_global_add_ons":[],"addons":[],"acf":[],"_links":{"self":[{"href":"https:\/\/shop.kustom.ch\/en\/wp-json\/wp\/v2\/product\/589281"}],"collection":[{"href":"https:\/\/shop.kustom.ch\/en\/wp-json\/wp\/v2\/product"}],"about":[{"href":"https:\/\/shop.kustom.ch\/en\/wp-json\/wp\/v2\/types\/product"}],"wp:featuredmedia":[{"embeddable":true,"href":"https:\/\/shop.kustom.ch\/en\/wp-json\/wp\/v2\/media\/589324"}],"wp:attachment":[{"href":"https:\/\/shop.kustom.ch\/en\/wp-json\/wp\/v2\/media?parent=589281"}],"wp:term":[{"taxonomy":"product_brand","embeddable":true,"href":"https:\/\/shop.kustom.ch\/en\/wp-json\/wp\/v2\/product_brand?post=589281"},{"taxonomy":"product_cat","embeddable":true,"href":"https:\/\/shop.kustom.ch\/en\/wp-json\/wp\/v2\/product_cat?post=589281"},{"taxonomy":"product_tag","embeddable":true,"href":"https:\/\/shop.kustom.ch\/en\/wp-json\/wp\/v2\/product_tag?post=589281"}],"curies":[{"name":"wp","href":"https:\/\/api.w.org\/{rel}","templated":true}]}}