{"id":589235,"date":"2025-03-04T22:49:21","date_gmt":"2025-03-04T21:49:21","guid":{"rendered":"https:\/\/shop.kustom.ch\/?post_type=product&#038;p=589235"},"modified":"2026-03-31T08:51:59","modified_gmt":"2026-03-31T07:51:59","slug":"uv-polo-shirt-high-vis","status":"publish","type":"product","link":"https:\/\/shop.kustom.ch\/en\/product\/uv-polo-shirt-high-vis\/","title":{"rendered":"UV Polo Shirt High Vis"},"content":{"rendered":"<p>Comfortable high vis polo shirt with ribbed collar. Reinforced collar and shoulder seams. Breathable and lightweight knitted material with structure. Moisture-regulating properties for a pleasant and airy feeling on the body. Certified according to EN ISO 20471 class 2, higher visibility when working in extreme conditions and EN 13758-2 SPF 40+ solar UV protection properties.<\/p>\n<p>DETAILS: Neckline with buttons. Ribbed collar. FUNCTIONALITY: Materials with anti-odour functionality. MAIN FEATURES: Driver. RIS-3279-TOM . REFLEX: Reflectors on shoulders and body. FABRIC: Men's. High-vis yellow. High visibility. WASHING INSTRUCTIONS: Number of washes: 50, do not dry clean. CERTIFICATION: EN 13758-2 UPF 40 +. Certification group A<\/p>\n<p>100% polyester, birdseye knit, UV protection, 130g\/m\u00b2<\/p>","protected":false},"excerpt":{"rendered":"<p>Komfortables High Vis Polo Shirt mit geripptem Kragen. Verst\u00e4rkte Kragen- und Schultern\u00e4hte. Atmungsaktives und leichtes Strickmaterial mit Struktur. Feuchtigkeitsregulierende Eigenschaften f\u00fcr ein angenehmes und luftiges Gef\u00fchl am K\u00f6rper. Zertifiziert nach EN ISO 20471 Klasse 2, h\u00f6here Sichtbarkeit bei Arbeiten in extremen Bedingungen und EN 13758-2 LSF 40+ Solar UV Schutz Eigenschaften. DETAILS: Halsausschnitt mit Kn\u00f6pfen. [&hellip;]<\/p>\n","protected":false},"featured_media":589289,"template":"","meta":[],"product_brand":[],"product_cat":[4193],"product_tag":[],"class_list":{"0":"post-589235","1":"product","2":"type-product","3":"status-publish","4":"has-post-thumbnail","6":"product_cat-polos","7":"pa_brand-blaklaeder","8":"pa_brand-type-workwear","9":"pa_filter-color-gelb","10":"pa_filter-color-orange","11":"pa_filter-color-rot","13":"first","14":"instock","15":"sale","16":"taxable","17":"shipping-taxable","18":"purchasable","19":"product-type-variable","20":"add-to-wishlist-before_image"},"exclude_global_add_ons":[],"addons":[],"acf":[],"_links":{"self":[{"href":"https:\/\/shop.kustom.ch\/en\/wp-json\/wp\/v2\/product\/589235"}],"collection":[{"href":"https:\/\/shop.kustom.ch\/en\/wp-json\/wp\/v2\/product"}],"about":[{"href":"https:\/\/shop.kustom.ch\/en\/wp-json\/wp\/v2\/types\/product"}],"wp:featuredmedia":[{"embeddable":true,"href":"https:\/\/shop.kustom.ch\/en\/wp-json\/wp\/v2\/media\/589289"}],"wp:attachment":[{"href":"https:\/\/shop.kustom.ch\/en\/wp-json\/wp\/v2\/media?parent=589235"}],"wp:term":[{"taxonomy":"product_brand","embeddable":true,"href":"https:\/\/shop.kustom.ch\/en\/wp-json\/wp\/v2\/product_brand?post=589235"},{"taxonomy":"product_cat","embeddable":true,"href":"https:\/\/shop.kustom.ch\/en\/wp-json\/wp\/v2\/product_cat?post=589235"},{"taxonomy":"product_tag","embeddable":true,"href":"https:\/\/shop.kustom.ch\/en\/wp-json\/wp\/v2\/product_tag?post=589235"}],"curies":[{"name":"wp","href":"https:\/\/api.w.org\/{rel}","templated":true}]}}