{"id":589077,"date":"2025-03-04T22:47:06","date_gmt":"2025-03-04T21:47:06","guid":{"rendered":"https:\/\/shop.kustom.ch\/?post_type=product&#038;p=589077"},"modified":"2026-03-31T08:51:50","modified_gmt":"2026-03-31T07:51:50","slug":"polo-shirt-3","status":"publish","type":"product","link":"https:\/\/shop.kustom.ch\/en\/product\/polo-shirt-3\/","title":{"rendered":"Polo Shirt"},"content":{"rendered":"<p>This polo shirt goes perfectly with all trousers in the Service line. It has reinforced shoulder and collar seams.<\/p>\n<p>FINISH: Rib-knitted cuffs. DETAILS: Neckline with buttons. Ribbed collar. Reinforced shoulder seams. Slits at the sides. MAIN FEATURES: Fisherman. FABRIC: Men's. white. Unite. WASHING INSTRUCTIONS: 60\u00b0 C<\/p>\n<p>60% cotton, 40% polyester, 220 g\/m\u00b2<\/p>","protected":false},"excerpt":{"rendered":"<p>Dieses Polo Shirt passt perfekt zu allen Bundhosen der Service-Linie. Es hat verst\u00e4rkte Schulter- und Kragenn\u00e4hte. ABSCHLUSS: Rippstrickb\u00fcndchen. DETAILS: Halsausschnitt mit Kn\u00f6pfen. Gerippter Kragen. Verst\u00e4rkte Schultern\u00e4hte. Schlitze an den Seiten. HAUPTEIGENSCHAFTEN: Fischer. STOFF: Herren. weiss. Unite. WASCHANLEITUNG: 60\u00b0 C 60% Baumwolle, 40% Polyester, 220 g\/m\u00b2<\/p>","protected":false},"featured_media":589113,"template":"","meta":[],"product_brand":[],"product_cat":[4193],"product_tag":[],"class_list":{"0":"post-589077","1":"product","2":"type-product","3":"status-publish","4":"has-post-thumbnail","6":"product_cat-polos","7":"pa_brand-blaklaeder","8":"pa_brand-type-workwear","9":"pa_filter-color-blau","10":"pa_filter-color-gelb","11":"pa_filter-color-grau","12":"pa_filter-color-gruen","13":"pa_filter-color-rot","14":"pa_filter-color-schwarz","15":"pa_filter-color-weiss","17":"first","18":"instock","19":"sale","20":"taxable","21":"shipping-taxable","22":"purchasable","23":"product-type-variable","24":"add-to-wishlist-before_image"},"exclude_global_add_ons":[],"addons":[],"acf":[],"_links":{"self":[{"href":"https:\/\/shop.kustom.ch\/en\/wp-json\/wp\/v2\/product\/589077"}],"collection":[{"href":"https:\/\/shop.kustom.ch\/en\/wp-json\/wp\/v2\/product"}],"about":[{"href":"https:\/\/shop.kustom.ch\/en\/wp-json\/wp\/v2\/types\/product"}],"wp:featuredmedia":[{"embeddable":true,"href":"https:\/\/shop.kustom.ch\/en\/wp-json\/wp\/v2\/media\/589113"}],"wp:attachment":[{"href":"https:\/\/shop.kustom.ch\/en\/wp-json\/wp\/v2\/media?parent=589077"}],"wp:term":[{"taxonomy":"product_brand","embeddable":true,"href":"https:\/\/shop.kustom.ch\/en\/wp-json\/wp\/v2\/product_brand?post=589077"},{"taxonomy":"product_cat","embeddable":true,"href":"https:\/\/shop.kustom.ch\/en\/wp-json\/wp\/v2\/product_cat?post=589077"},{"taxonomy":"product_tag","embeddable":true,"href":"https:\/\/shop.kustom.ch\/en\/wp-json\/wp\/v2\/product_tag?post=589077"}],"curies":[{"name":"wp","href":"https:\/\/api.w.org\/{rel}","templated":true}]}}