{"id":589005,"date":"2025-03-04T22:45:53","date_gmt":"2025-03-04T21:45:53","guid":{"rendered":"https:\/\/shop.kustom.ch\/?post_type=product&#038;p=589005"},"modified":"2026-03-31T08:51:41","modified_gmt":"2026-03-31T07:51:41","slug":"high-vis-t-shirt-2","status":"publish","type":"product","link":"https:\/\/shop.kustom.ch\/en\/product\/high-vis-t-shirt-2\/","title":{"rendered":"High Vis T-Shirt"},"content":{"rendered":"<p>Soft and comfortable basic high visibility T-shirt with an excellent price\/performance ratio. The T-shirt has sewn-on reflective strips with side openings for better comfort and freedom of movement. Round neck collar with reinforced seams. The contrast colour is made of 100 % cotton and the high visibility area is made of 100 % polyester.<\/p>\n<p>DETAILS: Round neck. Reinforced neck seams. MAIN PROPERTIES: Road and construction workers. EN ISO 20471. REFLEX: Reflective material on front and back. FABRIC: Men's. blue. High visibility. Fluorescent material in high vis 100% polyester. WASHING INSTRUCTIONS: Number of washes: 50, do not spin. CERTIFICATION: Certification group D<\/p>\n<p>100% Cotton, jersey, 180 g\/m\u00b2<\/p>","protected":false},"excerpt":{"rendered":"<p>Weiches und komfortables Basic Warnschutz T-Shirt mit hervorragendem Preis-\/Leistungsverh\u00e4ltnis. Das T-Shirt hat aufgen\u00e4hte Reflexstreifen mit seitlichen \u00d6ffnungen f\u00fcr besseren Komfort und Bewegungsfreiheit. Rundhalskragen mit verst\u00e4rkten N\u00e4hten. Die Kontrastfarbe besteht aus 100 % Baumwolle und der Warnschutzbereich besteht aus 100 % Polyester. DETAILS: Rundhals. Verst\u00e4rkte Halsn\u00e4hte. HAUPTEIGENSCHAFTEN: Strassen- und Bauarbeiter. EN ISO 20471. REFLEX: Reflexmaterial vorne [&hellip;]<\/p>\n","protected":false},"featured_media":589059,"template":"","meta":[],"product_brand":[],"product_cat":[4201],"product_tag":[],"class_list":{"0":"post-589005","1":"product","2":"type-product","3":"status-publish","4":"has-post-thumbnail","6":"product_cat-t-shirts","7":"pa_brand-blaklaeder","8":"pa_brand-type-workwear","9":"pa_filter-color-blau","10":"pa_filter-color-gelb","11":"pa_filter-color-orange","12":"pa_filter-color-schwarz","14":"first","15":"instock","16":"sale","17":"taxable","18":"shipping-taxable","19":"purchasable","20":"product-type-variable","21":"add-to-wishlist-before_image"},"exclude_global_add_ons":[],"addons":[],"acf":[],"_links":{"self":[{"href":"https:\/\/shop.kustom.ch\/en\/wp-json\/wp\/v2\/product\/589005"}],"collection":[{"href":"https:\/\/shop.kustom.ch\/en\/wp-json\/wp\/v2\/product"}],"about":[{"href":"https:\/\/shop.kustom.ch\/en\/wp-json\/wp\/v2\/types\/product"}],"wp:featuredmedia":[{"embeddable":true,"href":"https:\/\/shop.kustom.ch\/en\/wp-json\/wp\/v2\/media\/589059"}],"wp:attachment":[{"href":"https:\/\/shop.kustom.ch\/en\/wp-json\/wp\/v2\/media?parent=589005"}],"wp:term":[{"taxonomy":"product_brand","embeddable":true,"href":"https:\/\/shop.kustom.ch\/en\/wp-json\/wp\/v2\/product_brand?post=589005"},{"taxonomy":"product_cat","embeddable":true,"href":"https:\/\/shop.kustom.ch\/en\/wp-json\/wp\/v2\/product_cat?post=589005"},{"taxonomy":"product_tag","embeddable":true,"href":"https:\/\/shop.kustom.ch\/en\/wp-json\/wp\/v2\/product_tag?post=589005"}],"curies":[{"name":"wp","href":"https:\/\/api.w.org\/{rel}","templated":true}]}}