{"id":588985,"date":"2025-03-04T22:45:50","date_gmt":"2025-03-04T21:45:50","guid":{"rendered":"https:\/\/shop.kustom.ch\/?post_type=product&#038;p=588985"},"modified":"2026-03-31T08:51:40","modified_gmt":"2026-03-31T07:51:40","slug":"uv-t-shirt-high-vis-4","status":"publish","type":"product","link":"https:\/\/shop.kustom.ch\/en\/product\/uv-t-shirt-high-vis-4\/","title":{"rendered":"UV T-Shirt High Vis"},"content":{"rendered":"<p>High Vis T-shirt made from a moisture-wicking material. The T-shirt has interrupted reflective stripes made of stretch for optimum freedom of movement, as well as UV protection 40+. Certified according to EN ISO 20471, class 2 and EN 13758-2 UPF 40+.<\/p>\n<p>DETAILS: V-neck. FUNCTIONALITY: Material with UV protection. MAIN PROPERTIES: Road and construction worker. RIS-3279-TOM . REFLEX: Additional reflective stripes in sizes XS-S. FABRIC: Men's. High-vis yellow. UV protection. High visibility. WASHING INSTRUCTIONS: Colour 5500 - max. 40\u00b0, max. 25 washes. Tumble dryer - low. CERTIFICATION: EN 13758-2 UPF 40 +. Certification group A<\/p>\n<p>100% polyester, birdseye knit, moisture transport, UV protection, 130g\/m\u00b2<\/p>","protected":false},"excerpt":{"rendered":"<p>High Vis T-Shirt aus einem feuchtigkeit-transportierenden Material. Das T-Shirt hat unterbrochene Reflexstreifen aus Stretch f\u00fcr optimale Bewegungsfreiheit, so wie UV-Schutz 40+. Zertifiziert nach EN ISO 20471, Klasse 2 und EN 13758-2 UPF 40+. DETAILS: V-Ausschnitt. FUNKTIONALIT\u00c4T: Material mit UV-Schutz. HAUPTEIGENSCHAFTEN: Strassen- und Bauarbeiter. RIS-3279-TOM . REFLEX: Zus\u00e4tzliche reflektierende Streifen in den Gr\u00f6ssen XS-S. STOFF: Herren. [&hellip;]<\/p>\n","protected":false},"featured_media":589028,"template":"","meta":[],"product_brand":[],"product_cat":[4201],"product_tag":[],"class_list":{"0":"post-588985","1":"product","2":"type-product","3":"status-publish","4":"has-post-thumbnail","6":"product_cat-t-shirts","7":"pa_brand-blaklaeder","8":"pa_brand-type-workwear","9":"pa_filter-color-gelb","10":"pa_filter-color-orange","11":"pa_filter-color-rot","13":"first","14":"instock","15":"sale","16":"taxable","17":"shipping-taxable","18":"purchasable","19":"product-type-variable","20":"add-to-wishlist-before_image"},"exclude_global_add_ons":[],"addons":[],"acf":[],"_links":{"self":[{"href":"https:\/\/shop.kustom.ch\/en\/wp-json\/wp\/v2\/product\/588985"}],"collection":[{"href":"https:\/\/shop.kustom.ch\/en\/wp-json\/wp\/v2\/product"}],"about":[{"href":"https:\/\/shop.kustom.ch\/en\/wp-json\/wp\/v2\/types\/product"}],"wp:featuredmedia":[{"embeddable":true,"href":"https:\/\/shop.kustom.ch\/en\/wp-json\/wp\/v2\/media\/589028"}],"wp:attachment":[{"href":"https:\/\/shop.kustom.ch\/en\/wp-json\/wp\/v2\/media?parent=588985"}],"wp:term":[{"taxonomy":"product_brand","embeddable":true,"href":"https:\/\/shop.kustom.ch\/en\/wp-json\/wp\/v2\/product_brand?post=588985"},{"taxonomy":"product_cat","embeddable":true,"href":"https:\/\/shop.kustom.ch\/en\/wp-json\/wp\/v2\/product_cat?post=588985"},{"taxonomy":"product_tag","embeddable":true,"href":"https:\/\/shop.kustom.ch\/en\/wp-json\/wp\/v2\/product_tag?post=588985"}],"curies":[{"name":"wp","href":"https:\/\/api.w.org\/{rel}","templated":true}]}}