{"id":588962,"date":"2025-03-04T22:45:17","date_gmt":"2025-03-04T21:45:17","guid":{"rendered":"https:\/\/shop.kustom.ch\/?post_type=product&#038;p=588962"},"modified":"2026-03-31T08:51:39","modified_gmt":"2026-03-31T07:51:39","slug":"uv-shirt-high-vis-langarm-3","status":"publish","type":"product","link":"https:\/\/shop.kustom.ch\/en\/product\/uv-shirt-high-vis-langarm-3\/","title":{"rendered":"UV Shirt High Vis Long Sleeve"},"content":{"rendered":"<p>Hi-Vis T-shirt with UV protection made of lightweight knitted fabric with structure for ventilation. The material has moisture-wicking properties for a comfortable and dry feeling on the body. It has interrupted reflective stripes with stretch for optimum freedom of movement and UPF 40+. Certified according to EN ISO 20471, XS class 2, S-4XL class 3, high visibility clothing and EN 13758-2 UPF 40+ solar UV protection properties.<\/p>\n<p>DETAILS: V-neckline. Long sleeves. FUNCTIONALITY: Material with UV protection. MAIN PROPERTIES: Road and construction workers. EN 13758-2. REFLEX: Reflective material on torso, sleeves and shoulders. FABRIC: Available for men and women. High-vis yellow colour. UV protection. High-visibility protection. WASHING INSTRUCTIONS: Colour 5500 - max. 40\u00b0, max. 25 washes. Do not iron. CERTIFICATION: EN 13758-2 UPF 40 +. Class 2 and 3 garments in orange comply with RIS-3279-TOM Issue 2<\/p>\n<p>100% polyester, birdseye knit, moisture transport, UV protection, 130g\/m\u00b2<\/p>","protected":false},"excerpt":{"rendered":"<p>Hi-Vis-T-Shirt mit UV-Schutz aus leichtem Strickgewebe mit Struktur f\u00fcr die Bel\u00fcftung. Das Material hat feuchtigkeitstransportierende Eigenschaften f\u00fcr ein angenehmes und trockenes Gef\u00fchl am K\u00f6rper. Es hat unterbrochene Reflexstreifen mit Stretch f\u00fcr optimale Bewegungsfreiheit und UPF 40+. Zertifiziert nach EN ISO 20471, XS Klasse 2, S-4XL Klasse 3, hochsichtbare Kleidung und EN 13758-2 UPF 40+ Solar [&hellip;]<\/p>\n","protected":false},"featured_media":589025,"template":"","meta":[],"product_brand":[],"product_cat":[4201],"product_tag":[],"class_list":{"0":"post-588962","1":"product","2":"type-product","3":"status-publish","4":"has-post-thumbnail","6":"product_cat-t-shirts","7":"pa_brand-blaklaeder","8":"pa_brand-type-workwear","9":"pa_filter-color-gelb","10":"pa_filter-color-orange","11":"pa_filter-color-rot","13":"first","14":"instock","15":"sale","16":"taxable","17":"shipping-taxable","18":"purchasable","19":"product-type-variable","20":"add-to-wishlist-before_image"},"exclude_global_add_ons":[],"addons":[],"acf":[],"_links":{"self":[{"href":"https:\/\/shop.kustom.ch\/en\/wp-json\/wp\/v2\/product\/588962"}],"collection":[{"href":"https:\/\/shop.kustom.ch\/en\/wp-json\/wp\/v2\/product"}],"about":[{"href":"https:\/\/shop.kustom.ch\/en\/wp-json\/wp\/v2\/types\/product"}],"wp:featuredmedia":[{"embeddable":true,"href":"https:\/\/shop.kustom.ch\/en\/wp-json\/wp\/v2\/media\/589025"}],"wp:attachment":[{"href":"https:\/\/shop.kustom.ch\/en\/wp-json\/wp\/v2\/media?parent=588962"}],"wp:term":[{"taxonomy":"product_brand","embeddable":true,"href":"https:\/\/shop.kustom.ch\/en\/wp-json\/wp\/v2\/product_brand?post=588962"},{"taxonomy":"product_cat","embeddable":true,"href":"https:\/\/shop.kustom.ch\/en\/wp-json\/wp\/v2\/product_cat?post=588962"},{"taxonomy":"product_tag","embeddable":true,"href":"https:\/\/shop.kustom.ch\/en\/wp-json\/wp\/v2\/product_tag?post=588962"}],"curies":[{"name":"wp","href":"https:\/\/api.w.org\/{rel}","templated":true}]}}