{"id":588919,"date":"2025-03-04T22:44:42","date_gmt":"2025-03-04T21:44:42","guid":{"rendered":"https:\/\/shop.kustom.ch\/?post_type=product&#038;p=588919"},"modified":"2026-03-31T08:51:34","modified_gmt":"2026-03-31T07:51:34","slug":"uv-shirt-high-vis-langarm-2","status":"publish","type":"product","link":"https:\/\/shop.kustom.ch\/en\/product\/uv-shirt-high-vis-langarm-2\/","title":{"rendered":"UV Shirt High Vis Long Sleeve"},"content":{"rendered":"<p>Long-sleeved shirt with UV protection and V-neck. Breathable and lightweight knitted material with structure. Moisture-regulating properties for a comfortable and airy feel on the body. Certified according to EN 471\/EN ISO 20471 class 2.<\/p>\n<p>DETAILS: V-neckline. Long sleeves. FUNCTIONALITY: Materials with anti-odour functionality. MAIN FEATURES: Craftsman. RIS-3279-TOM . REFLEX: 50 mm wide transfer reflective stripes. FABRIC: Men's. High-vis yellow. UV protection. High visibility. WASHING INSTRUCTIONS: Number of washes: 50. tumble dryer - low. CERTIFICATION: EN 13758-2 UPF 40 +. Certification group C<\/p>\n<p>100% polyester, birdseye knit, UV protection, 130g\/m\u00b2<\/p>","protected":false},"excerpt":{"rendered":"<p>Lang\u00e4rmliges Shirt mit UV-Schutz und V-Auschnitt. Atmungsaktives und leichtes Strickmaterial mit Struktur. Feuchtigkeitsregulierende Eigenschaften f\u00fcr ein angenehmes und luftiges Gef\u00fchl am K\u00f6rper. Zertifiziert nach EN 471\/EN ISO 20471 Klasse 2. DETAILS: V-Ausschnitt. Lange \u00c4rmel. FUNKTIONALIT\u00c4T: Materialien mit Anti-Geruchs-Funktionalit\u00e4t. HAUPTEIGENSCHAFTEN: Handwerker. RIS-3279-TOM . REFLEX: 50 mm breite Transferreflexstreifen. STOFF: Herren. High-Vis Gelb. UV-Schutz. Warnschutz. WASCHANLEITUNG: Anzahl [&hellip;]<\/p>\n","protected":false},"featured_media":588969,"template":"","meta":[],"product_brand":[],"product_cat":[4201],"product_tag":[],"class_list":{"0":"post-588919","1":"product","2":"type-product","3":"status-publish","4":"has-post-thumbnail","6":"product_cat-t-shirts","7":"pa_brand-blaklaeder","8":"pa_brand-type-workwear","9":"pa_filter-color-gelb","10":"pa_filter-color-orange","11":"pa_filter-color-rot","13":"first","14":"instock","15":"sale","16":"taxable","17":"shipping-taxable","18":"purchasable","19":"product-type-variable","20":"add-to-wishlist-before_image"},"exclude_global_add_ons":[],"addons":[],"acf":[],"_links":{"self":[{"href":"https:\/\/shop.kustom.ch\/en\/wp-json\/wp\/v2\/product\/588919"}],"collection":[{"href":"https:\/\/shop.kustom.ch\/en\/wp-json\/wp\/v2\/product"}],"about":[{"href":"https:\/\/shop.kustom.ch\/en\/wp-json\/wp\/v2\/types\/product"}],"wp:featuredmedia":[{"embeddable":true,"href":"https:\/\/shop.kustom.ch\/en\/wp-json\/wp\/v2\/media\/588969"}],"wp:attachment":[{"href":"https:\/\/shop.kustom.ch\/en\/wp-json\/wp\/v2\/media?parent=588919"}],"wp:term":[{"taxonomy":"product_brand","embeddable":true,"href":"https:\/\/shop.kustom.ch\/en\/wp-json\/wp\/v2\/product_brand?post=588919"},{"taxonomy":"product_cat","embeddable":true,"href":"https:\/\/shop.kustom.ch\/en\/wp-json\/wp\/v2\/product_cat?post=588919"},{"taxonomy":"product_tag","embeddable":true,"href":"https:\/\/shop.kustom.ch\/en\/wp-json\/wp\/v2\/product_tag?post=588919"}],"curies":[{"name":"wp","href":"https:\/\/api.w.org\/{rel}","templated":true}]}}