{"id":588895,"date":"2025-03-04T22:44:11","date_gmt":"2025-03-04T21:44:11","guid":{"rendered":"https:\/\/shop.kustom.ch\/?post_type=product&#038;p=588895"},"modified":"2026-03-31T08:51:33","modified_gmt":"2026-03-31T07:51:33","slug":"uv-t-shirt-high-vis-3","status":"publish","type":"product","link":"https:\/\/shop.kustom.ch\/en\/product\/uv-t-shirt-high-vis-3\/","title":{"rendered":"UV T-Shirt High Vis"},"content":{"rendered":"<p>UV T-shirt with short sleeves and V-neck. Soft reflectors follow your movements. Lightweight knitted fabric with structure for ventilation. Moisture-regulating properties for a pleasant and dry feeling on the body. Certified to EN 471 \/ ISO 20471 class 2, the garment protects against UV rays and has an SPF of 40+. The reflective is a reflective transfer. The T-shirt is EN certified for both high vis and UV.<\/p>\n<p>DETAILS: V-neck. FUNCTIONALITY: Materials with anti-odour functionality. MAIN FEATURES: Craftsman. EN ISO 20471. REFLEX: 50 mm wide transfer reflective stripes. FABRIC: Men's. High-vis yellow. UV protection. High visibility. WASHING INSTRUCTIONS: Number of washes: 50, do not iron. CERTIFICATION: EN 13758-2 UPF 40 +. Class 2 and 3 garments in orange comply with RIS-3279-TOM Issue 2<\/p>\n<p>100% polyester, birdseye knit, UV protection, 130g\/m\u00b2<\/p>","protected":false},"excerpt":{"rendered":"<p>UV T-Shirt mit kurzen \u00c4rmeln und V-Ausschnitt. Weiche Reflektoren folgen der Bewegung. Leichter Strickstoff mit Struktur f\u00fcr die Bel\u00fcftung. Feuchtigkeitsregulierende Eigenschaften f\u00fcr ein angenehmes und trockenes Gef\u00fchl am K\u00f6rper. Zertifiziert nach EN 471 \/ ISO 20471 Klasse 2. Das Kleidungsst\u00fcck sch\u00fctzt vor UV-Strahlen und hat einen LSF von 40+. Der Reflex ist ein Reflextransfer. Das [&hellip;]<\/p>\n","protected":false},"featured_media":588934,"template":"","meta":[],"product_brand":[],"product_cat":[4201],"product_tag":[],"class_list":{"0":"post-588895","1":"product","2":"type-product","3":"status-publish","4":"has-post-thumbnail","6":"product_cat-t-shirts","7":"pa_brand-blaklaeder","8":"pa_brand-type-workwear","9":"pa_filter-color-gelb","10":"pa_filter-color-orange","11":"pa_filter-color-rot","13":"first","14":"instock","15":"sale","16":"taxable","17":"shipping-taxable","18":"purchasable","19":"product-type-variable","20":"add-to-wishlist-before_image"},"exclude_global_add_ons":[],"addons":[],"acf":[],"_links":{"self":[{"href":"https:\/\/shop.kustom.ch\/en\/wp-json\/wp\/v2\/product\/588895"}],"collection":[{"href":"https:\/\/shop.kustom.ch\/en\/wp-json\/wp\/v2\/product"}],"about":[{"href":"https:\/\/shop.kustom.ch\/en\/wp-json\/wp\/v2\/types\/product"}],"wp:featuredmedia":[{"embeddable":true,"href":"https:\/\/shop.kustom.ch\/en\/wp-json\/wp\/v2\/media\/588934"}],"wp:attachment":[{"href":"https:\/\/shop.kustom.ch\/en\/wp-json\/wp\/v2\/media?parent=588895"}],"wp:term":[{"taxonomy":"product_brand","embeddable":true,"href":"https:\/\/shop.kustom.ch\/en\/wp-json\/wp\/v2\/product_brand?post=588895"},{"taxonomy":"product_cat","embeddable":true,"href":"https:\/\/shop.kustom.ch\/en\/wp-json\/wp\/v2\/product_cat?post=588895"},{"taxonomy":"product_tag","embeddable":true,"href":"https:\/\/shop.kustom.ch\/en\/wp-json\/wp\/v2\/product_tag?post=588895"}],"curies":[{"name":"wp","href":"https:\/\/api.w.org\/{rel}","templated":true}]}}