{"id":588697,"date":"2025-03-04T22:41:22","date_gmt":"2025-03-04T21:41:22","guid":{"rendered":"https:\/\/shop.kustom.ch\/?post_type=product&#038;p=588697"},"modified":"2026-03-31T08:51:23","modified_gmt":"2026-03-31T07:51:23","slug":"t-shirt-3","status":"publish","type":"product","link":"https:\/\/shop.kustom.ch\/en\/product\/t-shirt-3\/","title":{"rendered":"T-shirt"},"content":{"rendered":"<p>Complete your wardrobe with this two-coloured T-shirt. Reinforced neck and shoulder seams and yoke over the shoulders. Fits perfectly with our industrial collection.<\/p>\n<p>DETAILS: Ribbed neckband. Reinforced shoulder seams. MAIN FEATURES: Floor layer. FABRIC: Men's. Profile. WASHING INSTRUCTIONS: 60\u00b0 C<\/p>\n<p>100% Cotton, jersey, 150 g\/m\u00b2<\/p>","protected":false},"excerpt":{"rendered":"<p>Vervollst\u00e4ndigen Sie Ihre Garderobe mit diesem zweifarbigen T-Shirt. Verst\u00e4rkte Hals- und Schultern\u00e4hte und Passe \u00fcber den Schultern. Passt perfekt zu unserer Industriekollektion. DETAILS: Gerippter Halsbund. Verst\u00e4rkte Schultern\u00e4hte. HAUPTEIGENSCHAFTEN: Bodenleger. STOFF: Herren. Profil. WASCHANLEITUNG: 60\u00b0 C 100% Baumwolle, Jersey, 150 g\/m\u00b2<\/p>","protected":false},"featured_media":588758,"template":"","meta":[],"product_brand":[],"product_cat":[4201],"product_tag":[],"class_list":{"0":"post-588697","1":"product","2":"type-product","3":"status-publish","4":"has-post-thumbnail","6":"product_cat-t-shirts","7":"pa_brand-blaklaeder","8":"pa_brand-type-workwear","9":"pa_filter-color-blau","10":"pa_filter-color-gelb","12":"first","13":"instock","14":"sale","15":"taxable","16":"shipping-taxable","17":"purchasable","18":"product-type-variable","19":"add-to-wishlist-before_image"},"exclude_global_add_ons":[],"addons":[],"acf":[],"_links":{"self":[{"href":"https:\/\/shop.kustom.ch\/en\/wp-json\/wp\/v2\/product\/588697"}],"collection":[{"href":"https:\/\/shop.kustom.ch\/en\/wp-json\/wp\/v2\/product"}],"about":[{"href":"https:\/\/shop.kustom.ch\/en\/wp-json\/wp\/v2\/types\/product"}],"wp:featuredmedia":[{"embeddable":true,"href":"https:\/\/shop.kustom.ch\/en\/wp-json\/wp\/v2\/media\/588758"}],"wp:attachment":[{"href":"https:\/\/shop.kustom.ch\/en\/wp-json\/wp\/v2\/media?parent=588697"}],"wp:term":[{"taxonomy":"product_brand","embeddable":true,"href":"https:\/\/shop.kustom.ch\/en\/wp-json\/wp\/v2\/product_brand?post=588697"},{"taxonomy":"product_cat","embeddable":true,"href":"https:\/\/shop.kustom.ch\/en\/wp-json\/wp\/v2\/product_cat?post=588697"},{"taxonomy":"product_tag","embeddable":true,"href":"https:\/\/shop.kustom.ch\/en\/wp-json\/wp\/v2\/product_tag?post=588697"}],"curies":[{"name":"wp","href":"https:\/\/api.w.org\/{rel}","templated":true}]}}