{"id":587954,"date":"2025-03-04T22:31:44","date_gmt":"2025-03-04T21:31:44","guid":{"rendered":"https:\/\/shop.kustom.ch\/?post_type=product&#038;p=587954"},"modified":"2026-03-31T08:50:24","modified_gmt":"2026-03-31T07:50:24","slug":"high-vis-pullover","status":"publish","type":"product","link":"https:\/\/shop.kustom.ch\/en\/product\/high-vis-pullover\/","title":{"rendered":"High Vis jumper"},"content":{"rendered":"<p>This high vis jumper has reinforced neck and shoulder seams. Ribbed sleeve cuffs. 50 mm wide reflective stripes. Certified to EN ISO 20471, XXS-S class 2, M-4XL class 3, high-visibility protective clothing.<\/p>\n<p>CLOSURE: Ribbed waistband. Cuffs with cuffs. DETAILS: Round neck. MAIN PROPERTIES: Craftsman. Men's. EN ISO 20471. REFLEX: 50 mm wide reflective stripes. FABRIC: Men. High-vis yellow. High visibility. WASHING INSTRUCTIONS: Number of washes: 25. tumble dryer - low. CERTIFICATION: Certification group C -&gt;M<\/p>\n<p>100% Polyester, brushed on one side, 240 g\/m\u00b2<\/p>","protected":false},"excerpt":{"rendered":"<p>Dieser High Vis Pullover hat verst\u00e4rkte Nacken- und Schultern\u00e4hte. Gerippte \u00c4rmelb\u00fcndchen. 50 mm breite Reflexstreifen. Zertifiziert nach EN ISO 20471, XXS-S Klasse 2, M-4XL Klasse3, hochsichtbare Schutzkleidung. ABSCHLUSS: Gerippter Bund. Armabschluss mit B\u00fcndchen. DETAILS: Rundhals. HAUPTEIGENSCHAFTEN: Handwerker. Herren. EN ISO 20471. REFLEX: 50 mm breite Reflexstreifen. STOFF: Herren. High-Vis Gelb. Warnschutz. WASCHANLEITUNG: Anzahl der W\u00e4schen: [&hellip;]<\/p>\n","protected":false},"featured_media":587986,"template":"","meta":[],"product_brand":[],"product_cat":[4184],"product_tag":[],"class_list":{"0":"post-587954","1":"product","2":"type-product","3":"status-publish","4":"has-post-thumbnail","6":"product_cat-hoodies-pullover","7":"pa_brand-blaklaeder","8":"pa_brand-type-workwear","9":"pa_filter-color-gelb","10":"pa_filter-color-orange","11":"pa_filter-color-rot","13":"first","14":"instock","15":"sale","16":"taxable","17":"shipping-taxable","18":"purchasable","19":"product-type-variable","20":"add-to-wishlist-before_image"},"exclude_global_add_ons":[],"addons":[],"acf":[],"_links":{"self":[{"href":"https:\/\/shop.kustom.ch\/en\/wp-json\/wp\/v2\/product\/587954"}],"collection":[{"href":"https:\/\/shop.kustom.ch\/en\/wp-json\/wp\/v2\/product"}],"about":[{"href":"https:\/\/shop.kustom.ch\/en\/wp-json\/wp\/v2\/types\/product"}],"wp:featuredmedia":[{"embeddable":true,"href":"https:\/\/shop.kustom.ch\/en\/wp-json\/wp\/v2\/media\/587986"}],"wp:attachment":[{"href":"https:\/\/shop.kustom.ch\/en\/wp-json\/wp\/v2\/media?parent=587954"}],"wp:term":[{"taxonomy":"product_brand","embeddable":true,"href":"https:\/\/shop.kustom.ch\/en\/wp-json\/wp\/v2\/product_brand?post=587954"},{"taxonomy":"product_cat","embeddable":true,"href":"https:\/\/shop.kustom.ch\/en\/wp-json\/wp\/v2\/product_cat?post=587954"},{"taxonomy":"product_tag","embeddable":true,"href":"https:\/\/shop.kustom.ch\/en\/wp-json\/wp\/v2\/product_tag?post=587954"}],"curies":[{"name":"wp","href":"https:\/\/api.w.org\/{rel}","templated":true}]}}