{"id":587291,"date":"2025-03-04T22:22:28","date_gmt":"2025-03-04T21:22:28","guid":{"rendered":"https:\/\/shop.kustom.ch\/?post_type=product&#038;p=587291"},"modified":"2026-03-31T08:49:46","modified_gmt":"2026-03-31T07:49:46","slug":"polo-shirt-2","status":"publish","type":"product","link":"https:\/\/shop.kustom.ch\/en\/product\/polo-shirt-2\/","title":{"rendered":"Polo Shirt"},"content":{"rendered":"<p>We have helped many clients to get the most out of their company profile budget. Investing in attractive, uniform workwear is a cost-effective way to achieve this. Add an attractive polo shirt to your wardrobe. With a rib-knit collar, reinforced neck and shoulder seams and side slits. Available in different colours and matching most of our collections.<\/p>\n<p>FINISH: Ribbed waistband. Ribbed cuffs. DETAILS: Neckline with buttons. Ribbed collar. Reinforced neck seams. Slits at the sides. MAIN FEATURES: Roofer. FABRIC: Men's. Profile. WASHING INSTRUCTIONS: Do not dry clean<\/p>\n<p>60% cotton, 40% polyester, 220 g\/m\u00b2<\/p>","protected":false},"excerpt":{"rendered":"<p>Wir haben vielen Kunden geholfen, das Maximum aus ihrem Budget f\u00fcr das Firmenprofil herauszuholen. Eine Investition in attraktive, einheitliche Arbeitskleidung ist ein kosteng\u00fcnstiger Weg, dies zu erreichen. Erg\u00e4nzen Sie Ihre Garderobe mit einem attraktiven Poloshirt. Mit einem Rippstrickkragen, verst\u00e4rkten Nacken- und Schultern\u00e4hten sowie seitlichen Schlitzen. Erh\u00e4ltlich in verschiedenen Farben und passend zu den meisten unserer [&hellip;]<\/p>\n","protected":false},"featured_media":587348,"template":"","meta":[],"product_brand":[],"product_cat":[4193],"product_tag":[],"class_list":{"0":"post-587291","1":"product","2":"type-product","3":"status-publish","4":"has-post-thumbnail","6":"product_cat-polos","7":"pa_brand-blaklaeder","8":"pa_brand-type-workwear","9":"pa_filter-color-blau","10":"pa_filter-color-gelb","12":"first","13":"instock","14":"sale","15":"taxable","16":"shipping-taxable","17":"purchasable","18":"product-type-variable","19":"add-to-wishlist-before_image"},"exclude_global_add_ons":[],"addons":[],"acf":[],"_links":{"self":[{"href":"https:\/\/shop.kustom.ch\/en\/wp-json\/wp\/v2\/product\/587291"}],"collection":[{"href":"https:\/\/shop.kustom.ch\/en\/wp-json\/wp\/v2\/product"}],"about":[{"href":"https:\/\/shop.kustom.ch\/en\/wp-json\/wp\/v2\/types\/product"}],"wp:featuredmedia":[{"embeddable":true,"href":"https:\/\/shop.kustom.ch\/en\/wp-json\/wp\/v2\/media\/587348"}],"wp:attachment":[{"href":"https:\/\/shop.kustom.ch\/en\/wp-json\/wp\/v2\/media?parent=587291"}],"wp:term":[{"taxonomy":"product_brand","embeddable":true,"href":"https:\/\/shop.kustom.ch\/en\/wp-json\/wp\/v2\/product_brand?post=587291"},{"taxonomy":"product_cat","embeddable":true,"href":"https:\/\/shop.kustom.ch\/en\/wp-json\/wp\/v2\/product_cat?post=587291"},{"taxonomy":"product_tag","embeddable":true,"href":"https:\/\/shop.kustom.ch\/en\/wp-json\/wp\/v2\/product_tag?post=587291"}],"curies":[{"name":"wp","href":"https:\/\/api.w.org\/{rel}","templated":true}]}}