{"id":587247,"date":"2025-03-04T22:21:50","date_gmt":"2025-03-04T21:21:50","guid":{"rendered":"https:\/\/shop.kustom.ch\/?post_type=product&#038;p=587247"},"modified":"2026-03-31T08:49:31","modified_gmt":"2026-03-31T07:49:31","slug":"t-shirt-mit-uv-schutz","status":"publish","type":"product","link":"https:\/\/shop.kustom.ch\/en\/product\/t-shirt-mit-uv-schutz\/","title":{"rendered":"T-shirt with UV protection"},"content":{"rendered":"<p>Functional UV T-shirt with bamboo carbon fibre gives you a pleasantly light feeling while protecting you from strong sunlight. The fabric dries quickly and is therefore a good choice when it is warm. The fabric is certified to UPF 40+ solar UV protection properties.<\/p>\n<p>DETAILS: V-neck. Reinforced shoulder seams. MAIN FEATURES: Garden worker. FABRIC: Men's. green. UV protection. Profile. WASHING INSTRUCTIONS: Do not iron<\/p>\n<p>100% polyester, polo knit, moisture wicking, UV protection, 155 g\/m\u00b2<\/p>","protected":false},"excerpt":{"rendered":"<p>Funktionelles UV T-Shirt mit Baumbuskohlefaser gibt Ihnen ein angenehm leichtes Gef\u00fchl, w\u00e4hrend es Sie vor starker Sonneneinstrahlung sch\u00fctzt. Die Stoffe trocknen schnell und sind deswegen eine gute Wahl, wenn es warm ist. Der Stoff ist zertifiziert nach UPF 40+ Solar UV Schutz Eigenschaften. DETAILS: V-Ausschnitt. Verst\u00e4rkte Schultern\u00e4hte. HAUPTEIGENSCHAFTEN: Gartenarbeiter. STOFF: Herren. gr\u00fcn. UV-Schutz. Profil. WASCHANLEITUNG: [&hellip;]<\/p>\n","protected":false},"featured_media":587312,"template":"","meta":[],"product_brand":[],"product_cat":[4201],"product_tag":[],"class_list":{"0":"post-587247","1":"product","2":"type-product","3":"status-publish","4":"has-post-thumbnail","6":"product_cat-t-shirts","7":"pa_brand-blaklaeder","8":"pa_brand-type-workwear","9":"pa_filter-color-blau","10":"pa_filter-color-grau","11":"pa_filter-color-gruen","12":"pa_filter-color-schwarz","14":"first","15":"instock","16":"sale","17":"taxable","18":"shipping-taxable","19":"purchasable","20":"product-type-variable","21":"add-to-wishlist-before_image"},"exclude_global_add_ons":[],"addons":[],"acf":[],"_links":{"self":[{"href":"https:\/\/shop.kustom.ch\/en\/wp-json\/wp\/v2\/product\/587247"}],"collection":[{"href":"https:\/\/shop.kustom.ch\/en\/wp-json\/wp\/v2\/product"}],"about":[{"href":"https:\/\/shop.kustom.ch\/en\/wp-json\/wp\/v2\/types\/product"}],"wp:featuredmedia":[{"embeddable":true,"href":"https:\/\/shop.kustom.ch\/en\/wp-json\/wp\/v2\/media\/587312"}],"wp:attachment":[{"href":"https:\/\/shop.kustom.ch\/en\/wp-json\/wp\/v2\/media?parent=587247"}],"wp:term":[{"taxonomy":"product_brand","embeddable":true,"href":"https:\/\/shop.kustom.ch\/en\/wp-json\/wp\/v2\/product_brand?post=587247"},{"taxonomy":"product_cat","embeddable":true,"href":"https:\/\/shop.kustom.ch\/en\/wp-json\/wp\/v2\/product_cat?post=587247"},{"taxonomy":"product_tag","embeddable":true,"href":"https:\/\/shop.kustom.ch\/en\/wp-json\/wp\/v2\/product_tag?post=587247"}],"curies":[{"name":"wp","href":"https:\/\/api.w.org\/{rel}","templated":true}]}}