{"id":587181,"date":"2025-03-04T22:20:43","date_gmt":"2025-03-04T21:20:43","guid":{"rendered":"https:\/\/shop.kustom.ch\/?post_type=product&#038;p=587181"},"modified":"2026-03-31T08:49:29","modified_gmt":"2026-03-31T07:49:29","slug":"langarm-t-shirt","status":"publish","type":"product","link":"https:\/\/shop.kustom.ch\/en\/product\/langarm-t-shirt\/","title":{"rendered":"Long sleeve T-shirt"},"content":{"rendered":"<p>Single-coloured T-shirt with long sleeves. Ribbed knit, round neckline. Reinforced neck and shoulder seams.<\/p>\n<p>DETAILS: Round neck. Reinforced shoulder seams. MAIN FEATURES: Driver. FABRIC: Men's. white. Profile. WASHING INSTRUCTIONS: Do not bleach<\/p>\n<p>100% Cotton, rib knit, 260 g\/m\u00b2<\/p>","protected":false},"excerpt":{"rendered":"<p>Einfarbiges T-Shirt mit langen \u00c4rmeln. Rippenstrick, Rundhalsausschnitt. Verst\u00e4rkte Hals- und Schultern\u00e4hte. DETAILS: Rundhals. Verst\u00e4rkte Schultern\u00e4hte. HAUPTEIGENSCHAFTEN: Fahrer. STOFF: Herren. weiss. Profil. WASCHANLEITUNG: Nicht bleichen 100% Baumwolle, Rippenstrick, 260 g\/m\u00b2<\/p>","protected":false},"featured_media":587228,"template":"","meta":[],"product_brand":[],"product_cat":[4184],"product_tag":[],"class_list":{"0":"post-587181","1":"product","2":"type-product","3":"status-publish","4":"has-post-thumbnail","6":"product_cat-hoodies-pullover","7":"pa_brand-blaklaeder","8":"pa_brand-type-workwear","9":"pa_filter-color-blau","10":"pa_filter-color-grau","11":"pa_filter-color-schwarz","12":"pa_filter-color-weiss","14":"first","15":"instock","16":"sale","17":"taxable","18":"shipping-taxable","19":"purchasable","20":"product-type-variable","21":"add-to-wishlist-before_image"},"exclude_global_add_ons":[],"addons":[],"acf":[],"_links":{"self":[{"href":"https:\/\/shop.kustom.ch\/en\/wp-json\/wp\/v2\/product\/587181"}],"collection":[{"href":"https:\/\/shop.kustom.ch\/en\/wp-json\/wp\/v2\/product"}],"about":[{"href":"https:\/\/shop.kustom.ch\/en\/wp-json\/wp\/v2\/types\/product"}],"wp:featuredmedia":[{"embeddable":true,"href":"https:\/\/shop.kustom.ch\/en\/wp-json\/wp\/v2\/media\/587228"}],"wp:attachment":[{"href":"https:\/\/shop.kustom.ch\/en\/wp-json\/wp\/v2\/media?parent=587181"}],"wp:term":[{"taxonomy":"product_brand","embeddable":true,"href":"https:\/\/shop.kustom.ch\/en\/wp-json\/wp\/v2\/product_brand?post=587181"},{"taxonomy":"product_cat","embeddable":true,"href":"https:\/\/shop.kustom.ch\/en\/wp-json\/wp\/v2\/product_cat?post=587181"},{"taxonomy":"product_tag","embeddable":true,"href":"https:\/\/shop.kustom.ch\/en\/wp-json\/wp\/v2\/product_tag?post=587181"}],"curies":[{"name":"wp","href":"https:\/\/api.w.org\/{rel}","templated":true}]}}