{"id":587073,"date":"2025-03-04T22:19:29","date_gmt":"2025-03-04T21:19:29","guid":{"rendered":"https:\/\/shop.kustom.ch\/?post_type=product&#038;p=587073"},"modified":"2026-03-31T08:49:17","modified_gmt":"2026-03-31T07:49:17","slug":"damen-polo-shirt","status":"publish","type":"product","link":"https:\/\/shop.kustom.ch\/en\/product\/damen-polo-shirt\/","title":{"rendered":"Ladies polo shirt"},"content":{"rendered":"<p>Polo shirt in a ladies' cut. Rib-knit collar and cuffs. Reinforced neck and shoulder seams.<\/p>\n<p>FINISH: Rib-knitted cuffs. DETAILS: Neckline with buttons. Ribbed collar. Reinforced shoulder seams. Slits at the sides. FUNCTIONALITY: Women's size. MAIN FEATURES: Driver. FABRIC: Ladies. grey. Profile. WASHING INSTRUCTIONS: 60\u00b0 C<\/p>\n<p>100% Cotton, polo knit, 220 g\/m\u00b2<\/p>","protected":false},"excerpt":{"rendered":"<p>Poloshirt im Damenschnitt. Rippstrickkragen und -b\u00fcndchen. Verst\u00e4rkte Hals- und Schultern\u00e4hte. ABSCHLUSS: Rippstrickb\u00fcndchen. DETAILS: Halsausschnitt mit Kn\u00f6pfen. Gerippter Kragen. Verst\u00e4rkte Schultern\u00e4hte. Schlitze an den Seiten. FUNKTIONALIT\u00c4T: Damengr\u00f6sse. HAUPTEIGENSCHAFTEN: Fahrer. STOFF: Damen. grau. Profil. WASCHANLEITUNG: 60\u00b0 C 100% Baumwolle, Polo-Strick, 220 g\/m\u00b2<\/p>","protected":false},"featured_media":587111,"template":"","meta":[],"product_brand":[],"product_cat":[4201],"product_tag":[],"class_list":{"0":"post-587073","1":"product","2":"type-product","3":"status-publish","4":"has-post-thumbnail","6":"product_cat-t-shirts","7":"pa_brand-blaklaeder","8":"pa_brand-type-workwear","9":"pa_filter-color-grau","11":"first","12":"instock","13":"sale","14":"taxable","15":"shipping-taxable","16":"purchasable","17":"product-type-variable","18":"add-to-wishlist-before_image"},"exclude_global_add_ons":[],"addons":[],"acf":[],"_links":{"self":[{"href":"https:\/\/shop.kustom.ch\/en\/wp-json\/wp\/v2\/product\/587073"}],"collection":[{"href":"https:\/\/shop.kustom.ch\/en\/wp-json\/wp\/v2\/product"}],"about":[{"href":"https:\/\/shop.kustom.ch\/en\/wp-json\/wp\/v2\/types\/product"}],"wp:featuredmedia":[{"embeddable":true,"href":"https:\/\/shop.kustom.ch\/en\/wp-json\/wp\/v2\/media\/587111"}],"wp:attachment":[{"href":"https:\/\/shop.kustom.ch\/en\/wp-json\/wp\/v2\/media?parent=587073"}],"wp:term":[{"taxonomy":"product_brand","embeddable":true,"href":"https:\/\/shop.kustom.ch\/en\/wp-json\/wp\/v2\/product_brand?post=587073"},{"taxonomy":"product_cat","embeddable":true,"href":"https:\/\/shop.kustom.ch\/en\/wp-json\/wp\/v2\/product_cat?post=587073"},{"taxonomy":"product_tag","embeddable":true,"href":"https:\/\/shop.kustom.ch\/en\/wp-json\/wp\/v2\/product_tag?post=587073"}],"curies":[{"name":"wp","href":"https:\/\/api.w.org\/{rel}","templated":true}]}}