{"id":587003,"date":"2025-03-04T22:18:24","date_gmt":"2025-03-04T21:18:24","guid":{"rendered":"https:\/\/shop.kustom.ch\/?post_type=product&#038;p=587003"},"modified":"2026-03-31T08:49:13","modified_gmt":"2026-03-31T07:49:13","slug":"polo-shirt","status":"publish","type":"product","link":"https:\/\/shop.kustom.ch\/en\/product\/polo-shirt\/","title":{"rendered":"Polo Shirt"},"content":{"rendered":"<p>A polo shirt is perfect for work or a deliberately casual choice for the weekend. Details include a breast pocket and ribbed collar.<\/p>\n<p>FINISH: Rib-knitted cuffs. DETAILS: Neckline with buttons. Ribbed collar. Reinforced shoulder seams. MAIN FEATURES: Gardener. FABRIC: Men's. White. Profile. POCKET: Chest pocket. WASHING INSTRUCTIONS: Ironing - medium<\/p>\n<p>100% Cotton, polo knit, 220 g\/m\u00b2<\/p>","protected":false},"excerpt":{"rendered":"<p>Ein Polo-Shirt ist perfekt f\u00fcr die Arbeit oder die bewusst legere Wahl f\u00fcrs Wochenende. Details sind Brusttasche und Rippkragen. ABSCHLUSS: Rippstrickb\u00fcndchen. DETAILS: Halsausschnitt mit Kn\u00f6pfen. Gerippter Kragen. Verst\u00e4rkte Schultern\u00e4hte. HAUPTEIGENSCHAFTEN: Gartenarbeiter. STOFF: Herren. weiss. Profil. TASCHEN: Brusttasche. WASCHANLEITUNG: B\u00fcgeln &#8211; mittel 100% Baumwolle, Polo-Strick, 220 g\/m\u00b2<\/p>","protected":false},"featured_media":587065,"template":"","meta":[],"product_brand":[],"product_cat":[4201],"product_tag":[],"class_list":{"0":"post-587003","1":"product","2":"type-product","3":"status-publish","4":"has-post-thumbnail","6":"product_cat-t-shirts","7":"pa_brand-blaklaeder","8":"pa_brand-type-workwear","9":"pa_filter-color-blau","10":"pa_filter-color-grau","11":"pa_filter-color-rot","12":"pa_filter-color-schwarz","13":"pa_filter-color-weiss","15":"first","16":"instock","17":"sale","18":"taxable","19":"shipping-taxable","20":"purchasable","21":"product-type-variable","22":"add-to-wishlist-before_image"},"exclude_global_add_ons":[],"addons":[],"acf":[],"_links":{"self":[{"href":"https:\/\/shop.kustom.ch\/en\/wp-json\/wp\/v2\/product\/587003"}],"collection":[{"href":"https:\/\/shop.kustom.ch\/en\/wp-json\/wp\/v2\/product"}],"about":[{"href":"https:\/\/shop.kustom.ch\/en\/wp-json\/wp\/v2\/types\/product"}],"wp:featuredmedia":[{"embeddable":true,"href":"https:\/\/shop.kustom.ch\/en\/wp-json\/wp\/v2\/media\/587065"}],"wp:attachment":[{"href":"https:\/\/shop.kustom.ch\/en\/wp-json\/wp\/v2\/media?parent=587003"}],"wp:term":[{"taxonomy":"product_brand","embeddable":true,"href":"https:\/\/shop.kustom.ch\/en\/wp-json\/wp\/v2\/product_brand?post=587003"},{"taxonomy":"product_cat","embeddable":true,"href":"https:\/\/shop.kustom.ch\/en\/wp-json\/wp\/v2\/product_cat?post=587003"},{"taxonomy":"product_tag","embeddable":true,"href":"https:\/\/shop.kustom.ch\/en\/wp-json\/wp\/v2\/product_tag?post=587003"}],"curies":[{"name":"wp","href":"https:\/\/api.w.org\/{rel}","templated":true}]}}