{"id":586723,"date":"2025-03-04T22:14:14","date_gmt":"2025-03-04T21:14:14","guid":{"rendered":"https:\/\/shop.kustom.ch\/?post_type=product&#038;p=586723"},"modified":"2026-03-31T08:48:54","modified_gmt":"2026-03-31T07:48:54","slug":"langarmhemd","status":"publish","type":"product","link":"https:\/\/shop.kustom.ch\/en\/product\/langarmhemd\/","title":{"rendered":"Long sleeve shirt"},"content":{"rendered":"<p>Twill shirt in a loose fit with plastic buttons and cuffs. The shirt has a chest pocket with a lid and a pen pocket.<\/p>\n<p>CLOSURE: Cuffs with cuffs. DETAILS: Plastic buttons. FUNCTIONALITY: Loose fit. MAIN FEATURES: Driver. FABRIC: Men's. blue. Profile. POCKETS: Chest pocket with flap and pen pocket. WASHING INSTRUCTIONS: 60\u00b0 C<\/p>\n<p>65% polyester, 35% cotton, twill, 175 g\/m\u00b2<\/p>","protected":false},"excerpt":{"rendered":"<p>Twill shirt in a loose fit with plastic buttons and cuffs. The shirt has a chest pocket with a lid and a pen pocket. ABSCHLUSS: Armabschluss mit B\u00fcndchen. DETAILS: Kunststoff-Kn\u00f6pfe. FUNKTIONALIT\u00c4T: Lockere Passform. HAUPTEIGENSCHAFTEN: Fahrer. STOFF: Herren. blau. Profil. TASCHEN: Brusttasche mit Patte und Stifttasche. WASCHANLEITUNG: 60\u00b0 C 65% Polyester, 35% Baumwolle, K\u00f6per, 175 g\/m\u00b2<\/p>","protected":false},"featured_media":586771,"template":"","meta":[],"product_brand":[],"product_cat":[9874],"product_tag":[],"class_list":{"0":"post-586723","1":"product","2":"type-product","3":"status-publish","4":"has-post-thumbnail","6":"product_cat-hemden","7":"pa_brand-blaklaeder","8":"pa_brand-type-workwear","9":"pa_filter-color-blau","10":"pa_filter-color-grau","11":"pa_filter-color-schwarz","13":"first","14":"instock","15":"sale","16":"taxable","17":"shipping-taxable","18":"purchasable","19":"product-type-variable","20":"add-to-wishlist-before_image"},"exclude_global_add_ons":[],"addons":[],"acf":[],"_links":{"self":[{"href":"https:\/\/shop.kustom.ch\/en\/wp-json\/wp\/v2\/product\/586723"}],"collection":[{"href":"https:\/\/shop.kustom.ch\/en\/wp-json\/wp\/v2\/product"}],"about":[{"href":"https:\/\/shop.kustom.ch\/en\/wp-json\/wp\/v2\/types\/product"}],"wp:featuredmedia":[{"embeddable":true,"href":"https:\/\/shop.kustom.ch\/en\/wp-json\/wp\/v2\/media\/586771"}],"wp:attachment":[{"href":"https:\/\/shop.kustom.ch\/en\/wp-json\/wp\/v2\/media?parent=586723"}],"wp:term":[{"taxonomy":"product_brand","embeddable":true,"href":"https:\/\/shop.kustom.ch\/en\/wp-json\/wp\/v2\/product_brand?post=586723"},{"taxonomy":"product_cat","embeddable":true,"href":"https:\/\/shop.kustom.ch\/en\/wp-json\/wp\/v2\/product_cat?post=586723"},{"taxonomy":"product_tag","embeddable":true,"href":"https:\/\/shop.kustom.ch\/en\/wp-json\/wp\/v2\/product_tag?post=586723"}],"curies":[{"name":"wp","href":"https:\/\/api.w.org\/{rel}","templated":true}]}}