{"id":586700,"date":"2025-03-04T22:13:34","date_gmt":"2025-03-04T21:13:34","guid":{"rendered":"https:\/\/shop.kustom.ch\/?post_type=product&#038;p=586700"},"modified":"2026-03-31T08:48:53","modified_gmt":"2026-03-31T07:48:53","slug":"baumwollhemd-2","status":"publish","type":"product","link":"https:\/\/shop.kustom.ch\/en\/product\/baumwollhemd-2\/","title":{"rendered":"Cotton shirt"},"content":{"rendered":"<p>Loose-fitting twill shirt with cuffed sleeves. The shirt has a breast pocket with flap and a pen pocket.<\/p>\n<p>CLOSURE: Cuffs with cuffs. DETAILS: Metal press studs. FUNCTIONALITY: Loose fit. MAIN FEATURES: Fisherman. FABRIC: Men's. blue. Profile. POCKETS: Chest pocket with flap and pen pocket. WASHING INSTRUCTIONS: 40\u00b0 C<\/p>\n<p>100% Cotton, twill, 175 g\/m\u00b2<\/p>","protected":false},"excerpt":{"rendered":"<p>Locker sitzendes Twillhemd mit Manschetten\u00e4rmeln. Das Hemd hat eine Brusttasche mit Patte und eine Stifttasche. ABSCHLUSS: Armabschluss mit B\u00fcndchen. DETAILS: Metall-Druckkn\u00f6pfe. FUNKTIONALIT\u00c4T: Lockere Passform. HAUPTEIGENSCHAFTEN: Fischer. STOFF: Herren. blau. Profil. TASCHEN: Brusttasche mit Patte und Stifttasche. WASCHANLEITUNG: 40\u00b0 C 100% Baumwolle, K\u00f6per, 175 g\/m\u00b2<\/p>","protected":false},"featured_media":586746,"template":"","meta":[],"product_brand":[],"product_cat":[9874],"product_tag":[],"class_list":{"0":"post-586700","1":"product","2":"type-product","3":"status-publish","4":"has-post-thumbnail","6":"product_cat-hemden","7":"pa_brand-blaklaeder","8":"pa_brand-type-workwear","9":"pa_filter-color-blau","10":"pa_filter-color-grau","11":"pa_filter-color-schwarz","13":"first","14":"instock","15":"sale","16":"taxable","17":"shipping-taxable","18":"purchasable","19":"product-type-variable","20":"add-to-wishlist-before_image"},"exclude_global_add_ons":[],"addons":[],"acf":[],"_links":{"self":[{"href":"https:\/\/shop.kustom.ch\/en\/wp-json\/wp\/v2\/product\/586700"}],"collection":[{"href":"https:\/\/shop.kustom.ch\/en\/wp-json\/wp\/v2\/product"}],"about":[{"href":"https:\/\/shop.kustom.ch\/en\/wp-json\/wp\/v2\/types\/product"}],"wp:featuredmedia":[{"embeddable":true,"href":"https:\/\/shop.kustom.ch\/en\/wp-json\/wp\/v2\/media\/586746"}],"wp:attachment":[{"href":"https:\/\/shop.kustom.ch\/en\/wp-json\/wp\/v2\/media?parent=586700"}],"wp:term":[{"taxonomy":"product_brand","embeddable":true,"href":"https:\/\/shop.kustom.ch\/en\/wp-json\/wp\/v2\/product_brand?post=586700"},{"taxonomy":"product_cat","embeddable":true,"href":"https:\/\/shop.kustom.ch\/en\/wp-json\/wp\/v2\/product_cat?post=586700"},{"taxonomy":"product_tag","embeddable":true,"href":"https:\/\/shop.kustom.ch\/en\/wp-json\/wp\/v2\/product_tag?post=586700"}],"curies":[{"name":"wp","href":"https:\/\/api.w.org\/{rel}","templated":true}]}}