{"id":586644,"date":"2025-03-04T22:12:26","date_gmt":"2025-03-04T21:12:26","guid":{"rendered":"https:\/\/shop.kustom.ch\/?post_type=product&#038;p=586644"},"modified":"2026-03-31T08:48:47","modified_gmt":"2026-03-31T07:48:47","slug":"high-vis-arbeitshemd","status":"publish","type":"product","link":"https:\/\/shop.kustom.ch\/en\/product\/high-vis-arbeitshemd\/","title":{"rendered":"High Vis work shirt"},"content":{"rendered":"<p>Work shirt in a highly visible colour with contrasting colours on the sleeves, hem and collar to minimise dirt. This casual shirt has soft reflective stripes for increased visibility and two chest pockets, one with zip and one with flap. It also has a pen pocket with a concealed opening and a D-ring tab.<\/p>\n<p>CLOSURE: Adjustable cuffs with press stud. DETAILS: Label on the outside. Saddle seam at the back. Rubber-coated metal buttons. Collar. Shoulder sections in contrasting colour. FRONT CLOSURE: Fastened at the front with a press stud. FUNCTIONALITY: Casual fit. MAIN FEATURES: Craftsman. EN ISO 20471. REFLEX: Reflective stripes on body and sleeves. FABRIC: Men's. High-vis yellow. High visibility. POCKETS: Chest pocket with flap and pen pocket. WASHING INSTRUCTIONS: Home wash X 50, do not bleach. CERTIFICATION: EN ISO 20471, XS-L class 2, XL-&gt; class 3<\/p>\n<p>50% cotton, 50% polyester, cross twill, 180 g\/m\u00b2<\/p>","protected":false},"excerpt":{"rendered":"<p>Arbeitshemd in einer gut sichtbaren Farbe mit kontrastreichen Farben an den \u00c4rmeln, am Saum und am Kragen, um Schmutz zu minimieren. Dieses l\u00e4ssige Hemd verf\u00fcgt \u00fcber weiche Reflexstreifen f\u00fcr mehr Sichtbarkeit und zwei Brusttaschen, eine mit Reissverschluss und eine mit Patte. Ausserdem verf\u00fcgt es \u00fcber eine Stifttasche mit verdeckter \u00d6ffnung und eine D-Ring-Lasche. ABSCHLUSS: Verstellbare [&hellip;]<\/p>\n","protected":false},"featured_media":586711,"template":"","meta":[],"product_brand":[],"product_cat":[9874],"product_tag":[],"class_list":{"0":"post-586644","1":"product","2":"type-product","3":"status-publish","4":"has-post-thumbnail","6":"product_cat-hemden","7":"pa_brand-blaklaeder","8":"pa_brand-type-workwear","9":"pa_filter-color-blau","10":"pa_filter-color-gelb","11":"pa_filter-color-orange","12":"pa_filter-color-schwarz","14":"first","15":"instock","16":"sale","17":"taxable","18":"shipping-taxable","19":"purchasable","20":"product-type-variable","21":"add-to-wishlist-before_image"},"exclude_global_add_ons":[],"addons":[],"acf":[],"_links":{"self":[{"href":"https:\/\/shop.kustom.ch\/en\/wp-json\/wp\/v2\/product\/586644"}],"collection":[{"href":"https:\/\/shop.kustom.ch\/en\/wp-json\/wp\/v2\/product"}],"about":[{"href":"https:\/\/shop.kustom.ch\/en\/wp-json\/wp\/v2\/types\/product"}],"wp:featuredmedia":[{"embeddable":true,"href":"https:\/\/shop.kustom.ch\/en\/wp-json\/wp\/v2\/media\/586711"}],"wp:attachment":[{"href":"https:\/\/shop.kustom.ch\/en\/wp-json\/wp\/v2\/media?parent=586644"}],"wp:term":[{"taxonomy":"product_brand","embeddable":true,"href":"https:\/\/shop.kustom.ch\/en\/wp-json\/wp\/v2\/product_brand?post=586644"},{"taxonomy":"product_cat","embeddable":true,"href":"https:\/\/shop.kustom.ch\/en\/wp-json\/wp\/v2\/product_cat?post=586644"},{"taxonomy":"product_tag","embeddable":true,"href":"https:\/\/shop.kustom.ch\/en\/wp-json\/wp\/v2\/product_tag?post=586644"}],"curies":[{"name":"wp","href":"https:\/\/api.w.org\/{rel}","templated":true}]}}