{"id":586642,"date":"2025-03-04T22:12:25","date_gmt":"2025-03-04T21:12:25","guid":{"rendered":"https:\/\/shop.kustom.ch\/?post_type=product&#038;p=586642"},"modified":"2026-03-31T08:48:46","modified_gmt":"2026-03-31T07:48:46","slug":"multinorm-hemd-2","status":"publish","type":"product","link":"https:\/\/shop.kustom.ch\/en\/product\/multinorm-hemd-2\/","title":{"rendered":"Multinorm shirt"},"content":{"rendered":"<p>Flame-retardant and non-metallic multinorm shirt. The shirt is made from a fabric that guarantees a high level of comfort and freedom of movement. Certified according to EN 1149-5, EN ISO 20471, EN ISO 11612, IEC 61482-2, EN 13034, ATPV 8.5, cal\/ cm\u00b2.<\/p>\n<p>CLOSURE: Adjustable sleeve hem with concealed plastic press studs. DETAILS: External certification labels. Plastic press studs. Collar. Loop above the breast pocket for pens. FRONT CLOSURE: Front closure with press studs. FUNCTIONALITY: Metal-free. MAIN FEATURES: Craftsman. EN ISO 11612. REFLEX: Interrupted flame-retardant transfer reflective stripes. FABRIC: Men's. blue. Metal-free. Flame retardant. POCKETS: Chest pockets with flaps and press studs. WASHING INSTRUCTIONS: 60\u00b0 C. CERTIFICATION: EN 1149-5. EN 13034 PB (6). ATPV - 8.1 cal\/cm\u00b2. EN ISO 11612 A1, A2, B1, C1. Certification group C -&gt;S<\/p>\n<p>50% modacrylic, 32% cotton, 10% aramid, 5% polyamide, 3% antistatic, ripstop, flame-retardant, antistatic, 200g\/cm\u00b2<\/p>","protected":false},"excerpt":{"rendered":"<p>Flammhemmendes und nichtmetallisches Multinorm Hemd. Das Hemd ist aus einem Gewebe gefertigt, das einen hohen Tragekomfort und eine gute Bewegungsfreiheit garantiert. Zertifiziert nach EN 1149-5, EN ISO 20471, EN ISO 11612, IEC 61482-2, EN 13034. ATPV 8,5, cal\/ cm\u00b2. ABSCHLUSS: Einstellbarer \u00c4rmelsaum mit verdeckten Kunststoff-Druckkn\u00f6pfen. DETAILS: Aussenliegende Zertifizierungsetiketten. Kunststoff-Druckkn\u00f6pfe. Kragen. Schlaufe \u00fcber der Brusttasche f\u00fcr [&hellip;]<\/p>\n","protected":false},"featured_media":586690,"template":"","meta":[],"product_brand":[],"product_cat":[9874],"product_tag":[],"class_list":{"0":"post-586642","1":"product","2":"type-product","3":"status-publish","4":"has-post-thumbnail","6":"product_cat-hemden","7":"pa_brand-blaklaeder","8":"pa_brand-type-workwear","9":"pa_filter-color-blau","10":"pa_filter-color-gelb","12":"first","13":"instock","14":"sale","15":"taxable","16":"shipping-taxable","17":"purchasable","18":"product-type-variable","19":"add-to-wishlist-before_image"},"exclude_global_add_ons":[],"addons":[],"acf":[],"_links":{"self":[{"href":"https:\/\/shop.kustom.ch\/en\/wp-json\/wp\/v2\/product\/586642"}],"collection":[{"href":"https:\/\/shop.kustom.ch\/en\/wp-json\/wp\/v2\/product"}],"about":[{"href":"https:\/\/shop.kustom.ch\/en\/wp-json\/wp\/v2\/types\/product"}],"wp:featuredmedia":[{"embeddable":true,"href":"https:\/\/shop.kustom.ch\/en\/wp-json\/wp\/v2\/media\/586690"}],"wp:attachment":[{"href":"https:\/\/shop.kustom.ch\/en\/wp-json\/wp\/v2\/media?parent=586642"}],"wp:term":[{"taxonomy":"product_brand","embeddable":true,"href":"https:\/\/shop.kustom.ch\/en\/wp-json\/wp\/v2\/product_brand?post=586642"},{"taxonomy":"product_cat","embeddable":true,"href":"https:\/\/shop.kustom.ch\/en\/wp-json\/wp\/v2\/product_cat?post=586642"},{"taxonomy":"product_tag","embeddable":true,"href":"https:\/\/shop.kustom.ch\/en\/wp-json\/wp\/v2\/product_tag?post=586642"}],"curies":[{"name":"wp","href":"https:\/\/api.w.org\/{rel}","templated":true}]}}