{"id":586513,"date":"2025-03-04T22:09:45","date_gmt":"2025-03-04T21:09:45","guid":{"rendered":"https:\/\/shop.kustom.ch\/?post_type=product&#038;p=586513"},"modified":"2026-03-31T08:48:28","modified_gmt":"2026-03-31T07:48:28","slug":"damen-twill-hemd","status":"publish","type":"product","link":"https:\/\/shop.kustom.ch\/en\/product\/damen-twill-hemd\/","title":{"rendered":"Ladies twill shirt"},"content":{"rendered":"<p>A twill shirt in a ladies' cut with cuffs and plastic buttons on the sleeves. The shirt has breast pockets with flaps and one with a pen pocket.<\/p>\n<p>CLOSURE: Cuffs with cuffs. DETAILS: Plastic buttons. FUNCTIONALITY: Women's size. MAIN FEATURES: Floor layer. FABRIC: Ladies. blue. POCKETS: Chest pocket with flap and pen pocket. WASHING INSTRUCTIONS: Do not dry clean<\/p>\n<p>100% Cotton, twill, 175 g\/m\u00b2<\/p>","protected":false},"excerpt":{"rendered":"<p>Ein Hemd aus Twill im Damenschnitt mit B\u00fcndchen und Kunststoffkn\u00f6pfen an den \u00c4rmeln. Das Hemd hat Brusttaschen mit Patte und eine mit Stifttasche. ABSCHLUSS: Armabschluss mit B\u00fcndchen. DETAILS: Kunststoff-Kn\u00f6pfe. FUNKTIONALIT\u00c4T: Damengr\u00f6sse. HAUPTEIGENSCHAFTEN: Bodenleger. STOFF: Damen. blau. TASCHEN: Brusttasche mit Patte und Stifttasche. WASCHANLEITUNG: Nicht chemisch reinigen 100% Baumwolle, K\u00f6per, 175 g\/m\u00b2<\/p>","protected":false},"featured_media":586571,"template":"","meta":[],"product_brand":[],"product_cat":[9874],"product_tag":[],"class_list":{"0":"post-586513","1":"product","2":"type-product","3":"status-publish","4":"has-post-thumbnail","6":"product_cat-hemden","7":"pa_brand-blaklaeder","8":"pa_brand-type-workwear","9":"pa_filter-color-blau","10":"pa_filter-color-schwarz","12":"first","13":"instock","14":"sale","15":"taxable","16":"shipping-taxable","17":"purchasable","18":"product-type-variable","19":"add-to-wishlist-before_image"},"exclude_global_add_ons":[],"addons":[],"acf":[],"_links":{"self":[{"href":"https:\/\/shop.kustom.ch\/en\/wp-json\/wp\/v2\/product\/586513"}],"collection":[{"href":"https:\/\/shop.kustom.ch\/en\/wp-json\/wp\/v2\/product"}],"about":[{"href":"https:\/\/shop.kustom.ch\/en\/wp-json\/wp\/v2\/types\/product"}],"wp:featuredmedia":[{"embeddable":true,"href":"https:\/\/shop.kustom.ch\/en\/wp-json\/wp\/v2\/media\/586571"}],"wp:attachment":[{"href":"https:\/\/shop.kustom.ch\/en\/wp-json\/wp\/v2\/media?parent=586513"}],"wp:term":[{"taxonomy":"product_brand","embeddable":true,"href":"https:\/\/shop.kustom.ch\/en\/wp-json\/wp\/v2\/product_brand?post=586513"},{"taxonomy":"product_cat","embeddable":true,"href":"https:\/\/shop.kustom.ch\/en\/wp-json\/wp\/v2\/product_cat?post=586513"},{"taxonomy":"product_tag","embeddable":true,"href":"https:\/\/shop.kustom.ch\/en\/wp-json\/wp\/v2\/product_tag?post=586513"}],"curies":[{"name":"wp","href":"https:\/\/api.w.org\/{rel}","templated":true}]}}